{"id":5892,"date":"2026-03-09T02:44:24","date_gmt":"2026-03-09T01:44:24","guid":{"rendered":"https:\/\/vizomix.hu\/termek\/nike-pro-ferfi-kompresszios-rovidnadrag\/"},"modified":"2026-03-18T13:18:12","modified_gmt":"2026-03-18T12:18:12","slug":"nike-pro-ferfi-kompresszios-rovidnadrag","status":"publish","type":"product","link":"https:\/\/vizomix.hu\/en\/product\/nike-pro-ferfi-kompresszios-rovidnadrag\/","title":{"rendered":"Nike Pro f\u00e9rfi kompresszi\u00f3s r\u00f6vidnadr\u00e1g"},"content":{"rendered":"<p>A Nike Pro kompresszi\u00f3s r\u00f6vidnadr\u00e1g szoros, rugalmas kialak\u00edt\u00e1s\u00e1val stabil tart\u00e1st \u00e9s maxim\u00e1lis mozg\u00e1sszabads\u00e1got biztos\u00edt edz\u00e9s k\u00f6zben. A Dri-FIT technol\u00f3gia seg\u00edt elvezetni az izzads\u00e1got, \u00edgy sz\u00e1raz \u00e9s k\u00e9nyelmes \u00e9rzetet ny\u00fajt intenz\u00edv sportol\u00e1s sor\u00e1n. Ide\u00e1lis edz\u0151termi edz\u00e9sekhez, fut\u00e1shoz vagy m\u00e1s sporttev\u00e9kenys\u00e9gekhez.<\/p>\n<p>Jellemz\u0151k:<br \/>\n&#8211; Kompresszi\u00f3s, testhez\u00e1ll\u00f3 fazon<br \/>\n&#8211; Rugalmas der\u00e9kr\u00e9sz a biztos illeszked\u00e9s\u00e9rt<br \/>\n&#8211; L\u00e9g\u00e1tereszt\u0151, gyorsan sz\u00e1rad\u00f3 anyag<br \/>\n&#8211; Ide\u00e1lis edz\u00e9shez \u00e9s sportol\u00e1shoz<\/p>\n<p>Anyag\u00f6sszet\u00e9tel: 93% poli\u00e9szter, 7% elaszt\u00e1n<\/p>\n<p>Sz\u00edn: fekete \/ feh\u00e9r log\u00f3<br \/>\nA Nike Pro kompresszi\u00f3s r\u00f6vidnadr\u00e1g szoros, rugalmas kialak\u00edt\u00e1s\u00e1val stabil tart\u00e1st \u00e9s maxim\u00e1lis mozg\u00e1sszabads\u00e1got biztos\u00edt edz\u00e9s k\u00f6zben. A Dri-FIT technol\u00f3gia seg\u00edt elvezetni az izzads\u00e1got, \u00edgy sz\u00e1raz \u00e9s k\u00e9nyelmes \u00e9rzetet ny\u00fajt intenz\u00edv sportol\u00e1s sor\u00e1n. Ide\u00e1lis edz\u0151termi edz\u00e9sekhez, fut\u00e1shoz vagy m\u00e1s sporttev\u00e9kenys\u00e9gekhez.<\/p>\n<p>Jellemz\u0151k:<br \/>\n&#8211; Kompresszi\u00f3s, testhez\u00e1ll\u00f3 fazon<br \/>\n&#8211; Rugalmas der\u00e9kr\u00e9sz a biztos illeszked\u00e9s\u00e9rt<br \/>\n&#8211; L\u00e9g\u00e1tereszt\u0151, gyorsan sz\u00e1rad\u00f3 anyag<br \/>\n&#8211; Ide\u00e1lis edz\u00e9shez \u00e9s sportol\u00e1shoz<\/p>\n<p>Anyag\u00f6sszet\u00e9tel: 93% poli\u00e9szter, 7% elaszt\u00e1n<\/p>\n<p>Sz\u00edn: fekete \/ feh\u00e9r log\u00f3<br \/>\nModell: BV5635-010<br \/>\nM\u00e1rka: Nike<br \/>\nM\u00e1rka: Nike<\/p>","protected":false},"excerpt":{"rendered":"<p>A Nike Pro kompresszi\u00f3s r\u00f6vidnadr\u00e1g szoros, rugalmas kialak\u00edt\u00e1s\u00e1val stabil tart\u00e1st \u00e9s maxim\u00e1lis mozg\u00e1sszabads\u00e1got biztos\u00edt edz\u00e9s k\u00f6zben. A Dri-FIT technol\u00f3gia seg\u00edt<a class=\"read-more\" href=\"https:\/\/vizomix.hu\/en\/product\/nike-pro-ferfi-kompresszios-rovidnadrag\/\">Tov\u00e1bb<\/a><\/p>","protected":false},"featured_media":5888,"comment_status":"open","ping_status":"closed","template":"","meta":[],"product_brand":[82],"product_cat":[40],"product_tag":[],"class_list":{"0":"post-5892","1":"product","2":"type-product","3":"status-publish","4":"has-post-thumbnail","6":"product_brand-nike","7":"product_cat-rovidnadragok-shortok-bermudak","9":"first","10":"instock","11":"taxable","12":"shipping-taxable","13":"purchasable","14":"product-type-variable","15":"add-to-wishlist-before_add_to_cart"},"supplier_id":null,"supplier_sku":"","barcode":null,"atum_controlled":true,"out_stock_date":null,"out_stock_threshold":null,"inheritable":false,"inbound_stock":0,"stock_on_hold":0,"sold_today":0,"sales_last_days":0,"reserved_stock":0,"customer_returns":0,"warehouse_damage":0,"lost_in_post":0,"other_logs":0,"out_stock_days":0,"lost_sales":0,"has_location":false,"update_date":"2026-03-18T12:18:14","atum_locations":[],"atum_stock_status":"instock","restock_status":false,"low_stock_amount":"","sales_update_date":"2026-03-17T19:15:20","calc_backorders":null,"_links":{"self":[{"href":"https:\/\/vizomix.hu\/en\/wp-json\/wp\/v2\/product\/5892","targetHints":{"allow":["GET"]}}],"collection":[{"href":"https:\/\/vizomix.hu\/en\/wp-json\/wp\/v2\/product"}],"about":[{"href":"https:\/\/vizomix.hu\/en\/wp-json\/wp\/v2\/types\/product"}],"replies":[{"embeddable":true,"href":"https:\/\/vizomix.hu\/en\/wp-json\/wp\/v2\/comments?post=5892"}],"wp:featuredmedia":[{"embeddable":true,"href":"https:\/\/vizomix.hu\/en\/wp-json\/wp\/v2\/media\/5888"}],"wp:attachment":[{"href":"https:\/\/vizomix.hu\/en\/wp-json\/wp\/v2\/media?parent=5892"}],"wp:term":[{"taxonomy":"product_brand","embeddable":true,"href":"https:\/\/vizomix.hu\/en\/wp-json\/wp\/v2\/product_brand?post=5892"},{"taxonomy":"product_cat","embeddable":true,"href":"https:\/\/vizomix.hu\/en\/wp-json\/wp\/v2\/product_cat?post=5892"},{"taxonomy":"product_tag","embeddable":true,"href":"https:\/\/vizomix.hu\/en\/wp-json\/wp\/v2\/product_tag?post=5892"}],"curies":[{"name":"wp","href":"https:\/\/api.w.org\/{rel}","templated":true}]}}