{"id":5886,"date":"2026-03-09T02:32:58","date_gmt":"2026-03-09T01:32:58","guid":{"rendered":"https:\/\/vizomix.hu\/termek\/nike-cipzaras-pulover-csikos-gallerral\/"},"modified":"2026-03-19T13:28:47","modified_gmt":"2026-03-19T12:28:47","slug":"nike-cipzaras-pulover-csikos-gallerral","status":"publish","type":"product","link":"https:\/\/vizomix.hu\/en\/product\/nike-cipzaras-pulover-csikos-gallerral\/","title":{"rendered":"Nike cipz\u00e1ras pul\u00f3ver cs\u00edkos gall\u00e9rral"},"content":{"rendered":"<p>Nike cipz\u00e1ras pul\u00f3ver gall\u00e9rral<\/p>\n<p>K\u00e9nyelmes \u00e9s sportos Nike cipz\u00e1ras pul\u00f3ver gall\u00e9ros kialak\u00edt\u00e1ssal, amely ide\u00e1lis mindennapi viselethez vagy edz\u00e9shez. A puha anyag \u00e9s a r\u00e9szben vagy teljesen cipz\u00e1ras kialak\u00edt\u00e1s k\u00f6nny\u0171 fel- \u00e9s lev\u00e9telt biztos\u00edt, mik\u00f6zben modern, sportos megjelen\u00e9st ad. Sok modelln\u00e9l a Dri-FIT technol\u00f3gia seg\u00edt elvezetni az izzads\u00e1got, \u00edgy komfortos viseletet ny\u00fajt mozg\u00e1s k\u00f6zben.<\/p>\n<p>Jellemz\u0151k:<br \/>\n&#8211; Gall\u00e9ros, cipz\u00e1ras pul\u00f3ver<br \/>\n&#8211; Hossz\u00fa ujj\u00fa kialak\u00edt\u00e1s<br \/>\n&#8211; Puha, k\u00e9nyelmes anyag<br \/>\n&#8211; Sportos, lezser fazon<br \/>\n&#8211; Ide\u00e1lis sporthoz \u00e9s h\u00e9tk\u00f6znapi viselethez<\/p>\n<p>M\u00e1rka: Nike<br \/>\nT\u00edpus: cipz\u00e1ras pul\u00f3ver \/ training fels\u0151<\/p>","protected":false},"excerpt":{"rendered":"<p>Nike cipz\u00e1ras pul\u00f3ver gall\u00e9rral K\u00e9nyelmes \u00e9s sportos Nike cipz\u00e1ras pul\u00f3ver gall\u00e9ros kialak\u00edt\u00e1ssal, amely ide\u00e1lis mindennapi viselethez vagy edz\u00e9shez. A puha<a class=\"read-more\" href=\"https:\/\/vizomix.hu\/en\/product\/nike-cipzaras-pulover-csikos-gallerral\/\">Tov\u00e1bb<\/a><\/p>","protected":false},"featured_media":6778,"comment_status":"open","ping_status":"closed","template":"","meta":[],"product_brand":[82],"product_cat":[24],"product_tag":[],"class_list":{"0":"post-5886","1":"product","2":"type-product","3":"status-publish","4":"has-post-thumbnail","6":"product_brand-nike","7":"product_cat-puloverek","9":"first","10":"instock","11":"taxable","12":"shipping-taxable","13":"purchasable","14":"product-type-variable","15":"add-to-wishlist-before_add_to_cart"},"supplier_id":null,"supplier_sku":"","barcode":null,"atum_controlled":true,"out_stock_date":null,"out_stock_threshold":null,"inheritable":false,"inbound_stock":0,"stock_on_hold":0,"sold_today":0,"sales_last_days":0,"reserved_stock":0,"customer_returns":0,"warehouse_damage":0,"lost_in_post":0,"other_logs":0,"out_stock_days":0,"lost_sales":0,"has_location":false,"update_date":"2026-03-19T12:28:47","atum_locations":[],"atum_stock_status":"instock","restock_status":false,"low_stock_amount":"","sales_update_date":"2026-03-17T19:15:07","calc_backorders":null,"_links":{"self":[{"href":"https:\/\/vizomix.hu\/en\/wp-json\/wp\/v2\/product\/5886","targetHints":{"allow":["GET"]}}],"collection":[{"href":"https:\/\/vizomix.hu\/en\/wp-json\/wp\/v2\/product"}],"about":[{"href":"https:\/\/vizomix.hu\/en\/wp-json\/wp\/v2\/types\/product"}],"replies":[{"embeddable":true,"href":"https:\/\/vizomix.hu\/en\/wp-json\/wp\/v2\/comments?post=5886"}],"wp:featuredmedia":[{"embeddable":true,"href":"https:\/\/vizomix.hu\/en\/wp-json\/wp\/v2\/media\/6778"}],"wp:attachment":[{"href":"https:\/\/vizomix.hu\/en\/wp-json\/wp\/v2\/media?parent=5886"}],"wp:term":[{"taxonomy":"product_brand","embeddable":true,"href":"https:\/\/vizomix.hu\/en\/wp-json\/wp\/v2\/product_brand?post=5886"},{"taxonomy":"product_cat","embeddable":true,"href":"https:\/\/vizomix.hu\/en\/wp-json\/wp\/v2\/product_cat?post=5886"},{"taxonomy":"product_tag","embeddable":true,"href":"https:\/\/vizomix.hu\/en\/wp-json\/wp\/v2\/product_tag?post=5886"}],"curies":[{"name":"wp","href":"https:\/\/api.w.org\/{rel}","templated":true}]}}