{"id":5877,"date":"2026-03-09T02:28:55","date_gmt":"2026-03-09T01:28:55","guid":{"rendered":"https:\/\/vizomix.hu\/termek\/nike-pro-hypercool-ferfi-rovidnadrag\/"},"modified":"2026-03-28T11:30:04","modified_gmt":"2026-03-28T10:30:04","slug":"nike-pro-hypercool-ferfi-rovidnadrag","status":"publish","type":"product","link":"https:\/\/vizomix.hu\/en\/product\/nike-pro-hypercool-ferfi-rovidnadrag\/","title":{"rendered":"Nike Pro Hypercool f\u00e9rfi r\u00f6vidnadr\u00e1g"},"content":{"rendered":"<p>Nike Pro Hypercool f\u00e9rfi r\u00f6vidnadr\u00e1g<\/p>\n<p>K\u00f6nny\u0171 \u00e9s rugalmas Nike Pro Hypercool f\u00e9rfi sport r\u00f6vidnadr\u00e1g, amely ide\u00e1lis edz\u00e9shez, fut\u00e1shoz vagy intenz\u00edv sporttev\u00e9kenys\u00e9gekhez. A Hypercool technol\u00f3gia \u00e9s a Dri-FIT anyag seg\u00edt elvezetni az izzads\u00e1got, valamint fokozott szell\u0151z\u00e9st biztos\u00edt, \u00edgy a test h\u0171v\u00f6s \u00e9s sz\u00e1raz marad edz\u00e9s k\u00f6zben.<\/p>\n<p>Jellemz\u0151k:<br \/>\n&#8211; F\u00e9rfi sport \/ edz\u0151 r\u00f6vidnadr\u00e1g<br \/>\n&#8211; Hypercool technol\u00f3gia a jobb szell\u0151z\u00e9s\u00e9rt<br \/>\n&#8211; Dri-FIT izzads\u00e1gelvezet\u0151 anyag<br \/>\n&#8211; Kompresszi\u00f3s, testhez\u00e1ll\u00f3 fazon<br \/>\n&#8211; Lapos varr\u00e1sok a k\u00e9nyelmes viselet\u00e9rt<\/p>\n<p>Anyag\u00f6sszet\u00e9tel: kb. 84\u201386% poli\u00e9szter, 14\u201316% elaszt\u00e1n<\/p>\n<p>M\u00e1rka: Nike<br \/>\nKollekci\u00f3: Nike Pro Hypercool<br \/>\nT\u00edpus: f\u00e9rfi sport r\u00f6vidnadr\u00e1g<\/p>","protected":false},"excerpt":{"rendered":"<p>Nike Pro Hypercool f\u00e9rfi r\u00f6vidnadr\u00e1g K\u00f6nny\u0171 \u00e9s rugalmas Nike Pro Hypercool f\u00e9rfi sport r\u00f6vidnadr\u00e1g, amely ide\u00e1lis edz\u00e9shez, fut\u00e1shoz vagy intenz\u00edv<a class=\"read-more\" href=\"https:\/\/vizomix.hu\/en\/product\/nike-pro-hypercool-ferfi-rovidnadrag\/\">Tov\u00e1bb<\/a><\/p>","protected":false},"featured_media":5873,"comment_status":"open","ping_status":"closed","template":"","meta":[],"product_brand":[82],"product_cat":[40],"product_tag":[],"class_list":{"0":"post-5877","1":"product","2":"type-product","3":"status-publish","4":"has-post-thumbnail","6":"product_brand-nike","7":"product_cat-rovidnadragok-shortok-bermudak","9":"first","10":"instock","11":"featured","12":"taxable","13":"shipping-taxable","14":"purchasable","15":"product-type-variable","16":"add-to-wishlist-before_add_to_cart"},"supplier_id":null,"supplier_sku":"","barcode":null,"atum_controlled":true,"out_stock_date":null,"out_stock_threshold":null,"inheritable":false,"inbound_stock":0,"stock_on_hold":0,"sold_today":0,"sales_last_days":0,"reserved_stock":0,"customer_returns":0,"warehouse_damage":0,"lost_in_post":0,"other_logs":0,"out_stock_days":0,"lost_sales":0,"has_location":false,"update_date":"2026-03-28T10:30:05","atum_locations":[],"atum_stock_status":"instock","restock_status":false,"low_stock_amount":"","sales_update_date":"2026-03-17T19:15:20","calc_backorders":null,"_links":{"self":[{"href":"https:\/\/vizomix.hu\/en\/wp-json\/wp\/v2\/product\/5877","targetHints":{"allow":["GET"]}}],"collection":[{"href":"https:\/\/vizomix.hu\/en\/wp-json\/wp\/v2\/product"}],"about":[{"href":"https:\/\/vizomix.hu\/en\/wp-json\/wp\/v2\/types\/product"}],"replies":[{"embeddable":true,"href":"https:\/\/vizomix.hu\/en\/wp-json\/wp\/v2\/comments?post=5877"}],"wp:featuredmedia":[{"embeddable":true,"href":"https:\/\/vizomix.hu\/en\/wp-json\/wp\/v2\/media\/5873"}],"wp:attachment":[{"href":"https:\/\/vizomix.hu\/en\/wp-json\/wp\/v2\/media?parent=5877"}],"wp:term":[{"taxonomy":"product_brand","embeddable":true,"href":"https:\/\/vizomix.hu\/en\/wp-json\/wp\/v2\/product_brand?post=5877"},{"taxonomy":"product_cat","embeddable":true,"href":"https:\/\/vizomix.hu\/en\/wp-json\/wp\/v2\/product_cat?post=5877"},{"taxonomy":"product_tag","embeddable":true,"href":"https:\/\/vizomix.hu\/en\/wp-json\/wp\/v2\/product_tag?post=5877"}],"curies":[{"name":"wp","href":"https:\/\/api.w.org\/{rel}","templated":true}]}}