{"id":5871,"date":"2026-03-09T02:23:21","date_gmt":"2026-03-09T01:23:21","guid":{"rendered":"https:\/\/vizomix.hu\/termek\/nike-w-nk-one-dri-fit-swoosh-hbr-noi-atleta-narancssarga-triko\/"},"modified":"2026-03-18T13:18:12","modified_gmt":"2026-03-18T12:18:12","slug":"nike-w-nk-one-dri-fit-swoosh-hbr-noi-atleta-narancssarga-triko","status":"publish","type":"product","link":"https:\/\/vizomix.hu\/en\/product\/nike-w-nk-one-dri-fit-swoosh-hbr-noi-atleta-narancssarga-triko\/","title":{"rendered":"Nike W NK ONE Dri-FIT Swoosh HBR n\u0151i atl\u00e9ta \u2013 narancss\u00e1rga trik\u00f3"},"content":{"rendered":"<p>Nike W NK ONE Dri-FIT Swoosh HBR n\u0151i atl\u00e9ta \u2013 narancss\u00e1rga<\/p>\n<p>K\u00f6nny\u0171 \u00e9s k\u00e9nyelmes Nike n\u0151i sport atl\u00e9ta, amely ide\u00e1lis edz\u00e9shez, fut\u00e1shoz vagy fitneszhez. A Dri-FIT technol\u00f3gia seg\u00edt elvezetni az izzads\u00e1got, \u00edgy sz\u00e1raz \u00e9s komfortos \u00e9rzetet biztos\u00edt mozg\u00e1s k\u00f6zben. A racerback h\u00e1tkialak\u00edt\u00e1s \u00e9s a sz\u00e9les karny\u00edl\u00e1sok szabad mozg\u00e1st biztos\u00edtanak edz\u00e9s k\u00f6zben.<\/p>\n<p>Jellemz\u0151k:<br \/>\n&#8211; Ujjatlan n\u0151i sportfels\u0151<br \/>\n&#8211; Sz\u00edn: narancss\u00e1rga<br \/>\n&#8211; Dri-FIT izzads\u00e1gelvezet\u0151 technol\u00f3gia<br \/>\n&#8211; Racerback h\u00e1tkialak\u00edt\u00e1s a szabad mozg\u00e1s\u00e9rt<br \/>\n&#8211; K\u00f6nny\u0171, l\u00e9g\u00e1tereszt\u0151 anyag<\/p>\n<p>Anyag\u00f6sszet\u00e9tel: 100% poli\u00e9szter<\/p>\n<p>M\u00e1rka: Nike<br \/>\nModell: W NK ONE DF SWSH HBR TANK<\/p>","protected":false},"excerpt":{"rendered":"<p>Nike W NK ONE Dri-FIT Swoosh HBR n\u0151i atl\u00e9ta \u2013 narancss\u00e1rga K\u00f6nny\u0171 \u00e9s k\u00e9nyelmes Nike n\u0151i sport atl\u00e9ta, amely ide\u00e1lis<a class=\"read-more\" href=\"https:\/\/vizomix.hu\/en\/product\/nike-w-nk-one-dri-fit-swoosh-hbr-noi-atleta-narancssarga-triko\/\">Tov\u00e1bb<\/a><\/p>","protected":false},"featured_media":5869,"comment_status":"open","ping_status":"closed","template":"","meta":[],"product_brand":[82],"product_cat":[42],"product_tag":[],"class_list":{"0":"post-5871","1":"product","2":"type-product","3":"status-publish","4":"has-post-thumbnail","6":"product_brand-nike","7":"product_cat-felso-ruhazat-top-triko-polo-body-felsoresz","9":"first","10":"instock","11":"taxable","12":"shipping-taxable","13":"purchasable","14":"product-type-variable","15":"add-to-wishlist-before_add_to_cart"},"supplier_id":null,"supplier_sku":"","barcode":null,"atum_controlled":true,"out_stock_date":null,"out_stock_threshold":null,"inheritable":false,"inbound_stock":0,"stock_on_hold":0,"sold_today":0,"sales_last_days":0,"reserved_stock":0,"customer_returns":0,"warehouse_damage":0,"lost_in_post":0,"other_logs":0,"out_stock_days":0,"lost_sales":0,"has_location":false,"update_date":"2026-03-18T12:18:14","atum_locations":[],"atum_stock_status":"instock","restock_status":false,"low_stock_amount":"","sales_update_date":"2026-03-17T19:15:07","calc_backorders":null,"_links":{"self":[{"href":"https:\/\/vizomix.hu\/en\/wp-json\/wp\/v2\/product\/5871","targetHints":{"allow":["GET"]}}],"collection":[{"href":"https:\/\/vizomix.hu\/en\/wp-json\/wp\/v2\/product"}],"about":[{"href":"https:\/\/vizomix.hu\/en\/wp-json\/wp\/v2\/types\/product"}],"replies":[{"embeddable":true,"href":"https:\/\/vizomix.hu\/en\/wp-json\/wp\/v2\/comments?post=5871"}],"wp:featuredmedia":[{"embeddable":true,"href":"https:\/\/vizomix.hu\/en\/wp-json\/wp\/v2\/media\/5869"}],"wp:attachment":[{"href":"https:\/\/vizomix.hu\/en\/wp-json\/wp\/v2\/media?parent=5871"}],"wp:term":[{"taxonomy":"product_brand","embeddable":true,"href":"https:\/\/vizomix.hu\/en\/wp-json\/wp\/v2\/product_brand?post=5871"},{"taxonomy":"product_cat","embeddable":true,"href":"https:\/\/vizomix.hu\/en\/wp-json\/wp\/v2\/product_cat?post=5871"},{"taxonomy":"product_tag","embeddable":true,"href":"https:\/\/vizomix.hu\/en\/wp-json\/wp\/v2\/product_tag?post=5871"}],"curies":[{"name":"wp","href":"https:\/\/api.w.org\/{rel}","templated":true}]}}