{"id":587,"date":"2026-02-10T17:40:08","date_gmt":"2026-02-10T16:40:08","guid":{"rendered":"https:\/\/vizomix.hu\/termek\/zara-madeira-hosszu-ruha\/"},"modified":"2026-03-19T16:16:47","modified_gmt":"2026-03-19T15:16:47","slug":"zara-madeira-hosszu-ruha","status":"publish","type":"product","link":"https:\/\/vizomix.hu\/en\/product\/zara-madeira-hosszu-ruha\/","title":{"rendered":"Zara feh\u00e9r 100% pamut Madeira hossz\u00fa ruha"},"content":{"rendered":"<p>Zara feh\u00e9r 100% pamut Madeira hossz\u00fa ruha<\/p>\n<p>K\u00e9nyelmes \u00e9s st\u00edlusos hossz\u00fa ruha, ide\u00e1lis mindennapi viselethez vagy ny\u00e1ri alkalmakra. A 100% pamut Madeira anyag l\u00e9g\u00e1tereszt\u0151 \u00e9s puha, \u00edgy k\u00f6nny\u0171, k\u00e9nyelmes viseletet biztos\u00edt.<\/p>\n<p>El\u00fcls\u0151 gombos megold\u00e1sa praktikus \u00e9s eleg\u00e1ns r\u00e9szlet, m\u00edg a laza, lezser fazon modern, k\u00e9nyelmes st\u00edlust k\u00f6lcs\u00f6n\u00f6z. T\u00f6k\u00e9letes v\u00e1laszt\u00e1s h\u00e9tk\u00f6znapi szettekhez, s\u00e9t\u00e1khoz vagy nyaral\u00e1shoz.<br \/>\nM\u00e9retez\u00e9s: nagyobb m\u00e9ret<\/p>","protected":false},"excerpt":{"rendered":"<p>Zara feh\u00e9r 100% pamut Madeira hossz\u00fa ruha K\u00e9nyelmes \u00e9s st\u00edlusos hossz\u00fa ruha, ide\u00e1lis mindennapi viselethez vagy ny\u00e1ri alkalmakra. A 100%<a class=\"read-more\" href=\"https:\/\/vizomix.hu\/en\/product\/zara-madeira-hosszu-ruha\/\">Tov\u00e1bb<\/a><\/p>","protected":false},"featured_media":6941,"comment_status":"open","ping_status":"closed","template":"","meta":[],"product_brand":[76],"product_cat":[33],"product_tag":[],"class_list":{"0":"post-587","1":"product","2":"type-product","3":"status-publish","4":"has-post-thumbnail","6":"product_brand-zara","7":"product_cat-hosszu-ruhak-midi-ruhak-overalok","9":"first","10":"instock","11":"taxable","12":"shipping-taxable","13":"purchasable","14":"product-type-variable","15":"add-to-wishlist-before_add_to_cart"},"supplier_id":null,"supplier_sku":"","barcode":null,"atum_controlled":true,"out_stock_date":null,"out_stock_threshold":null,"inheritable":false,"inbound_stock":0,"stock_on_hold":0,"sold_today":0,"sales_last_days":0,"reserved_stock":0,"customer_returns":0,"warehouse_damage":0,"lost_in_post":0,"other_logs":0,"out_stock_days":0,"lost_sales":0,"has_location":false,"update_date":"2026-03-19T15:16:48","atum_locations":[],"atum_stock_status":"instock","restock_status":false,"low_stock_amount":"","sales_update_date":"2026-03-17T19:15:20","calc_backorders":null,"_links":{"self":[{"href":"https:\/\/vizomix.hu\/en\/wp-json\/wp\/v2\/product\/587","targetHints":{"allow":["GET"]}}],"collection":[{"href":"https:\/\/vizomix.hu\/en\/wp-json\/wp\/v2\/product"}],"about":[{"href":"https:\/\/vizomix.hu\/en\/wp-json\/wp\/v2\/types\/product"}],"replies":[{"embeddable":true,"href":"https:\/\/vizomix.hu\/en\/wp-json\/wp\/v2\/comments?post=587"}],"wp:featuredmedia":[{"embeddable":true,"href":"https:\/\/vizomix.hu\/en\/wp-json\/wp\/v2\/media\/6941"}],"wp:attachment":[{"href":"https:\/\/vizomix.hu\/en\/wp-json\/wp\/v2\/media?parent=587"}],"wp:term":[{"taxonomy":"product_brand","embeddable":true,"href":"https:\/\/vizomix.hu\/en\/wp-json\/wp\/v2\/product_brand?post=587"},{"taxonomy":"product_cat","embeddable":true,"href":"https:\/\/vizomix.hu\/en\/wp-json\/wp\/v2\/product_cat?post=587"},{"taxonomy":"product_tag","embeddable":true,"href":"https:\/\/vizomix.hu\/en\/wp-json\/wp\/v2\/product_tag?post=587"}],"curies":[{"name":"wp","href":"https:\/\/api.w.org\/{rel}","templated":true}]}}