{"id":5867,"date":"2026-03-09T02:18:56","date_gmt":"2026-03-09T01:18:56","guid":{"rendered":"https:\/\/vizomix.hu\/termek\/nike-dri-fit-perforalt-noi-sporttriko-menta\/"},"modified":"2026-03-18T13:18:13","modified_gmt":"2026-03-18T12:18:13","slug":"nike-dri-fit-perforalt-noi-sporttriko-menta","status":"publish","type":"product","link":"https:\/\/vizomix.hu\/en\/product\/nike-dri-fit-perforalt-noi-sporttriko-menta\/","title":{"rendered":"Nike Dri-FIT perfor\u00e1lt n\u0151i sporttrik\u00f3 \u2013 menta"},"content":{"rendered":"<p>Nike Dri-FIT perfor\u00e1lt n\u0151i sporttrik\u00f3 \u2013 menta<\/p>\n<p>K\u00f6nny\u0171 \u00e9s l\u00e9g\u00e1tereszt\u0151 Nike Dri-FIT sporttrik\u00f3 friss menta sz\u00ednben. A perfor\u00e1lt anyag seg\u00edti a szell\u0151z\u00e9st, m\u00edg a Dri-FIT technol\u00f3gia elvezeti az izzads\u00e1got, \u00edgy edz\u00e9s k\u00f6zben sz\u00e1raz \u00e9s komfortos \u00e9rzetet biztos\u00edt. A rugalmas, ujjatlan kialak\u00edt\u00e1s szabad mozg\u00e1st ny\u00fajt fut\u00e1shoz, fitneszhez vagy edz\u0151termi haszn\u00e1latra.<\/p>\n<p>Jellemz\u0151k:<br \/>\n&#8211; Ujjatlan sporttrik\u00f3<br \/>\n&#8211; Sz\u00edn: menta<br \/>\n&#8211; Perfor\u00e1lt, j\u00f3l szell\u0151z\u0151 anyag<br \/>\n&#8211; Dri-FIT izzads\u00e1gelvezet\u0151 technol\u00f3gia<br \/>\n&#8211; K\u00f6nny\u0171, sportos fazon<\/p>\n<p>M\u00e1rka: Nike<br \/>\nT\u00edpus: n\u0151i sport \/ edz\u0151 trik\u00f3<\/p>","protected":false},"excerpt":{"rendered":"<p>Nike Dri-FIT perfor\u00e1lt n\u0151i sporttrik\u00f3 \u2013 menta K\u00f6nny\u0171 \u00e9s l\u00e9g\u00e1tereszt\u0151 Nike Dri-FIT sporttrik\u00f3 friss menta sz\u00ednben. A perfor\u00e1lt anyag seg\u00edti<a class=\"read-more\" href=\"https:\/\/vizomix.hu\/en\/product\/nike-dri-fit-perforalt-noi-sporttriko-menta\/\">Tov\u00e1bb<\/a><\/p>","protected":false},"featured_media":5865,"comment_status":"open","ping_status":"closed","template":"","meta":[],"product_brand":[82],"product_cat":[42],"product_tag":[],"class_list":{"0":"post-5867","1":"product","2":"type-product","3":"status-publish","4":"has-post-thumbnail","6":"product_brand-nike","7":"product_cat-felso-ruhazat-top-triko-polo-body-felsoresz","9":"first","10":"instock","11":"taxable","12":"shipping-taxable","13":"purchasable","14":"product-type-variable","15":"add-to-wishlist-before_add_to_cart"},"supplier_id":null,"supplier_sku":"","barcode":null,"atum_controlled":true,"out_stock_date":null,"out_stock_threshold":null,"inheritable":false,"inbound_stock":0,"stock_on_hold":0,"sold_today":0,"sales_last_days":0,"reserved_stock":0,"customer_returns":0,"warehouse_damage":0,"lost_in_post":0,"other_logs":0,"out_stock_days":0,"lost_sales":0,"has_location":false,"update_date":"2026-03-18T12:18:14","atum_locations":[],"atum_stock_status":"instock","restock_status":false,"low_stock_amount":"","sales_update_date":"2026-03-17T19:15:07","calc_backorders":null,"_links":{"self":[{"href":"https:\/\/vizomix.hu\/en\/wp-json\/wp\/v2\/product\/5867","targetHints":{"allow":["GET"]}}],"collection":[{"href":"https:\/\/vizomix.hu\/en\/wp-json\/wp\/v2\/product"}],"about":[{"href":"https:\/\/vizomix.hu\/en\/wp-json\/wp\/v2\/types\/product"}],"replies":[{"embeddable":true,"href":"https:\/\/vizomix.hu\/en\/wp-json\/wp\/v2\/comments?post=5867"}],"wp:featuredmedia":[{"embeddable":true,"href":"https:\/\/vizomix.hu\/en\/wp-json\/wp\/v2\/media\/5865"}],"wp:attachment":[{"href":"https:\/\/vizomix.hu\/en\/wp-json\/wp\/v2\/media?parent=5867"}],"wp:term":[{"taxonomy":"product_brand","embeddable":true,"href":"https:\/\/vizomix.hu\/en\/wp-json\/wp\/v2\/product_brand?post=5867"},{"taxonomy":"product_cat","embeddable":true,"href":"https:\/\/vizomix.hu\/en\/wp-json\/wp\/v2\/product_cat?post=5867"},{"taxonomy":"product_tag","embeddable":true,"href":"https:\/\/vizomix.hu\/en\/wp-json\/wp\/v2\/product_tag?post=5867"}],"curies":[{"name":"wp","href":"https:\/\/api.w.org\/{rel}","templated":true}]}}