{"id":5855,"date":"2026-03-09T01:57:34","date_gmt":"2026-03-09T00:57:34","guid":{"rendered":"https:\/\/vizomix.hu\/termek\/nike-sportswear-windrunner-trench-jacket-kabat\/"},"modified":"2026-03-28T11:21:19","modified_gmt":"2026-03-28T10:21:19","slug":"nike-sportswear-windrunner-trench-jacket-kabat","status":"publish","type":"product","link":"https:\/\/vizomix.hu\/en\/product\/nike-sportswear-windrunner-trench-jacket-kabat\/","title":{"rendered":"Nike Sportswear Windrunner Trench Jacket\/kab\u00e1t"},"content":{"rendered":"<p>Nike Sportswear Windrunner Trench Jacket<\/p>\n<p>St\u00edlusos \u00e9s praktikus Nike Sportswear Windrunner trench kab\u00e1t, amely sportos megjelen\u00e9st \u00e9s id\u0151j\u00e1r\u00e1s elleni v\u00e9delmet biztos\u00edt. A k\u00f6nny\u0171, tart\u00f3s anyag \u00e9s a hosszabb fazon k\u00e9nyelmes viseletet ny\u00fajt a mindennapokban.<\/p>\n<p>Jellemz\u0151k:<br \/>\n&#8211; Hossz\u00edtott trench fazon<br \/>\n&#8211; Kapucnis kialak\u00edt\u00e1s \u00e1ll\u00edthat\u00f3 zsin\u00f3rokkal<br \/>\n&#8211; El\u00f6l cipz\u00e1ras z\u00e1r\u00f3d\u00e1s \u00e9s praktikus zsebek<br \/>\n&#8211; K\u00f6nny\u0171, tart\u00f3s anyag<br \/>\n&#8211; K\u00e9nyelmes, sportos megjelen\u00e9s<\/p>\n<p>Anyag\u00f6sszet\u00e9tel:<\/p>\n<p>K\u00fcls\u0151: 100% nylon<\/p>\n<p>B\u00e9l\u00e9s: 100% poli\u00e9szter<\/p>\n<p>M\u00e1rka: Nike<br \/>\nKollekci\u00f3: Nike Sportswear Windrunner<\/p>","protected":false},"excerpt":{"rendered":"<p>Nike Sportswear Windrunner Trench Jacket St\u00edlusos \u00e9s praktikus Nike Sportswear Windrunner trench kab\u00e1t, amely sportos megjelen\u00e9st \u00e9s id\u0151j\u00e1r\u00e1s elleni v\u00e9delmet<a class=\"read-more\" href=\"https:\/\/vizomix.hu\/en\/product\/nike-sportswear-windrunner-trench-jacket-kabat\/\">Tov\u00e1bb<\/a><\/p>","protected":false},"featured_media":5853,"comment_status":"open","ping_status":"closed","template":"","meta":[],"product_brand":[82],"product_cat":[35],"product_tag":[],"class_list":{"0":"post-5855","1":"product","2":"type-product","3":"status-publish","4":"has-post-thumbnail","6":"product_brand-nike","7":"product_cat-atmeneti-kabatok","9":"first","10":"instock","11":"taxable","12":"shipping-taxable","13":"purchasable","14":"product-type-variable","15":"add-to-wishlist-before_add_to_cart"},"supplier_id":null,"supplier_sku":"","barcode":null,"atum_controlled":true,"out_stock_date":null,"out_stock_threshold":null,"inheritable":false,"inbound_stock":0,"stock_on_hold":0,"sold_today":0,"sales_last_days":0,"reserved_stock":0,"customer_returns":0,"warehouse_damage":0,"lost_in_post":0,"other_logs":0,"out_stock_days":0,"lost_sales":0,"has_location":false,"update_date":"2026-03-28T10:21:20","atum_locations":[],"atum_stock_status":"instock","restock_status":false,"low_stock_amount":"","sales_update_date":"2026-03-17T19:15:08","calc_backorders":null,"_links":{"self":[{"href":"https:\/\/vizomix.hu\/en\/wp-json\/wp\/v2\/product\/5855","targetHints":{"allow":["GET"]}}],"collection":[{"href":"https:\/\/vizomix.hu\/en\/wp-json\/wp\/v2\/product"}],"about":[{"href":"https:\/\/vizomix.hu\/en\/wp-json\/wp\/v2\/types\/product"}],"replies":[{"embeddable":true,"href":"https:\/\/vizomix.hu\/en\/wp-json\/wp\/v2\/comments?post=5855"}],"wp:featuredmedia":[{"embeddable":true,"href":"https:\/\/vizomix.hu\/en\/wp-json\/wp\/v2\/media\/5853"}],"wp:attachment":[{"href":"https:\/\/vizomix.hu\/en\/wp-json\/wp\/v2\/media?parent=5855"}],"wp:term":[{"taxonomy":"product_brand","embeddable":true,"href":"https:\/\/vizomix.hu\/en\/wp-json\/wp\/v2\/product_brand?post=5855"},{"taxonomy":"product_cat","embeddable":true,"href":"https:\/\/vizomix.hu\/en\/wp-json\/wp\/v2\/product_cat?post=5855"},{"taxonomy":"product_tag","embeddable":true,"href":"https:\/\/vizomix.hu\/en\/wp-json\/wp\/v2\/product_tag?post=5855"}],"curies":[{"name":"wp","href":"https:\/\/api.w.org\/{rel}","templated":true}]}}