{"id":5851,"date":"2026-03-09T01:45:43","date_gmt":"2026-03-09T00:45:43","guid":{"rendered":"https:\/\/vizomix.hu\/termek\/nike-swoosh-futura-noi-training-sportmelltarto-feher\/"},"modified":"2026-03-18T13:18:13","modified_gmt":"2026-03-18T12:18:13","slug":"nike-swoosh-futura-noi-training-sportmelltarto-feher","status":"publish","type":"product","link":"https:\/\/vizomix.hu\/en\/product\/nike-swoosh-futura-noi-training-sportmelltarto-feher\/","title":{"rendered":"Nike Swoosh Futura n\u0151i training sportmelltart\u00f3 \u2013 feh\u00e9r"},"content":{"rendered":"<p>Nike Swoosh Futura n\u0151i training sportmelltart\u00f3 \u2013 feh\u00e9r<\/p>\n<p>K\u00e9nyelmes \u00e9s sportos Nike Swoosh Futura n\u0151i sportmelltart\u00f3, amely ide\u00e1lis edz\u00e9shez, fitneszhez vagy mindennapi sportos viselethez. A Dri-FIT technol\u00f3gia seg\u00edt elvezetni az izzads\u00e1got, \u00edgy sz\u00e1raz \u00e9s komfortos \u00e9rzetet biztos\u00edt mozg\u00e1s k\u00f6zben. A rugalmas anyag \u00e9s a sportos h\u00e1tkialak\u00edt\u00e1s szabad mozg\u00e1st \u00e9s stabil tart\u00e1st ad edz\u00e9s sor\u00e1n.<\/p>\n<p>Jellemz\u0151k:<br \/>\n&#8211; N\u0151i training sportmelltart\u00f3<br \/>\n&#8211; Sz\u00edn: feh\u00e9r<br \/>\n&#8211; K\u00f6zepes tart\u00e1s edz\u00e9shez<br \/>\n&#8211; Sportos racerback h\u00e1tkialak\u00edt\u00e1s<br \/>\n&#8211; Rugalmas als\u00f3 p\u00e1nt a k\u00e9nyelmes illeszked\u00e9s\u00e9rt<\/p>\n<p>Anyag\u00f6sszet\u00e9tel: kb. 82\u201388% poli\u00e9szter, 12\u201318% elaszt\u00e1n<\/p>\n<p>M\u00e1rka: Nike<br \/>\nModell: Swoosh Futura Training Bra<\/p>","protected":false},"excerpt":{"rendered":"<p>Nike Swoosh Futura n\u0151i training sportmelltart\u00f3 \u2013 feh\u00e9r K\u00e9nyelmes \u00e9s sportos Nike Swoosh Futura n\u0151i sportmelltart\u00f3, amely ide\u00e1lis edz\u00e9shez, fitneszhez<a class=\"read-more\" href=\"https:\/\/vizomix.hu\/en\/product\/nike-swoosh-futura-noi-training-sportmelltarto-feher\/\">Tov\u00e1bb<\/a><\/p>","protected":false},"featured_media":5848,"comment_status":"open","ping_status":"closed","template":"","meta":[],"product_brand":[82],"product_cat":[123],"product_tag":[],"class_list":{"0":"post-5851","1":"product","2":"type-product","3":"status-publish","4":"has-post-thumbnail","6":"product_brand-nike","7":"product_cat-fehernemuk","9":"first","10":"instock","11":"taxable","12":"shipping-taxable","13":"purchasable","14":"product-type-variable","15":"add-to-wishlist-before_add_to_cart"},"supplier_id":null,"supplier_sku":"","barcode":null,"atum_controlled":true,"out_stock_date":null,"out_stock_threshold":null,"inheritable":false,"inbound_stock":0,"stock_on_hold":0,"sold_today":0,"sales_last_days":0,"reserved_stock":0,"customer_returns":0,"warehouse_damage":0,"lost_in_post":0,"other_logs":0,"out_stock_days":0,"lost_sales":0,"has_location":false,"update_date":"2026-03-18T12:18:14","atum_locations":[],"atum_stock_status":"instock","restock_status":false,"low_stock_amount":"","sales_update_date":"2026-03-17T19:15:08","calc_backorders":null,"_links":{"self":[{"href":"https:\/\/vizomix.hu\/en\/wp-json\/wp\/v2\/product\/5851","targetHints":{"allow":["GET"]}}],"collection":[{"href":"https:\/\/vizomix.hu\/en\/wp-json\/wp\/v2\/product"}],"about":[{"href":"https:\/\/vizomix.hu\/en\/wp-json\/wp\/v2\/types\/product"}],"replies":[{"embeddable":true,"href":"https:\/\/vizomix.hu\/en\/wp-json\/wp\/v2\/comments?post=5851"}],"wp:featuredmedia":[{"embeddable":true,"href":"https:\/\/vizomix.hu\/en\/wp-json\/wp\/v2\/media\/5848"}],"wp:attachment":[{"href":"https:\/\/vizomix.hu\/en\/wp-json\/wp\/v2\/media?parent=5851"}],"wp:term":[{"taxonomy":"product_brand","embeddable":true,"href":"https:\/\/vizomix.hu\/en\/wp-json\/wp\/v2\/product_brand?post=5851"},{"taxonomy":"product_cat","embeddable":true,"href":"https:\/\/vizomix.hu\/en\/wp-json\/wp\/v2\/product_cat?post=5851"},{"taxonomy":"product_tag","embeddable":true,"href":"https:\/\/vizomix.hu\/en\/wp-json\/wp\/v2\/product_tag?post=5851"}],"curies":[{"name":"wp","href":"https:\/\/api.w.org\/{rel}","templated":true}]}}