{"id":5844,"date":"2026-03-09T01:40:36","date_gmt":"2026-03-09T00:40:36","guid":{"rendered":"https:\/\/vizomix.hu\/termek\/nike-kek-performance-pro-noi-sportmelltarto\/"},"modified":"2026-03-18T13:18:13","modified_gmt":"2026-03-18T12:18:13","slug":"nike-kek-performance-pro-noi-sportmelltarto","status":"publish","type":"product","link":"https:\/\/vizomix.hu\/en\/product\/nike-kek-performance-pro-noi-sportmelltarto\/","title":{"rendered":"Nike k\u00e9k performance pro n\u0151i sportmelltart\u00f3"},"content":{"rendered":"<p>Nike Performance Pro n\u0151i sportmelltart\u00f3 \u2013 k\u00e9k<\/p>\n<p>K\u00e9nyelmes \u00e9s stabil tart\u00e1st biztos\u00edt\u00f3 Nike Performance Pro n\u0151i sportmelltart\u00f3, amely ide\u00e1lis edz\u00e9shez, fut\u00e1shoz vagy fitneszhez. A rugalmas, l\u00e9g\u00e1tereszt\u0151 anyag \u00e9s a Dri-FIT technol\u00f3gia seg\u00edt elvezetni az izzads\u00e1got, \u00edgy sz\u00e1raz \u00e9s komfortos \u00e9rzetet biztos\u00edt mozg\u00e1s k\u00f6zben.<\/p>\n<p>Jellemz\u0151k:<br \/>\n&#8211; N\u0151i sportmelltart\u00f3<br \/>\n&#8211; Sz\u00edn: k\u00e9k<br \/>\n&#8211; Rugalmas, testhez\u00e1ll\u00f3 kialak\u00edt\u00e1s<br \/>\n&#8211; L\u00e9g\u00e1tereszt\u0151, gyorsan sz\u00e1rad\u00f3 anyag<br \/>\n&#8211; Ide\u00e1lis edz\u00e9shez \u00e9s sportos viselethez<\/p>\n<p>M\u00e1rka: Nike<br \/>\nKollekci\u00f3: Nike Pro<\/p>","protected":false},"excerpt":{"rendered":"<p>Nike Performance Pro n\u0151i sportmelltart\u00f3 \u2013 k\u00e9k K\u00e9nyelmes \u00e9s stabil tart\u00e1st biztos\u00edt\u00f3 Nike Performance Pro n\u0151i sportmelltart\u00f3, amely ide\u00e1lis edz\u00e9shez,<a class=\"read-more\" href=\"https:\/\/vizomix.hu\/en\/product\/nike-kek-performance-pro-noi-sportmelltarto\/\">Tov\u00e1bb<\/a><\/p>","protected":false},"featured_media":5840,"comment_status":"open","ping_status":"closed","template":"","meta":[],"product_brand":[82],"product_cat":[123],"product_tag":[],"class_list":{"0":"post-5844","1":"product","2":"type-product","3":"status-publish","4":"has-post-thumbnail","6":"product_brand-nike","7":"product_cat-fehernemuk","9":"first","10":"instock","11":"taxable","12":"shipping-taxable","13":"purchasable","14":"product-type-variable","15":"add-to-wishlist-before_add_to_cart"},"supplier_id":null,"supplier_sku":"","barcode":null,"atum_controlled":true,"out_stock_date":null,"out_stock_threshold":null,"inheritable":false,"inbound_stock":0,"stock_on_hold":0,"sold_today":0,"sales_last_days":0,"reserved_stock":0,"customer_returns":0,"warehouse_damage":0,"lost_in_post":0,"other_logs":0,"out_stock_days":0,"lost_sales":0,"has_location":false,"update_date":"2026-03-18T12:18:14","atum_locations":[],"atum_stock_status":"instock","restock_status":false,"low_stock_amount":"","sales_update_date":"2026-03-17T19:15:08","calc_backorders":null,"_links":{"self":[{"href":"https:\/\/vizomix.hu\/en\/wp-json\/wp\/v2\/product\/5844","targetHints":{"allow":["GET"]}}],"collection":[{"href":"https:\/\/vizomix.hu\/en\/wp-json\/wp\/v2\/product"}],"about":[{"href":"https:\/\/vizomix.hu\/en\/wp-json\/wp\/v2\/types\/product"}],"replies":[{"embeddable":true,"href":"https:\/\/vizomix.hu\/en\/wp-json\/wp\/v2\/comments?post=5844"}],"wp:featuredmedia":[{"embeddable":true,"href":"https:\/\/vizomix.hu\/en\/wp-json\/wp\/v2\/media\/5840"}],"wp:attachment":[{"href":"https:\/\/vizomix.hu\/en\/wp-json\/wp\/v2\/media?parent=5844"}],"wp:term":[{"taxonomy":"product_brand","embeddable":true,"href":"https:\/\/vizomix.hu\/en\/wp-json\/wp\/v2\/product_brand?post=5844"},{"taxonomy":"product_cat","embeddable":true,"href":"https:\/\/vizomix.hu\/en\/wp-json\/wp\/v2\/product_cat?post=5844"},{"taxonomy":"product_tag","embeddable":true,"href":"https:\/\/vizomix.hu\/en\/wp-json\/wp\/v2\/product_tag?post=5844"}],"curies":[{"name":"wp","href":"https:\/\/api.w.org\/{rel}","templated":true}]}}