{"id":5838,"date":"2026-03-09T01:36:32","date_gmt":"2026-03-09T00:36:32","guid":{"rendered":"https:\/\/vizomix.hu\/termek\/nike-lila-es-fekete-sportmelltarto\/"},"modified":"2026-03-18T13:18:13","modified_gmt":"2026-03-18T12:18:13","slug":"nike-lila-es-fekete-sportmelltarto","status":"publish","type":"product","link":"https:\/\/vizomix.hu\/en\/product\/nike-lila-es-fekete-sportmelltarto\/","title":{"rendered":"Nike lila \u00e9s fekete sportmelltart\u00f3"},"content":{"rendered":"<p>Nike Pro n\u0151i cropped tank \u2013 lila \/ fekete<\/p>\n<p>K\u00e9nyelmes \u00e9s sportos Nike Pro n\u0151i cropped tank top, amely ide\u00e1lis edz\u00e9shez, j\u00f3g\u00e1hoz vagy fitneszhez. A rugalmas anyag \u00e9s a Dri-FIT technol\u00f3gia seg\u00edt elvezetni az izzads\u00e1got, \u00edgy sz\u00e1raz \u00e9s komfortos \u00e9rzetet biztos\u00edt mozg\u00e1s k\u00f6zben.<\/p>\n<p>Jellemz\u0151k:<br \/>\n&#8211; Ujjatlan, r\u00f6vid\u00edtett (cropped) fazon<br \/>\n&#8211; Testhez\u00e1ll\u00f3, rugalmas kialak\u00edt\u00e1s<br \/>\n&#8211; L\u00e9g\u00e1tereszt\u0151, gyorsan sz\u00e1rad\u00f3 anyag<br \/>\n&#8211; Ide\u00e1lis edz\u00e9shez \u00e9s sportos viselethez<br \/>\n&#8211; Sz\u00ednek: lila \/ fekete<\/p>\n<p>Anyag\u00f6sszet\u00e9tel: kb. 83% poli\u00e9szter, 17% elaszt\u00e1n<br \/>\nM\u00e1rka: Nike<br \/>\nKollekci\u00f3: Nike Pro<\/p>","protected":false},"excerpt":{"rendered":"<p>Nike Pro n\u0151i cropped tank \u2013 lila \/ fekete K\u00e9nyelmes \u00e9s sportos Nike Pro n\u0151i cropped tank top, amely ide\u00e1lis<a class=\"read-more\" href=\"https:\/\/vizomix.hu\/en\/product\/nike-lila-es-fekete-sportmelltarto\/\">Tov\u00e1bb<\/a><\/p>","protected":false},"featured_media":5836,"comment_status":"open","ping_status":"closed","template":"","meta":[],"product_brand":[82],"product_cat":[123],"product_tag":[],"class_list":{"0":"post-5838","1":"product","2":"type-product","3":"status-publish","4":"has-post-thumbnail","6":"product_brand-nike","7":"product_cat-fehernemuk","9":"first","10":"instock","11":"taxable","12":"shipping-taxable","13":"purchasable","14":"product-type-variable","15":"add-to-wishlist-before_add_to_cart"},"supplier_id":null,"supplier_sku":"","barcode":null,"atum_controlled":true,"out_stock_date":null,"out_stock_threshold":null,"inheritable":false,"inbound_stock":0,"stock_on_hold":0,"sold_today":0,"sales_last_days":0,"reserved_stock":0,"customer_returns":0,"warehouse_damage":0,"lost_in_post":0,"other_logs":0,"out_stock_days":0,"lost_sales":0,"has_location":false,"update_date":"2026-03-18T12:18:14","atum_locations":[],"atum_stock_status":"instock","restock_status":false,"low_stock_amount":"","sales_update_date":"2026-03-17T19:15:08","calc_backorders":null,"_links":{"self":[{"href":"https:\/\/vizomix.hu\/en\/wp-json\/wp\/v2\/product\/5838","targetHints":{"allow":["GET"]}}],"collection":[{"href":"https:\/\/vizomix.hu\/en\/wp-json\/wp\/v2\/product"}],"about":[{"href":"https:\/\/vizomix.hu\/en\/wp-json\/wp\/v2\/types\/product"}],"replies":[{"embeddable":true,"href":"https:\/\/vizomix.hu\/en\/wp-json\/wp\/v2\/comments?post=5838"}],"wp:featuredmedia":[{"embeddable":true,"href":"https:\/\/vizomix.hu\/en\/wp-json\/wp\/v2\/media\/5836"}],"wp:attachment":[{"href":"https:\/\/vizomix.hu\/en\/wp-json\/wp\/v2\/media?parent=5838"}],"wp:term":[{"taxonomy":"product_brand","embeddable":true,"href":"https:\/\/vizomix.hu\/en\/wp-json\/wp\/v2\/product_brand?post=5838"},{"taxonomy":"product_cat","embeddable":true,"href":"https:\/\/vizomix.hu\/en\/wp-json\/wp\/v2\/product_cat?post=5838"},{"taxonomy":"product_tag","embeddable":true,"href":"https:\/\/vizomix.hu\/en\/wp-json\/wp\/v2\/product_tag?post=5838"}],"curies":[{"name":"wp","href":"https:\/\/api.w.org\/{rel}","templated":true}]}}