{"id":5829,"date":"2026-03-09T01:26:28","date_gmt":"2026-03-09T00:26:28","guid":{"rendered":"https:\/\/vizomix.hu\/termek\/nike-fekete-polo\/"},"modified":"2026-03-18T13:18:13","modified_gmt":"2026-03-18T12:18:13","slug":"nike-fekete-polo","status":"publish","type":"product","link":"https:\/\/vizomix.hu\/en\/product\/nike-fekete-polo\/","title":{"rendered":"Nike fekete p\u00f3l\u00f3"},"content":{"rendered":"<p>Nike fekete p\u00f3l\u00f3 piros log\u00f3val<\/p>\n<p>Klasszikus \u00e9s sportos Nike r\u00f6vid ujj\u00fa p\u00f3l\u00f3 fekete sz\u00ednben, az elej\u00e9n piros Nike pipa log\u00f3val. K\u00e9nyelmes, k\u00f6nny\u0171 viselet sportol\u00e1shoz vagy h\u00e9tk\u00f6znapi outfitekhez.<\/p>\n<p>Sz\u00edn: fekete<br \/>\nMinta: piros Nike log\u00f3<br \/>\nT\u00edpus: r\u00f6vid ujj\u00fa p\u00f3l\u00f3<br \/>\nM\u00e1rka: Nike<\/p>","protected":false},"excerpt":{"rendered":"<p>Nike fekete p\u00f3l\u00f3 piros log\u00f3val Klasszikus \u00e9s sportos Nike r\u00f6vid ujj\u00fa p\u00f3l\u00f3 fekete sz\u00ednben, az elej\u00e9n piros Nike pipa log\u00f3val.<a class=\"read-more\" href=\"https:\/\/vizomix.hu\/en\/product\/nike-fekete-polo\/\">Tov\u00e1bb<\/a><\/p>","protected":false},"featured_media":5827,"comment_status":"open","ping_status":"closed","template":"","meta":[],"product_brand":[82],"product_cat":[121],"product_tag":[],"class_list":{"0":"post-5829","1":"product","2":"type-product","3":"status-publish","4":"has-post-thumbnail","6":"product_brand-nike","7":"product_cat-felso-ruhazat-triko-polo-felsoresz","9":"first","10":"instock","11":"taxable","12":"shipping-taxable","13":"purchasable","14":"product-type-variable","15":"add-to-wishlist-before_add_to_cart"},"supplier_id":null,"supplier_sku":"","barcode":null,"atum_controlled":true,"out_stock_date":null,"out_stock_threshold":null,"inheritable":false,"inbound_stock":0,"stock_on_hold":0,"sold_today":0,"sales_last_days":0,"reserved_stock":0,"customer_returns":0,"warehouse_damage":0,"lost_in_post":0,"other_logs":0,"out_stock_days":0,"lost_sales":0,"has_location":false,"update_date":"2026-03-18T12:18:14","atum_locations":[],"atum_stock_status":"instock","restock_status":false,"low_stock_amount":"","sales_update_date":"2026-03-17T19:15:08","calc_backorders":null,"_links":{"self":[{"href":"https:\/\/vizomix.hu\/en\/wp-json\/wp\/v2\/product\/5829","targetHints":{"allow":["GET"]}}],"collection":[{"href":"https:\/\/vizomix.hu\/en\/wp-json\/wp\/v2\/product"}],"about":[{"href":"https:\/\/vizomix.hu\/en\/wp-json\/wp\/v2\/types\/product"}],"replies":[{"embeddable":true,"href":"https:\/\/vizomix.hu\/en\/wp-json\/wp\/v2\/comments?post=5829"}],"wp:featuredmedia":[{"embeddable":true,"href":"https:\/\/vizomix.hu\/en\/wp-json\/wp\/v2\/media\/5827"}],"wp:attachment":[{"href":"https:\/\/vizomix.hu\/en\/wp-json\/wp\/v2\/media?parent=5829"}],"wp:term":[{"taxonomy":"product_brand","embeddable":true,"href":"https:\/\/vizomix.hu\/en\/wp-json\/wp\/v2\/product_brand?post=5829"},{"taxonomy":"product_cat","embeddable":true,"href":"https:\/\/vizomix.hu\/en\/wp-json\/wp\/v2\/product_cat?post=5829"},{"taxonomy":"product_tag","embeddable":true,"href":"https:\/\/vizomix.hu\/en\/wp-json\/wp\/v2\/product_tag?post=5829"}],"curies":[{"name":"wp","href":"https:\/\/api.w.org\/{rel}","templated":true}]}}