{"id":5823,"date":"2026-03-09T01:12:46","date_gmt":"2026-03-09T00:12:46","guid":{"rendered":"https:\/\/vizomix.hu\/termek\/nike-dri-fit-yoga-training-ferfi-rovidnadrag\/"},"modified":"2026-03-25T00:38:30","modified_gmt":"2026-03-24T23:38:30","slug":"nike-dri-fit-yoga-training-ferfi-rovidnadrag","status":"publish","type":"product","link":"https:\/\/vizomix.hu\/en\/product\/nike-dri-fit-yoga-training-ferfi-rovidnadrag\/","title":{"rendered":"Nike Dri-FIT Yoga Training f\u00e9rfi r\u00f6vidnadr\u00e1g"},"content":{"rendered":"<p>Nike Dri-FIT Yoga Training f\u00e9rfi r\u00f6vidnadr\u00e1g<\/p>\n<p>K\u00f6nny\u0171 \u00e9s k\u00e9nyelmes Nike Dri-FIT Yoga Training f\u00e9rfi r\u00f6vidnadr\u00e1g, amely ide\u00e1lis v\u00e1laszt\u00e1s j\u00f3g\u00e1hoz, edz\u00e9shez vagy mindennapi sportol\u00e1shoz. A Dri-FIT technol\u00f3gia seg\u00edt elvezetni az izzads\u00e1got, \u00edgy sz\u00e1raz \u00e9s komfortos \u00e9rzetet biztos\u00edt mozg\u00e1s k\u00f6zben.<\/p>\n<p>Jellemz\u0151k:<br \/>\n&#8211; F\u00e9rfi edz\u0151 r\u00f6vidnadr\u00e1g<br \/>\n&#8211; Dri-FIT izzads\u00e1gelvezet\u0151 anyag<br \/>\n&#8211; Rugalmas der\u00e9kr\u00e9sz a k\u00e9nyelmes illeszked\u00e9s\u00e9rt<br \/>\n&#8211; K\u00f6nny\u0171, l\u00e9g\u00e1tereszt\u0151 kialak\u00edt\u00e1s<br \/>\n&#8211; Ide\u00e1lis j\u00f3ga, edz\u00e9s \u00e9s szabadid\u0151s sportokhoz<\/p>\n<p>Anyag\u00f6sszet\u00e9tel: 88% poli\u00e9szter, 12% elaszt\u00e1n<br \/>\nM\u00e1rka: Nike<br \/>\nT\u00edpus: f\u00e9rfi training \/ j\u00f3ga r\u00f6vidnadr\u00e1g<\/p>","protected":false},"excerpt":{"rendered":"<p>Nike Dri-FIT Yoga Training f\u00e9rfi r\u00f6vidnadr\u00e1g K\u00f6nny\u0171 \u00e9s k\u00e9nyelmes Nike Dri-FIT Yoga Training f\u00e9rfi r\u00f6vidnadr\u00e1g, amely ide\u00e1lis v\u00e1laszt\u00e1s j\u00f3g\u00e1hoz, edz\u00e9shez<a class=\"read-more\" href=\"https:\/\/vizomix.hu\/en\/product\/nike-dri-fit-yoga-training-ferfi-rovidnadrag\/\">Tov\u00e1bb<\/a><\/p>","protected":false},"featured_media":5819,"comment_status":"open","ping_status":"closed","template":"","meta":[],"product_brand":[82],"product_cat":[40],"product_tag":[],"class_list":{"0":"post-5823","1":"product","2":"type-product","3":"status-publish","4":"has-post-thumbnail","6":"product_brand-nike","7":"product_cat-rovidnadragok-shortok-bermudak","9":"first","10":"instock","11":"taxable","12":"shipping-taxable","13":"purchasable","14":"product-type-variable","15":"add-to-wishlist-before_add_to_cart"},"supplier_id":null,"supplier_sku":"","barcode":null,"atum_controlled":true,"out_stock_date":null,"out_stock_threshold":null,"inheritable":true,"inbound_stock":0,"stock_on_hold":0,"sold_today":0,"sales_last_days":0,"reserved_stock":0,"customer_returns":0,"warehouse_damage":0,"lost_in_post":0,"other_logs":0,"out_stock_days":0,"lost_sales":0,"has_location":false,"update_date":"2026-03-24T23:38:31","atum_locations":[],"atum_stock_status":"instock","restock_status":false,"low_stock_amount":"","sales_update_date":"2026-03-17T19:15:20","calc_backorders":null,"_links":{"self":[{"href":"https:\/\/vizomix.hu\/en\/wp-json\/wp\/v2\/product\/5823","targetHints":{"allow":["GET"]}}],"collection":[{"href":"https:\/\/vizomix.hu\/en\/wp-json\/wp\/v2\/product"}],"about":[{"href":"https:\/\/vizomix.hu\/en\/wp-json\/wp\/v2\/types\/product"}],"replies":[{"embeddable":true,"href":"https:\/\/vizomix.hu\/en\/wp-json\/wp\/v2\/comments?post=5823"}],"wp:featuredmedia":[{"embeddable":true,"href":"https:\/\/vizomix.hu\/en\/wp-json\/wp\/v2\/media\/5819"}],"wp:attachment":[{"href":"https:\/\/vizomix.hu\/en\/wp-json\/wp\/v2\/media?parent=5823"}],"wp:term":[{"taxonomy":"product_brand","embeddable":true,"href":"https:\/\/vizomix.hu\/en\/wp-json\/wp\/v2\/product_brand?post=5823"},{"taxonomy":"product_cat","embeddable":true,"href":"https:\/\/vizomix.hu\/en\/wp-json\/wp\/v2\/product_cat?post=5823"},{"taxonomy":"product_tag","embeddable":true,"href":"https:\/\/vizomix.hu\/en\/wp-json\/wp\/v2\/product_tag?post=5823"}],"curies":[{"name":"wp","href":"https:\/\/api.w.org\/{rel}","templated":true}]}}