{"id":5817,"date":"2026-03-09T00:05:21","date_gmt":"2026-03-08T23:05:21","guid":{"rendered":"https:\/\/vizomix.hu\/termek\/nike-malyva-techh-fleece-melegito-szett-plus-size-meret\/"},"modified":"2026-03-18T13:18:13","modified_gmt":"2026-03-18T12:18:13","slug":"nike-malyva-techh-fleece-melegito-szett-plus-size-meret","status":"publish","type":"product","link":"https:\/\/vizomix.hu\/en\/product\/nike-malyva-techh-fleece-melegito-szett-plus-size-meret\/","title":{"rendered":"Nike m\u00e1lyva Techh Fleece meleg\u00edt\u0151 szett plus size m\u00e9ret"},"content":{"rendered":"<p>Nike m\u00e1lyva Tech Fleece meleg\u00edt\u0151 szett \u2013 molett m\u00e9ret<\/p>\n<p>K\u00e9nyelmes \u00e9s st\u00edlusos Nike Tech Fleece meleg\u00edt\u0151 szett m\u00e1lyva sz\u00ednben. Puha, meleg anyagb\u00f3l k\u00e9sz\u00fclt, amely ide\u00e1lis mindennapi viselethez vagy sportos szettekhez.<\/p>\n<p>Jellemz\u0151k:<\/p>\n<p>&#8211; 2 r\u00e9szes szett: Hossz\u00fa cipz\u00e1ras, kapucnis n\u0151i pul\u00f3ver (plus size m\u00e9ret) \u00e9s k\u00f6z\u00e9pmagas derek\u00fa n\u0151i szabadid\u0151nadr\u00e1g (plus size m\u00e9ret)<br \/>\n&#8211; Sz\u00edn: m\u00e1lyva<br \/>\n&#8211; Puha, meleg Tech Fleece anyag<br \/>\n&#8211; K\u00e9nyelmes, sportos fazon<\/p>\n<p>M\u00e1rka: Nike<br \/>\nT\u00edpus: meleg\u00edt\u0151 szett<br \/>\nM\u00e9retez\u00e9s: 1XL Plus size m\u00e9ret (Nagyobb m\u00e9ret) <\/p>","protected":false},"excerpt":{"rendered":"<p>Nike m\u00e1lyva Tech Fleece meleg\u00edt\u0151 szett \u2013 molett m\u00e9ret K\u00e9nyelmes \u00e9s st\u00edlusos Nike Tech Fleece meleg\u00edt\u0151 szett m\u00e1lyva sz\u00ednben. Puha,<a class=\"read-more\" href=\"https:\/\/vizomix.hu\/en\/product\/nike-malyva-techh-fleece-melegito-szett-plus-size-meret\/\">Tov\u00e1bb<\/a><\/p>","protected":false},"featured_media":5814,"comment_status":"open","ping_status":"closed","template":"","meta":[],"product_brand":[82],"product_cat":[30],"product_tag":[],"class_list":{"0":"post-5817","1":"product","2":"type-product","3":"status-publish","4":"has-post-thumbnail","6":"product_brand-nike","7":"product_cat-teljes-szettek","9":"first","10":"instock","11":"taxable","12":"shipping-taxable","13":"purchasable","14":"product-type-variable","15":"add-to-wishlist-before_add_to_cart"},"supplier_id":null,"supplier_sku":"","barcode":null,"atum_controlled":true,"out_stock_date":null,"out_stock_threshold":null,"inheritable":false,"inbound_stock":0,"stock_on_hold":0,"sold_today":0,"sales_last_days":0,"reserved_stock":0,"customer_returns":0,"warehouse_damage":0,"lost_in_post":0,"other_logs":0,"out_stock_days":0,"lost_sales":0,"has_location":false,"update_date":"2026-03-18T12:18:14","atum_locations":[],"atum_stock_status":"instock","restock_status":false,"low_stock_amount":"","sales_update_date":"2026-03-17T19:15:08","calc_backorders":null,"_links":{"self":[{"href":"https:\/\/vizomix.hu\/en\/wp-json\/wp\/v2\/product\/5817","targetHints":{"allow":["GET"]}}],"collection":[{"href":"https:\/\/vizomix.hu\/en\/wp-json\/wp\/v2\/product"}],"about":[{"href":"https:\/\/vizomix.hu\/en\/wp-json\/wp\/v2\/types\/product"}],"replies":[{"embeddable":true,"href":"https:\/\/vizomix.hu\/en\/wp-json\/wp\/v2\/comments?post=5817"}],"wp:featuredmedia":[{"embeddable":true,"href":"https:\/\/vizomix.hu\/en\/wp-json\/wp\/v2\/media\/5814"}],"wp:attachment":[{"href":"https:\/\/vizomix.hu\/en\/wp-json\/wp\/v2\/media?parent=5817"}],"wp:term":[{"taxonomy":"product_brand","embeddable":true,"href":"https:\/\/vizomix.hu\/en\/wp-json\/wp\/v2\/product_brand?post=5817"},{"taxonomy":"product_cat","embeddable":true,"href":"https:\/\/vizomix.hu\/en\/wp-json\/wp\/v2\/product_cat?post=5817"},{"taxonomy":"product_tag","embeddable":true,"href":"https:\/\/vizomix.hu\/en\/wp-json\/wp\/v2\/product_tag?post=5817"}],"curies":[{"name":"wp","href":"https:\/\/api.w.org\/{rel}","templated":true}]}}