{"id":5808,"date":"2026-03-08T23:53:27","date_gmt":"2026-03-08T22:53:27","guid":{"rendered":"https:\/\/vizomix.hu\/termek\/nike-fekete-triko\/"},"modified":"2026-03-18T13:18:13","modified_gmt":"2026-03-18T12:18:13","slug":"nike-fekete-triko","status":"publish","type":"product","link":"https:\/\/vizomix.hu\/en\/product\/nike-fekete-triko\/","title":{"rendered":"Nike fekete trik\u00f3"},"content":{"rendered":"<p>Nike fekete trik\u00f3 \u2013 lezser fazon<\/p>\n<p>K\u00e9nyelmes, sportos Nike fekete trik\u00f3 lezser szab\u00e1ssal. A v\u00e1llr\u00e9szen k\u00e9t Nike pipa log\u00f3 d\u00edsz\u00edti, amely modern \u00e9s egyedi megjelen\u00e9st ad a fels\u0151nek. T\u00f6k\u00e9letes edz\u00e9shez vagy h\u00e9tk\u00f6znapi, sportos viselethez.<\/p>\n<p>Sz\u00edn: fekete<br \/>\nFazon: lezser<br \/>\nM\u00e1rka: Nike<\/p>","protected":false},"excerpt":{"rendered":"<p>Nike fekete trik\u00f3 \u2013 lezser fazon K\u00e9nyelmes, sportos Nike fekete trik\u00f3 lezser szab\u00e1ssal. A v\u00e1llr\u00e9szen k\u00e9t Nike pipa log\u00f3 d\u00edsz\u00edti,<a class=\"read-more\" href=\"https:\/\/vizomix.hu\/en\/product\/nike-fekete-triko\/\">Tov\u00e1bb<\/a><\/p>","protected":false},"featured_media":5805,"comment_status":"open","ping_status":"closed","template":"","meta":[],"product_brand":[82],"product_cat":[42],"product_tag":[],"class_list":{"0":"post-5808","1":"product","2":"type-product","3":"status-publish","4":"has-post-thumbnail","6":"product_brand-nike","7":"product_cat-felso-ruhazat-top-triko-polo-body-felsoresz","9":"first","10":"instock","11":"taxable","12":"shipping-taxable","13":"purchasable","14":"product-type-variable","15":"add-to-wishlist-before_add_to_cart"},"supplier_id":null,"supplier_sku":"","barcode":null,"atum_controlled":true,"out_stock_date":null,"out_stock_threshold":null,"inheritable":false,"inbound_stock":0,"stock_on_hold":0,"sold_today":0,"sales_last_days":0,"reserved_stock":0,"customer_returns":0,"warehouse_damage":0,"lost_in_post":0,"other_logs":0,"out_stock_days":0,"lost_sales":0,"has_location":false,"update_date":"2026-03-18T12:18:14","atum_locations":[],"atum_stock_status":"instock","restock_status":false,"low_stock_amount":"","sales_update_date":"2026-03-17T19:15:08","calc_backorders":null,"_links":{"self":[{"href":"https:\/\/vizomix.hu\/en\/wp-json\/wp\/v2\/product\/5808","targetHints":{"allow":["GET"]}}],"collection":[{"href":"https:\/\/vizomix.hu\/en\/wp-json\/wp\/v2\/product"}],"about":[{"href":"https:\/\/vizomix.hu\/en\/wp-json\/wp\/v2\/types\/product"}],"replies":[{"embeddable":true,"href":"https:\/\/vizomix.hu\/en\/wp-json\/wp\/v2\/comments?post=5808"}],"wp:featuredmedia":[{"embeddable":true,"href":"https:\/\/vizomix.hu\/en\/wp-json\/wp\/v2\/media\/5805"}],"wp:attachment":[{"href":"https:\/\/vizomix.hu\/en\/wp-json\/wp\/v2\/media?parent=5808"}],"wp:term":[{"taxonomy":"product_brand","embeddable":true,"href":"https:\/\/vizomix.hu\/en\/wp-json\/wp\/v2\/product_brand?post=5808"},{"taxonomy":"product_cat","embeddable":true,"href":"https:\/\/vizomix.hu\/en\/wp-json\/wp\/v2\/product_cat?post=5808"},{"taxonomy":"product_tag","embeddable":true,"href":"https:\/\/vizomix.hu\/en\/wp-json\/wp\/v2\/product_tag?post=5808"}],"curies":[{"name":"wp","href":"https:\/\/api.w.org\/{rel}","templated":true}]}}