{"id":5803,"date":"2026-03-08T23:50:47","date_gmt":"2026-03-08T22:50:47","guid":{"rendered":"https:\/\/vizomix.hu\/termek\/nike-motion-adapt-2-0-high-support-dri-fit-sportmelltarto\/"},"modified":"2026-03-18T13:18:13","modified_gmt":"2026-03-18T12:18:13","slug":"nike-motion-adapt-2-0-high-support-dri-fit-sportmelltarto","status":"publish","type":"product","link":"https:\/\/vizomix.hu\/en\/product\/nike-motion-adapt-2-0-high-support-dri-fit-sportmelltarto\/","title":{"rendered":"Nike Motion Adapt 2.0 High Support Dri-FIT sportmelltart\u00f3"},"content":{"rendered":"<p>Nike Motion Adapt 2.0 High Support Dri-FIT sportmelltart\u00f3 \u2013 fekete (S)<\/p>\n<p>K\u00e9nyelmes \u00e9s stabil tart\u00e1st biztos\u00edt\u00f3 Nike sportmelltart\u00f3, amely magas intenzit\u00e1s\u00fa edz\u00e9sekhez is ide\u00e1lis. A Dri-FIT technol\u00f3gia seg\u00edt elvezetni az izzads\u00e1got, \u00edgy sz\u00e1raz \u00e9s komfortos \u00e9rzetet biztos\u00edt edz\u00e9s k\u00f6zben.<\/p>\n<p>Jellemz\u0151k:<br \/>\n&#8211; Sz\u00edn: fekete<br \/>\n&#8211; M\u00e9ret: S (Small)<br \/>\n&#8211; Magas tart\u00e1s intenz\u00edv sportokhoz<br \/>\n&#8211; L\u00e9g\u00e1tereszt\u0151 kialak\u00edt\u00e1s, h\u00e1tul kiv\u00e1g\u00e1ssal<br \/>\n&#8211; Rugalmas, testhez\u00e1ll\u00f3 fazon<\/p>\n<p>Anyag: 80% poli\u00e9szter, 20% elaszt\u00e1n<br \/>\nM\u00e1rka: Nike<br \/>\nModell: Motion Adapt 2.0 Dri-FIT<\/p>","protected":false},"excerpt":{"rendered":"<p>Nike Motion Adapt 2.0 High Support Dri-FIT sportmelltart\u00f3 \u2013 fekete (S) K\u00e9nyelmes \u00e9s stabil tart\u00e1st biztos\u00edt\u00f3 Nike sportmelltart\u00f3, amely magas<a class=\"read-more\" href=\"https:\/\/vizomix.hu\/en\/product\/nike-motion-adapt-2-0-high-support-dri-fit-sportmelltarto\/\">Tov\u00e1bb<\/a><\/p>","protected":false},"featured_media":5799,"comment_status":"open","ping_status":"closed","template":"","meta":[],"product_brand":[82],"product_cat":[123],"product_tag":[],"class_list":{"0":"post-5803","1":"product","2":"type-product","3":"status-publish","4":"has-post-thumbnail","6":"product_brand-nike","7":"product_cat-fehernemuk","9":"first","10":"instock","11":"taxable","12":"shipping-taxable","13":"purchasable","14":"product-type-variable","15":"add-to-wishlist-before_add_to_cart"},"supplier_id":null,"supplier_sku":"","barcode":null,"atum_controlled":true,"out_stock_date":null,"out_stock_threshold":null,"inheritable":false,"inbound_stock":0,"stock_on_hold":0,"sold_today":0,"sales_last_days":0,"reserved_stock":0,"customer_returns":0,"warehouse_damage":0,"lost_in_post":0,"other_logs":0,"out_stock_days":0,"lost_sales":0,"has_location":false,"update_date":"2026-03-18T12:18:14","atum_locations":[],"atum_stock_status":"instock","restock_status":false,"low_stock_amount":"","sales_update_date":"2026-03-17T19:15:08","calc_backorders":null,"_links":{"self":[{"href":"https:\/\/vizomix.hu\/en\/wp-json\/wp\/v2\/product\/5803","targetHints":{"allow":["GET"]}}],"collection":[{"href":"https:\/\/vizomix.hu\/en\/wp-json\/wp\/v2\/product"}],"about":[{"href":"https:\/\/vizomix.hu\/en\/wp-json\/wp\/v2\/types\/product"}],"replies":[{"embeddable":true,"href":"https:\/\/vizomix.hu\/en\/wp-json\/wp\/v2\/comments?post=5803"}],"wp:featuredmedia":[{"embeddable":true,"href":"https:\/\/vizomix.hu\/en\/wp-json\/wp\/v2\/media\/5799"}],"wp:attachment":[{"href":"https:\/\/vizomix.hu\/en\/wp-json\/wp\/v2\/media?parent=5803"}],"wp:term":[{"taxonomy":"product_brand","embeddable":true,"href":"https:\/\/vizomix.hu\/en\/wp-json\/wp\/v2\/product_brand?post=5803"},{"taxonomy":"product_cat","embeddable":true,"href":"https:\/\/vizomix.hu\/en\/wp-json\/wp\/v2\/product_cat?post=5803"},{"taxonomy":"product_tag","embeddable":true,"href":"https:\/\/vizomix.hu\/en\/wp-json\/wp\/v2\/product_tag?post=5803"}],"curies":[{"name":"wp","href":"https:\/\/api.w.org\/{rel}","templated":true}]}}