{"id":5780,"date":"2026-03-08T21:52:05","date_gmt":"2026-03-08T20:52:05","guid":{"rendered":"https:\/\/vizomix.hu\/termek\/nike-noi-zoom-pegasus-turbo-shield-futocipo\/"},"modified":"2026-03-18T13:18:41","modified_gmt":"2026-03-18T12:18:41","slug":"nike-noi-zoom-pegasus-turbo-shield-futocipo","status":"publish","type":"product","link":"https:\/\/vizomix.hu\/en\/product\/nike-noi-zoom-pegasus-turbo-shield-futocipo\/","title":{"rendered":"Nike n\u0151i Zoom Pegasus Turbo Shield fut\u00f3cip\u0151"},"content":{"rendered":"<p>Nike Zoom Pegasus Turbo Shield Women\u2019s Running Shoes \u2013 n\u0151i fut\u00f3cip\u0151<\/p>\n<p>K\u00f6nny\u0171 \u00e9s k\u00e9nyelmes Nike n\u0151i fut\u00f3cip\u0151, amelyet fut\u00e1shoz \u00e9s mindennapi sportos viselethez terveztek. A Shield kialak\u00edt\u00e1s seg\u00edt megv\u00e9deni a l\u00e1bat nedves, h\u0171v\u00f6sebb id\u0151ben, \u00edgy es\u0151s vagy hidegebb napokon is ide\u00e1lis edz\u00e9shez.<\/p>\n<p>F\u0151bb jellemz\u0151k:<br \/>\n&#8211; N\u0151i fut\u00f3cip\u0151<br \/>\n&#8211; K\u00f6nny\u0171, rugalmas kialak\u00edt\u00e1s<br \/>\n&#8211; Id\u0151j\u00e1r\u00e1s\u00e1ll\u00f3 Shield fels\u0151r\u00e9sz<br \/>\n&#8211; K\u00e9nyelmes p\u00e1rn\u00e1z\u00e1s fut\u00e1shoz \u00e9s edz\u00e9shez<\/p>\n<p>M\u00e1rka: Nike<br \/>\nModell: Zoom Pegasus Turbo Shield<br \/>\nT\u00edpus: n\u0151i fut\u00f3cip\u0151<br \/>\nM\u00e9ret: 42 ; Bth: 27 cm<br \/>\nCsomagol\u00e1s: F\u00c9LDOBOZOS (Hi\u00e1nyzik a teteje a doboznak)<\/p>","protected":false},"excerpt":{"rendered":"<p>Nike Zoom Pegasus Turbo Shield Women\u2019s Running Shoes \u2013 n\u0151i fut\u00f3cip\u0151 K\u00f6nny\u0171 \u00e9s k\u00e9nyelmes Nike n\u0151i fut\u00f3cip\u0151, amelyet fut\u00e1shoz \u00e9s<a class=\"read-more\" href=\"https:\/\/vizomix.hu\/en\/product\/nike-noi-zoom-pegasus-turbo-shield-futocipo\/\">Tov\u00e1bb<\/a><\/p>","protected":false},"featured_media":5777,"comment_status":"open","ping_status":"closed","template":"","meta":[],"product_brand":[82],"product_cat":[48],"product_tag":[],"class_list":{"0":"post-5780","1":"product","2":"type-product","3":"status-publish","4":"has-post-thumbnail","6":"product_brand-nike","7":"product_cat-cipok-sport-cipok-egyeb-cipok","9":"first","10":"instock","11":"taxable","12":"shipping-taxable","13":"purchasable","14":"product-type-variable","15":"add-to-wishlist-before_add_to_cart"},"supplier_id":null,"supplier_sku":"","barcode":null,"atum_controlled":true,"out_stock_date":null,"out_stock_threshold":null,"inheritable":false,"inbound_stock":0,"stock_on_hold":0,"sold_today":0,"sales_last_days":0,"reserved_stock":0,"customer_returns":0,"warehouse_damage":0,"lost_in_post":0,"other_logs":0,"out_stock_days":0,"lost_sales":0,"has_location":false,"update_date":"2026-03-18T12:18:43","atum_locations":[],"atum_stock_status":"instock","restock_status":false,"low_stock_amount":"","sales_update_date":"2026-03-17T19:15:07","calc_backorders":null,"_links":{"self":[{"href":"https:\/\/vizomix.hu\/en\/wp-json\/wp\/v2\/product\/5780","targetHints":{"allow":["GET"]}}],"collection":[{"href":"https:\/\/vizomix.hu\/en\/wp-json\/wp\/v2\/product"}],"about":[{"href":"https:\/\/vizomix.hu\/en\/wp-json\/wp\/v2\/types\/product"}],"replies":[{"embeddable":true,"href":"https:\/\/vizomix.hu\/en\/wp-json\/wp\/v2\/comments?post=5780"}],"wp:featuredmedia":[{"embeddable":true,"href":"https:\/\/vizomix.hu\/en\/wp-json\/wp\/v2\/media\/5777"}],"wp:attachment":[{"href":"https:\/\/vizomix.hu\/en\/wp-json\/wp\/v2\/media?parent=5780"}],"wp:term":[{"taxonomy":"product_brand","embeddable":true,"href":"https:\/\/vizomix.hu\/en\/wp-json\/wp\/v2\/product_brand?post=5780"},{"taxonomy":"product_cat","embeddable":true,"href":"https:\/\/vizomix.hu\/en\/wp-json\/wp\/v2\/product_cat?post=5780"},{"taxonomy":"product_tag","embeddable":true,"href":"https:\/\/vizomix.hu\/en\/wp-json\/wp\/v2\/product_tag?post=5780"}],"curies":[{"name":"wp","href":"https:\/\/api.w.org\/{rel}","templated":true}]}}