{"id":5717,"date":"2026-03-08T19:44:38","date_gmt":"2026-03-08T18:44:38","guid":{"rendered":"https:\/\/vizomix.hu\/termek\/nike-air-max-270-react-gs-rozsaszin-sportcipo\/"},"modified":"2026-03-25T00:38:44","modified_gmt":"2026-03-24T23:38:44","slug":"nike-air-max-270-react-gs-rozsaszin-sportcipo","status":"publish","type":"product","link":"https:\/\/vizomix.hu\/en\/product\/nike-air-max-270-react-gs-rozsaszin-sportcipo\/","title":{"rendered":"Nike Air Max 270 React (GS) r\u00f3zsasz\u00edn sportcip\u0151"},"content":{"rendered":"<p>Nike Air Max 270 React (GS) r\u00f3zsasz\u00edn sportcip\u0151<\/p>\n<p>St\u00edlusos \u00e9s k\u00e9nyelmes Nike Air Max 270 React (GS) sportcip\u0151 r\u00f3zsasz\u00edn sz\u00ednben. A k\u00f6nny\u0171 kialak\u00edt\u00e1s \u00e9s az Air Max p\u00e1rn\u00e1z\u00e1s eg\u00e9sz napos k\u00e9nyelmet biztos\u00edt, \u00edgy ide\u00e1lis mindennapi viselethez \u00e9s sportos megjelen\u00e9shez.<\/p>\n<p>Sz\u00edn: r\u00f3zsasz\u00edn<br \/>\nT\u00edpus: sportcip\u0151<br \/>\nModell: Air Max 270 React (GS)<br \/>\nM\u00e9ret: 36,5; Bth: 23.5 cm<br \/>\nM\u00e1rka: Nike<br \/>\nM\u00e9retez\u00e9s: m\u00e9reth\u0171<\/p>","protected":false},"excerpt":{"rendered":"<p>Nike Air Max 270 React (GS) r\u00f3zsasz\u00edn sportcip\u0151 St\u00edlusos \u00e9s k\u00e9nyelmes Nike Air Max 270 React (GS) sportcip\u0151 r\u00f3zsasz\u00edn sz\u00ednben.<a class=\"read-more\" href=\"https:\/\/vizomix.hu\/en\/product\/nike-air-max-270-react-gs-rozsaszin-sportcipo\/\">Tov\u00e1bb<\/a><\/p>","protected":false},"featured_media":5713,"comment_status":"open","ping_status":"closed","template":"","meta":[],"product_brand":[82],"product_cat":[48],"product_tag":[],"class_list":{"0":"post-5717","1":"product","2":"type-product","3":"status-publish","4":"has-post-thumbnail","6":"product_brand-nike","7":"product_cat-cipok-sport-cipok-egyeb-cipok","9":"first","10":"instock","11":"taxable","12":"shipping-taxable","13":"purchasable","14":"product-type-variable","15":"add-to-wishlist-before_add_to_cart"},"supplier_id":null,"supplier_sku":"","barcode":null,"atum_controlled":true,"out_stock_date":null,"out_stock_threshold":null,"inheritable":false,"inbound_stock":0,"stock_on_hold":0,"sold_today":0,"sales_last_days":0,"reserved_stock":0,"customer_returns":0,"warehouse_damage":0,"lost_in_post":0,"other_logs":0,"out_stock_days":0,"lost_sales":0,"has_location":false,"update_date":"2026-03-24T23:38:44","atum_locations":[],"atum_stock_status":"instock","restock_status":false,"low_stock_amount":"","sales_update_date":"2026-03-17T19:15:07","calc_backorders":null,"_links":{"self":[{"href":"https:\/\/vizomix.hu\/en\/wp-json\/wp\/v2\/product\/5717","targetHints":{"allow":["GET"]}}],"collection":[{"href":"https:\/\/vizomix.hu\/en\/wp-json\/wp\/v2\/product"}],"about":[{"href":"https:\/\/vizomix.hu\/en\/wp-json\/wp\/v2\/types\/product"}],"replies":[{"embeddable":true,"href":"https:\/\/vizomix.hu\/en\/wp-json\/wp\/v2\/comments?post=5717"}],"wp:featuredmedia":[{"embeddable":true,"href":"https:\/\/vizomix.hu\/en\/wp-json\/wp\/v2\/media\/5713"}],"wp:attachment":[{"href":"https:\/\/vizomix.hu\/en\/wp-json\/wp\/v2\/media?parent=5717"}],"wp:term":[{"taxonomy":"product_brand","embeddable":true,"href":"https:\/\/vizomix.hu\/en\/wp-json\/wp\/v2\/product_brand?post=5717"},{"taxonomy":"product_cat","embeddable":true,"href":"https:\/\/vizomix.hu\/en\/wp-json\/wp\/v2\/product_cat?post=5717"},{"taxonomy":"product_tag","embeddable":true,"href":"https:\/\/vizomix.hu\/en\/wp-json\/wp\/v2\/product_tag?post=5717"}],"curies":[{"name":"wp","href":"https:\/\/api.w.org\/{rel}","templated":true}]}}