{"id":567,"date":"2026-02-10T17:26:43","date_gmt":"2026-02-10T16:26:43","guid":{"rendered":"https:\/\/vizomix.hu\/termek\/zara-farmeroverall\/"},"modified":"2026-03-18T13:22:06","modified_gmt":"2026-03-18T12:22:06","slug":"zara-farmeroverall","status":"publish","type":"product","link":"https:\/\/vizomix.hu\/en\/product\/zara-farmeroverall\/","title":{"rendered":"Zara vil\u00e1gosk\u00e9k farmerover\u00e1ll"},"content":{"rendered":"<p>Zara k\u00e9k r\u00f6vid ujj\u00fa farmerover\u00e1ll<\/p>\n<p>Fiatalos \u00e9s vag\u00e1ny r\u00f6vid ujj\u00fa over\u00e1ll, t\u00f6k\u00e9letes h\u00e9tk\u00f6znapi vagy ny\u00e1ri viselethez. A k\u00e9k farmer anyag strapab\u00edr\u00f3 \u00e9s k\u00e9nyelmes, \u00edgy hossz\u00fa t\u00e1von is praktikus darab.<\/p>\n<p>A szaggatott als\u00f3 r\u00e9sz divatos, trendi r\u00e9szletk\u00e9nt emeli ki a megjelen\u00e9st, m\u00edg az el\u00fcls\u0151 zsebek praktikusak \u00e9s st\u00edlusosak egyben. Ide\u00e1lis v\u00e1laszt\u00e1s laza ny\u00e1ri szettekhez, v\u00e1rosi s\u00e9t\u00e1khoz vagy casual h\u00e9tk\u00f6znapi megjelen\u00e9shez.<br \/>\nM\u00e9retez\u00e9s: m\u00e9reth\u0171<\/p>","protected":false},"excerpt":{"rendered":"<p>Zara k\u00e9k r\u00f6vid ujj\u00fa farmerover\u00e1ll Fiatalos \u00e9s vag\u00e1ny r\u00f6vid ujj\u00fa over\u00e1ll, t\u00f6k\u00e9letes h\u00e9tk\u00f6znapi vagy ny\u00e1ri viselethez. A k\u00e9k farmer anyag<a class=\"read-more\" href=\"https:\/\/vizomix.hu\/en\/product\/zara-farmeroverall\/\">Tov\u00e1bb<\/a><\/p>","protected":false},"featured_media":565,"comment_status":"open","ping_status":"closed","template":"","meta":[],"product_brand":[76],"product_cat":[34],"product_tag":[],"class_list":{"0":"post-567","1":"product","2":"type-product","3":"status-publish","4":"has-post-thumbnail","6":"product_brand-zara","7":"product_cat-rovid-ruhak-overalok","9":"first","10":"instock","11":"taxable","12":"shipping-taxable","13":"purchasable","14":"product-type-variable","15":"add-to-wishlist-before_add_to_cart"},"supplier_id":null,"supplier_sku":"","barcode":null,"atum_controlled":true,"out_stock_date":null,"out_stock_threshold":null,"inheritable":false,"inbound_stock":null,"stock_on_hold":0,"sold_today":0,"sales_last_days":0,"reserved_stock":null,"customer_returns":null,"warehouse_damage":null,"lost_in_post":null,"other_logs":null,"out_stock_days":0,"lost_sales":0,"has_location":null,"update_date":"2026-03-18T12:22:07","atum_locations":[],"atum_stock_status":"instock","restock_status":false,"low_stock_amount":"","sales_update_date":"2026-03-17T19:15:20","calc_backorders":null,"_links":{"self":[{"href":"https:\/\/vizomix.hu\/en\/wp-json\/wp\/v2\/product\/567","targetHints":{"allow":["GET"]}}],"collection":[{"href":"https:\/\/vizomix.hu\/en\/wp-json\/wp\/v2\/product"}],"about":[{"href":"https:\/\/vizomix.hu\/en\/wp-json\/wp\/v2\/types\/product"}],"replies":[{"embeddable":true,"href":"https:\/\/vizomix.hu\/en\/wp-json\/wp\/v2\/comments?post=567"}],"wp:featuredmedia":[{"embeddable":true,"href":"https:\/\/vizomix.hu\/en\/wp-json\/wp\/v2\/media\/565"}],"wp:attachment":[{"href":"https:\/\/vizomix.hu\/en\/wp-json\/wp\/v2\/media?parent=567"}],"wp:term":[{"taxonomy":"product_brand","embeddable":true,"href":"https:\/\/vizomix.hu\/en\/wp-json\/wp\/v2\/product_brand?post=567"},{"taxonomy":"product_cat","embeddable":true,"href":"https:\/\/vizomix.hu\/en\/wp-json\/wp\/v2\/product_cat?post=567"},{"taxonomy":"product_tag","embeddable":true,"href":"https:\/\/vizomix.hu\/en\/wp-json\/wp\/v2\/product_tag?post=567"}],"curies":[{"name":"wp","href":"https:\/\/api.w.org\/{rel}","templated":true}]}}