{"id":562,"date":"2026-02-10T17:21:56","date_gmt":"2026-02-10T16:21:56","guid":{"rendered":"https:\/\/vizomix.hu\/termek\/zara-feher-100-pamut-oversize-fazonu-madeira-hosszu-ruha\/"},"modified":"2026-03-18T13:22:06","modified_gmt":"2026-03-18T12:22:06","slug":"zara-feher-100-pamut-oversize-fazonu-madeira-hosszu-ruha","status":"publish","type":"product","link":"https:\/\/vizomix.hu\/en\/product\/zara-feher-100-pamut-oversize-fazonu-madeira-hosszu-ruha\/","title":{"rendered":"Zara feh\u00e9r 100% pamut oversize Madeira hossz\u00fa ruha"},"content":{"rendered":"<p>Zara feh\u00e9r 100% pamut oversize fazon\u00fa Madeira hossz\u00fa ruha<\/p>\n<p>Laza \u00e9s eleg\u00e1ns hossz\u00fa ruha, amely k\u00e9nyelmes viseletet biztos\u00edt a mindennapokra. A 100% pamut Madeira anyag k\u00f6nny\u0171 \u00e9s l\u00e9g\u00e1tereszt\u0151, ide\u00e1lis v\u00e1laszt\u00e1s melegebb napokra.<\/p>\n<p>Oversize szab\u00e1sa modern, laza st\u00edlust k\u00f6lcs\u00f6n\u00f6z, mik\u00f6zben n\u0151ies \u00e9s kifinomult megjelen\u00e9st biztos\u00edt. T\u00f6k\u00e9letes v\u00e1laszt\u00e1s h\u00e9tk\u00f6znapi eleg\u00e1ns szettekhez, ny\u00e1ri s\u00e9t\u00e1khoz vagy nyaral\u00e1shoz.<br \/>\nM\u00e9retez\u00e9s: nagyobb m\u00e9ret <\/p>","protected":false},"excerpt":{"rendered":"<p>Zara feh\u00e9r 100% pamut oversize fazon\u00fa Madeira hossz\u00fa ruha Laza \u00e9s eleg\u00e1ns hossz\u00fa ruha, amely k\u00e9nyelmes viseletet biztos\u00edt a mindennapokra.<a class=\"read-more\" href=\"https:\/\/vizomix.hu\/en\/product\/zara-feher-100-pamut-oversize-fazonu-madeira-hosszu-ruha\/\">Tov\u00e1bb<\/a><\/p>","protected":false},"featured_media":560,"comment_status":"open","ping_status":"closed","template":"","meta":[],"product_brand":[76],"product_cat":[33],"product_tag":[],"class_list":{"0":"post-562","1":"product","2":"type-product","3":"status-publish","4":"has-post-thumbnail","6":"product_brand-zara","7":"product_cat-hosszu-ruhak-midi-ruhak-overalok","9":"first","10":"instock","11":"taxable","12":"shipping-taxable","13":"purchasable","14":"product-type-variable","15":"add-to-wishlist-before_add_to_cart"},"supplier_id":null,"supplier_sku":"","barcode":null,"atum_controlled":true,"out_stock_date":null,"out_stock_threshold":null,"inheritable":false,"inbound_stock":0,"stock_on_hold":0,"sold_today":0,"sales_last_days":0,"reserved_stock":0,"customer_returns":0,"warehouse_damage":0,"lost_in_post":0,"other_logs":0,"out_stock_days":0,"lost_sales":0,"has_location":false,"update_date":"2026-03-18T12:22:07","atum_locations":[],"atum_stock_status":"instock","restock_status":false,"low_stock_amount":"","sales_update_date":"2026-03-17T19:15:20","calc_backorders":null,"_links":{"self":[{"href":"https:\/\/vizomix.hu\/en\/wp-json\/wp\/v2\/product\/562","targetHints":{"allow":["GET"]}}],"collection":[{"href":"https:\/\/vizomix.hu\/en\/wp-json\/wp\/v2\/product"}],"about":[{"href":"https:\/\/vizomix.hu\/en\/wp-json\/wp\/v2\/types\/product"}],"replies":[{"embeddable":true,"href":"https:\/\/vizomix.hu\/en\/wp-json\/wp\/v2\/comments?post=562"}],"wp:featuredmedia":[{"embeddable":true,"href":"https:\/\/vizomix.hu\/en\/wp-json\/wp\/v2\/media\/560"}],"wp:attachment":[{"href":"https:\/\/vizomix.hu\/en\/wp-json\/wp\/v2\/media?parent=562"}],"wp:term":[{"taxonomy":"product_brand","embeddable":true,"href":"https:\/\/vizomix.hu\/en\/wp-json\/wp\/v2\/product_brand?post=562"},{"taxonomy":"product_cat","embeddable":true,"href":"https:\/\/vizomix.hu\/en\/wp-json\/wp\/v2\/product_cat?post=562"},{"taxonomy":"product_tag","embeddable":true,"href":"https:\/\/vizomix.hu\/en\/wp-json\/wp\/v2\/product_tag?post=562"}],"curies":[{"name":"wp","href":"https:\/\/api.w.org\/{rel}","templated":true}]}}