{"id":558,"date":"2026-02-10T17:19:24","date_gmt":"2026-02-10T16:19:24","guid":{"rendered":"https:\/\/vizomix.hu\/termek\/zara-rovid-kaftan-felso\/"},"modified":"2026-03-18T13:22:06","modified_gmt":"2026-03-18T12:22:06","slug":"zara-rovid-kaftan-felso","status":"publish","type":"product","link":"https:\/\/vizomix.hu\/en\/product\/zara-rovid-kaftan-felso\/","title":{"rendered":"Zara cream short kaftan dress with shell embellishments"},"content":{"rendered":"<p>Zara kr\u00e9msz\u00edn\u0171 r\u00f6vid kaft\u00e1n ruha <\/p>\n<p>L\u00e9gies \u00e9s eleg\u00e1ns r\u00f6vid kaft\u00e1n fels\u0151, t\u00f6k\u00e9letes ny\u00e1ri vagy tengerparti megjelen\u00e9shez. A kr\u00e9msz\u00edn friss \u00e9s n\u0151ies hat\u00e1st k\u00f6lcs\u00f6n\u00f6z, mik\u00f6zben k\u00f6nnyed viseletet biztos\u00edt.<\/p>\n<p>A ruha sz\u00e9l\u00e9t d\u00edsz\u00edt\u0151 kagyl\u00f3 mot\u00edvumok k\u00fcl\u00f6nleges, j\u00e1t\u00e9kos r\u00e9szletk\u00e9nt emelik ki a darabot. Laz\u00e1n es\u0151 szab\u00e1sa k\u00e9nyelmes \u00e9s st\u00edlusos, ide\u00e1lis a m\u00e9ret XS-S visel\u0151inek. T\u00f6k\u00e9letes v\u00e1laszt\u00e1s ny\u00e1ri alkalmakra, \u00fcd\u00fcl\u00e9sre vagy k\u00f6nnyed, eleg\u00e1ns h\u00e9tk\u00f6znapi szettekhez.<br \/>\nM\u00e9retez\u00e9s: m\u00e9reth\u0171 (bele\u00edrt m\u00e9ret: XS-S)<\/p>","protected":false},"excerpt":{"rendered":"<p>Zara kr\u00e9msz\u00edn\u0171 r\u00f6vid kaft\u00e1n ruha L\u00e9gies \u00e9s eleg\u00e1ns r\u00f6vid kaft\u00e1n fels\u0151, t\u00f6k\u00e9letes ny\u00e1ri vagy tengerparti megjelen\u00e9shez. A kr\u00e9msz\u00edn friss \u00e9s<a class=\"read-more\" href=\"https:\/\/vizomix.hu\/en\/product\/zara-rovid-kaftan-felso\/\">Tov\u00e1bb<\/a><\/p>","protected":false},"featured_media":557,"comment_status":"open","ping_status":"closed","template":"","meta":[],"product_brand":[76],"product_cat":[42],"product_tag":[],"class_list":{"0":"post-558","1":"product","2":"type-product","3":"status-publish","4":"has-post-thumbnail","6":"product_brand-zara","7":"product_cat-felso-ruhazat-top-triko-polo-body-felsoresz","9":"first","10":"instock","11":"taxable","12":"shipping-taxable","13":"purchasable","14":"product-type-variable","15":"add-to-wishlist-before_add_to_cart"},"supplier_id":null,"supplier_sku":"","barcode":null,"atum_controlled":true,"out_stock_date":null,"out_stock_threshold":null,"inheritable":false,"inbound_stock":null,"stock_on_hold":0,"sold_today":0,"sales_last_days":0,"reserved_stock":null,"customer_returns":null,"warehouse_damage":null,"lost_in_post":null,"other_logs":null,"out_stock_days":0,"lost_sales":0,"has_location":null,"update_date":"2026-03-18T12:22:07","atum_locations":[],"atum_stock_status":"instock","restock_status":false,"low_stock_amount":"","sales_update_date":"2026-03-17T19:15:20","calc_backorders":null,"_links":{"self":[{"href":"https:\/\/vizomix.hu\/en\/wp-json\/wp\/v2\/product\/558","targetHints":{"allow":["GET"]}}],"collection":[{"href":"https:\/\/vizomix.hu\/en\/wp-json\/wp\/v2\/product"}],"about":[{"href":"https:\/\/vizomix.hu\/en\/wp-json\/wp\/v2\/types\/product"}],"replies":[{"embeddable":true,"href":"https:\/\/vizomix.hu\/en\/wp-json\/wp\/v2\/comments?post=558"}],"wp:featuredmedia":[{"embeddable":true,"href":"https:\/\/vizomix.hu\/en\/wp-json\/wp\/v2\/media\/557"}],"wp:attachment":[{"href":"https:\/\/vizomix.hu\/en\/wp-json\/wp\/v2\/media?parent=558"}],"wp:term":[{"taxonomy":"product_brand","embeddable":true,"href":"https:\/\/vizomix.hu\/en\/wp-json\/wp\/v2\/product_brand?post=558"},{"taxonomy":"product_cat","embeddable":true,"href":"https:\/\/vizomix.hu\/en\/wp-json\/wp\/v2\/product_cat?post=558"},{"taxonomy":"product_tag","embeddable":true,"href":"https:\/\/vizomix.hu\/en\/wp-json\/wp\/v2\/product_tag?post=558"}],"curies":[{"name":"wp","href":"https:\/\/api.w.org\/{rel}","templated":true}]}}