{"id":5550,"date":"2026-03-08T14:15:01","date_gmt":"2026-03-08T13:15:01","guid":{"rendered":"https:\/\/vizomix.hu\/termek\/zara-kek-pizsama-2-reszes-the-simpsons-csalad-mintaval\/"},"modified":"2026-03-18T13:18:41","modified_gmt":"2026-03-18T12:18:41","slug":"zara-kek-pizsama-2-reszes-the-simpsons-csalad-mintaval","status":"publish","type":"product","link":"https:\/\/vizomix.hu\/en\/product\/zara-kek-pizsama-2-reszes-the-simpsons-csalad-mintaval\/","title":{"rendered":"Zara k\u00e9k pizsama \u2013 2 r\u00e9szes, The Simpsons csal\u00e1d mint\u00e1val"},"content":{"rendered":"<p>Zara k\u00e9k pizsama \u2013 2 r\u00e9szes, The Simpsons csal\u00e1d mint\u00e1val<br \/>\nK\u00e9nyelmes \u00e9s vid\u00e1m Zara pizsama, amely t\u00f6k\u00e9letes v\u00e1laszt\u00e1s a rajzfilmrajong\u00f3k sz\u00e1m\u00e1ra. A pizsam\u00e1t a n\u00e9pszer\u0171 The Simpsons csal\u00e1d mint\u00e1ja d\u00edsz\u00edti, amely j\u00e1t\u00e9kos \u00e9s egyedi megjelen\u00e9st ad az esti viseletnek.<\/p>\n<p>A szett tartalma:<br \/>\nFels\u0151<br \/>\n&#8211; Hossz\u00fa ujj\u00fa pizsama fels\u0151<br \/>\n&#8211; Sz\u00edn: k\u00e9k<br \/>\n&#8211; The Simpsons csal\u00e1d grafika az elej\u00e9n<br \/>\n&#8211; Puha, k\u00e9nyelmes anyag<\/p>\n<p>Als\u00f3<br \/>\n&#8211; Hossz\u00fa sz\u00e1r\u00fa pizsama nadr\u00e1g<br \/>\n&#8211; Rugalmas der\u00e9kr\u00e9sszel a k\u00e9nyelmes illeszked\u00e9s\u00e9rt<br \/>\n&#8211; K\u00e9nyelmes, mindennapi viselethez ide\u00e1lis<\/p>\n<p>Ez a Zara 2 r\u00e9szes Simpsons pizsama t\u00f6k\u00e9letes v\u00e1laszt\u00e1s alv\u00e1shoz vagy otthoni pihen\u00e9shez.<\/p>","protected":false},"excerpt":{"rendered":"<p>Zara k\u00e9k pizsama \u2013 2 r\u00e9szes, The Simpsons csal\u00e1d mint\u00e1val K\u00e9nyelmes \u00e9s vid\u00e1m Zara pizsama, amely t\u00f6k\u00e9letes v\u00e1laszt\u00e1s a rajzfilmrajong\u00f3k<a class=\"read-more\" href=\"https:\/\/vizomix.hu\/en\/product\/zara-kek-pizsama-2-reszes-the-simpsons-csalad-mintaval\/\">Tov\u00e1bb<\/a><\/p>","protected":false},"featured_media":5543,"comment_status":"open","ping_status":"closed","template":"","meta":[],"product_brand":[76],"product_cat":[106],"product_tag":[],"class_list":{"0":"post-5550","1":"product","2":"type-product","3":"status-publish","4":"has-post-thumbnail","6":"product_brand-zara","7":"product_cat-gyerekruha","9":"first","10":"instock","11":"taxable","12":"shipping-taxable","13":"purchasable","14":"product-type-variable","15":"add-to-wishlist-before_add_to_cart"},"supplier_id":null,"supplier_sku":"","barcode":null,"atum_controlled":true,"out_stock_date":null,"out_stock_threshold":null,"inheritable":false,"inbound_stock":0,"stock_on_hold":0,"sold_today":0,"sales_last_days":0,"reserved_stock":0,"customer_returns":0,"warehouse_damage":0,"lost_in_post":0,"other_logs":0,"out_stock_days":0,"lost_sales":0,"has_location":false,"update_date":"2026-03-18T12:18:43","atum_locations":[],"atum_stock_status":"instock","restock_status":false,"low_stock_amount":"","sales_update_date":"2026-03-17T19:15:07","calc_backorders":null,"_links":{"self":[{"href":"https:\/\/vizomix.hu\/en\/wp-json\/wp\/v2\/product\/5550","targetHints":{"allow":["GET"]}}],"collection":[{"href":"https:\/\/vizomix.hu\/en\/wp-json\/wp\/v2\/product"}],"about":[{"href":"https:\/\/vizomix.hu\/en\/wp-json\/wp\/v2\/types\/product"}],"replies":[{"embeddable":true,"href":"https:\/\/vizomix.hu\/en\/wp-json\/wp\/v2\/comments?post=5550"}],"wp:featuredmedia":[{"embeddable":true,"href":"https:\/\/vizomix.hu\/en\/wp-json\/wp\/v2\/media\/5543"}],"wp:attachment":[{"href":"https:\/\/vizomix.hu\/en\/wp-json\/wp\/v2\/media?parent=5550"}],"wp:term":[{"taxonomy":"product_brand","embeddable":true,"href":"https:\/\/vizomix.hu\/en\/wp-json\/wp\/v2\/product_brand?post=5550"},{"taxonomy":"product_cat","embeddable":true,"href":"https:\/\/vizomix.hu\/en\/wp-json\/wp\/v2\/product_cat?post=5550"},{"taxonomy":"product_tag","embeddable":true,"href":"https:\/\/vizomix.hu\/en\/wp-json\/wp\/v2\/product_tag?post=5550"}],"curies":[{"name":"wp","href":"https:\/\/api.w.org\/{rel}","templated":true}]}}