{"id":5541,"date":"2026-03-08T14:10:03","date_gmt":"2026-03-08T13:10:03","guid":{"rendered":"https:\/\/vizomix.hu\/termek\/zara-ecru-tollas-flitteres-polo\/"},"modified":"2026-03-18T13:18:41","modified_gmt":"2026-03-18T12:18:41","slug":"zara-ecru-tollas-flitteres-polo","status":"publish","type":"product","link":"https:\/\/vizomix.hu\/en\/product\/zara-ecru-tollas-flitteres-polo\/","title":{"rendered":"Zara ecr\u00fc tollas, flitteres p\u00f3l\u00f3"},"content":{"rendered":"<p>Zara ekr\u00fc tollas, flitteres p\u00f3l\u00f3<br \/>\nEleg\u00e1ns \u00e9s k\u00fcl\u00f6nleges Zara p\u00f3l\u00f3, amelyet a l\u00e1tv\u00e1nyos tollas \u00e9s flitteres d\u00edsz\u00edt\u00e9s tesz igaz\u00e1n egyediv\u00e9. Az ekr\u00fc sz\u00edn\u0171 fels\u0151 t\u00f6k\u00e9letes v\u00e1laszt\u00e1s alkalmi megjelen\u00e9shez vagy egy st\u00edlusos h\u00e9tk\u00f6znapi szetthez.<br \/>\nTerm\u00e9k jellemz\u0151i:<br \/>\n&#8211; Sz\u00edn: ekr\u00fc<br \/>\n&#8211; R\u00f6vid ujj\u00fa kivitel<br \/>\n&#8211; L\u00e1tv\u00e1nyos flitteres \u00e9s tollas d\u00edsz\u00edt\u00e9s az elej\u00e9n<br \/>\n&#8211; K\u00e9nyelmes, k\u00f6nny\u0171 viselet<br \/>\n&#8211; Divatos, eleg\u00e1ns megjelen\u00e9s<\/p>\n<p>A Zara flitteres p\u00f3l\u00f3 remek\u00fcl kombin\u00e1lhat\u00f3 szokny\u00e1val, farmerrel vagy eleg\u00e1ns nadr\u00e1ggal is, \u00edgy k\u00fcl\u00f6nleges \u00e9s trendi outfitet alkothatsz vele.<\/p>","protected":false},"excerpt":{"rendered":"<p>Zara ekr\u00fc tollas, flitteres p\u00f3l\u00f3 Eleg\u00e1ns \u00e9s k\u00fcl\u00f6nleges Zara p\u00f3l\u00f3, amelyet a l\u00e1tv\u00e1nyos tollas \u00e9s flitteres d\u00edsz\u00edt\u00e9s tesz igaz\u00e1n egyediv\u00e9.<a class=\"read-more\" href=\"https:\/\/vizomix.hu\/en\/product\/zara-ecru-tollas-flitteres-polo\/\">Tov\u00e1bb<\/a><\/p>","protected":false},"featured_media":5538,"comment_status":"open","ping_status":"closed","template":"","meta":[],"product_brand":[76],"product_cat":[106],"product_tag":[],"class_list":{"0":"post-5541","1":"product","2":"type-product","3":"status-publish","4":"has-post-thumbnail","6":"product_brand-zara","7":"product_cat-gyerekruha","9":"first","10":"instock","11":"taxable","12":"shipping-taxable","13":"purchasable","14":"product-type-variable","15":"add-to-wishlist-before_add_to_cart"},"supplier_id":null,"supplier_sku":"","barcode":null,"atum_controlled":true,"out_stock_date":null,"out_stock_threshold":null,"inheritable":false,"inbound_stock":0,"stock_on_hold":0,"sold_today":0,"sales_last_days":0,"reserved_stock":0,"customer_returns":0,"warehouse_damage":0,"lost_in_post":0,"other_logs":0,"out_stock_days":0,"lost_sales":0,"has_location":false,"update_date":"2026-03-18T12:18:43","atum_locations":[],"atum_stock_status":"instock","restock_status":false,"low_stock_amount":"","sales_update_date":"2026-03-17T19:15:07","calc_backorders":null,"_links":{"self":[{"href":"https:\/\/vizomix.hu\/en\/wp-json\/wp\/v2\/product\/5541","targetHints":{"allow":["GET"]}}],"collection":[{"href":"https:\/\/vizomix.hu\/en\/wp-json\/wp\/v2\/product"}],"about":[{"href":"https:\/\/vizomix.hu\/en\/wp-json\/wp\/v2\/types\/product"}],"replies":[{"embeddable":true,"href":"https:\/\/vizomix.hu\/en\/wp-json\/wp\/v2\/comments?post=5541"}],"wp:featuredmedia":[{"embeddable":true,"href":"https:\/\/vizomix.hu\/en\/wp-json\/wp\/v2\/media\/5538"}],"wp:attachment":[{"href":"https:\/\/vizomix.hu\/en\/wp-json\/wp\/v2\/media?parent=5541"}],"wp:term":[{"taxonomy":"product_brand","embeddable":true,"href":"https:\/\/vizomix.hu\/en\/wp-json\/wp\/v2\/product_brand?post=5541"},{"taxonomy":"product_cat","embeddable":true,"href":"https:\/\/vizomix.hu\/en\/wp-json\/wp\/v2\/product_cat?post=5541"},{"taxonomy":"product_tag","embeddable":true,"href":"https:\/\/vizomix.hu\/en\/wp-json\/wp\/v2\/product_tag?post=5541"}],"curies":[{"name":"wp","href":"https:\/\/api.w.org\/{rel}","templated":true}]}}