{"id":554,"date":"2026-02-10T17:08:36","date_gmt":"2026-02-10T16:08:36","guid":{"rendered":"https:\/\/vizomix.hu\/termek\/zara-madeira-rovid-ruha\/"},"modified":"2026-03-18T13:22:06","modified_gmt":"2026-03-18T12:22:06","slug":"zara-madeira-rovid-ruha","status":"publish","type":"product","link":"https:\/\/vizomix.hu\/en\/product\/zara-madeira-rovid-ruha\/","title":{"rendered":"Zara khaki 100% pamut Madeira ny\u00e1ri r\u00f6vid ruha"},"content":{"rendered":"<p>Zara khaki 100% pamut Madeira ny\u00e1ri r\u00f6vid ruha<\/p>\n<p>St\u00edlusos \u00e9s term\u00e9szetes hat\u00e1s\u00fa ny\u00e1ri ruha, amely k\u00e9nyelmes \u00e9s n\u0151ies megjelen\u00e9st biztos\u00edt. A 100% pamut Madeira anyag k\u00f6nny\u0171, l\u00e9g\u00e1tereszt\u0151 viseletet ny\u00fajt, \u00edgy ide\u00e1lis v\u00e1laszt\u00e1s meleg id\u0151ben.<\/p>\n<p>A gall\u00e9ros kialak\u00edt\u00e1s klasszikus \u00e9s eleg\u00e1ns megjelen\u00e9st ad, m\u00edg az el\u00f6l aranyozott gombos megold\u00e1s praktikus \u00e9s sokoldal\u00faan viselhet\u0151. A der\u00e9kr\u00e9szen tal\u00e1lhat\u00f3 k\u00f6t\u0151 kiemeli az alakot \u00e9s csinos sziluettet biztos\u00edt. T\u00f6k\u00e9letes v\u00e1laszt\u00e1s h\u00e9tk\u00f6znapi viselethez, ny\u00e1ri s\u00e9t\u00e1khoz vagy k\u00f6nnyed alkalmi megjelen\u00e9shez.<br \/>\nM\u00e9retez\u00e9s: m\u00e9reth\u0171<\/p>","protected":false},"excerpt":{"rendered":"<p>Zara khaki 100% pamut Madeira ny\u00e1ri r\u00f6vid ruha St\u00edlusos \u00e9s term\u00e9szetes hat\u00e1s\u00fa ny\u00e1ri ruha, amely k\u00e9nyelmes \u00e9s n\u0151ies megjelen\u00e9st biztos\u00edt.<a class=\"read-more\" href=\"https:\/\/vizomix.hu\/en\/product\/zara-madeira-rovid-ruha\/\">Tov\u00e1bb<\/a><\/p>","protected":false},"featured_media":1720,"comment_status":"open","ping_status":"closed","template":"","meta":[],"product_brand":[76],"product_cat":[34],"product_tag":[],"class_list":{"0":"post-554","1":"product","2":"type-product","3":"status-publish","4":"has-post-thumbnail","6":"product_brand-zara","7":"product_cat-rovid-ruhak-overalok","9":"first","10":"instock","11":"taxable","12":"shipping-taxable","13":"purchasable","14":"product-type-variable","15":"add-to-wishlist-before_add_to_cart"},"supplier_id":null,"supplier_sku":"","barcode":null,"atum_controlled":true,"out_stock_date":null,"out_stock_threshold":null,"inheritable":false,"inbound_stock":0,"stock_on_hold":0,"sold_today":0,"sales_last_days":0,"reserved_stock":0,"customer_returns":0,"warehouse_damage":0,"lost_in_post":0,"other_logs":0,"out_stock_days":0,"lost_sales":0,"has_location":false,"update_date":"2026-03-18T12:22:07","atum_locations":[],"atum_stock_status":"instock","restock_status":false,"low_stock_amount":"","sales_update_date":"2026-03-17T19:15:20","calc_backorders":null,"_links":{"self":[{"href":"https:\/\/vizomix.hu\/en\/wp-json\/wp\/v2\/product\/554","targetHints":{"allow":["GET"]}}],"collection":[{"href":"https:\/\/vizomix.hu\/en\/wp-json\/wp\/v2\/product"}],"about":[{"href":"https:\/\/vizomix.hu\/en\/wp-json\/wp\/v2\/types\/product"}],"replies":[{"embeddable":true,"href":"https:\/\/vizomix.hu\/en\/wp-json\/wp\/v2\/comments?post=554"}],"wp:featuredmedia":[{"embeddable":true,"href":"https:\/\/vizomix.hu\/en\/wp-json\/wp\/v2\/media\/1720"}],"wp:attachment":[{"href":"https:\/\/vizomix.hu\/en\/wp-json\/wp\/v2\/media?parent=554"}],"wp:term":[{"taxonomy":"product_brand","embeddable":true,"href":"https:\/\/vizomix.hu\/en\/wp-json\/wp\/v2\/product_brand?post=554"},{"taxonomy":"product_cat","embeddable":true,"href":"https:\/\/vizomix.hu\/en\/wp-json\/wp\/v2\/product_cat?post=554"},{"taxonomy":"product_tag","embeddable":true,"href":"https:\/\/vizomix.hu\/en\/wp-json\/wp\/v2\/product_tag?post=554"}],"curies":[{"name":"wp","href":"https:\/\/api.w.org\/{rel}","templated":true}]}}