{"id":5532,"date":"2026-03-08T14:03:51","date_gmt":"2026-03-08T13:03:51","guid":{"rendered":"https:\/\/vizomix.hu\/termek\/minnie-es-mickey-mouse-piros-pulover\/"},"modified":"2026-03-18T13:18:41","modified_gmt":"2026-03-18T12:18:41","slug":"minnie-es-mickey-mouse-piros-pulover","status":"publish","type":"product","link":"https:\/\/vizomix.hu\/en\/product\/minnie-es-mickey-mouse-piros-pulover\/","title":{"rendered":"Minnie \u00e9s Mickey Mouse piros pul\u00f3ver"},"content":{"rendered":"<p>Minnie \u00e9s Mickey Mouse piros pul\u00f3ver<\/p>\n<p>Vid\u00e1m \u00e9s st\u00edlusos piros pul\u00f3ver Minnie \u00e9s Mickey Mouse mint\u00e1val, amely t\u00f6k\u00e9letes v\u00e1laszt\u00e1s a Disney rajong\u00f3k sz\u00e1m\u00e1ra. A k\u00e9nyelmes szab\u00e1s \u00e9s a puha anyag biztos\u00edtja a komfortos viseletet a mindennapokban.<\/p>\n<p>Term\u00e9k jellemz\u0151i:<br \/>\n&#8211; Sz\u00edn: piros<br \/>\n&#8211; Minnie \u00e9s Mickey Mouse grafika az elej\u00e9n<br \/>\n&#8211; Hossz\u00fa ujj\u00fa kivitel<br \/>\n&#8211; K\u00e9nyelmes, puha anyag<br \/>\n&#8211; Az ujjak \u00e9s az als\u00f3 r\u00e9sz passz\u00e9s kialak\u00edt\u00e1s\u00fa<\/p>\n<p>Anyag\u00f6sszet\u00e9tel:<br \/>\n&#8211; K\u00fcls\u0151 &#8211; Alapsz\u00f6vet<br \/>\n85% pamut, 15% poli\u00e9szter<br \/>\n&#8211; R\u00e9szletek<br \/>\n98% pamut, 2% elaszt\u00e1n<br \/>\nA Disney Minnie \u00e9s Mickey pul\u00f3ver t\u00f6k\u00e9letes h\u00e9tk\u00f6znapi viselethez, oviba, suliba vagy ak\u00e1r aj\u00e1nd\u00e9knak is<\/p>","protected":false},"excerpt":{"rendered":"<p>Minnie \u00e9s Mickey Mouse piros pul\u00f3ver Vid\u00e1m \u00e9s st\u00edlusos piros pul\u00f3ver Minnie \u00e9s Mickey Mouse mint\u00e1val, amely t\u00f6k\u00e9letes v\u00e1laszt\u00e1s a<a class=\"read-more\" href=\"https:\/\/vizomix.hu\/en\/product\/minnie-es-mickey-mouse-piros-pulover\/\">Tov\u00e1bb<\/a><\/p>","protected":false},"featured_media":5530,"comment_status":"open","ping_status":"closed","template":"","meta":[],"product_brand":[76],"product_cat":[106],"product_tag":[],"class_list":{"0":"post-5532","1":"product","2":"type-product","3":"status-publish","4":"has-post-thumbnail","6":"product_brand-zara","7":"product_cat-gyerekruha","9":"first","10":"instock","11":"taxable","12":"shipping-taxable","13":"purchasable","14":"product-type-variable","15":"add-to-wishlist-before_add_to_cart"},"supplier_id":null,"supplier_sku":"","barcode":null,"atum_controlled":true,"out_stock_date":null,"out_stock_threshold":null,"inheritable":false,"inbound_stock":0,"stock_on_hold":0,"sold_today":0,"sales_last_days":0,"reserved_stock":0,"customer_returns":0,"warehouse_damage":0,"lost_in_post":0,"other_logs":0,"out_stock_days":0,"lost_sales":0,"has_location":false,"update_date":"2026-03-18T12:18:43","atum_locations":[],"atum_stock_status":"instock","restock_status":false,"low_stock_amount":"","sales_update_date":"2026-03-17T19:15:07","calc_backorders":null,"_links":{"self":[{"href":"https:\/\/vizomix.hu\/en\/wp-json\/wp\/v2\/product\/5532","targetHints":{"allow":["GET"]}}],"collection":[{"href":"https:\/\/vizomix.hu\/en\/wp-json\/wp\/v2\/product"}],"about":[{"href":"https:\/\/vizomix.hu\/en\/wp-json\/wp\/v2\/types\/product"}],"replies":[{"embeddable":true,"href":"https:\/\/vizomix.hu\/en\/wp-json\/wp\/v2\/comments?post=5532"}],"wp:featuredmedia":[{"embeddable":true,"href":"https:\/\/vizomix.hu\/en\/wp-json\/wp\/v2\/media\/5530"}],"wp:attachment":[{"href":"https:\/\/vizomix.hu\/en\/wp-json\/wp\/v2\/media?parent=5532"}],"wp:term":[{"taxonomy":"product_brand","embeddable":true,"href":"https:\/\/vizomix.hu\/en\/wp-json\/wp\/v2\/product_brand?post=5532"},{"taxonomy":"product_cat","embeddable":true,"href":"https:\/\/vizomix.hu\/en\/wp-json\/wp\/v2\/product_cat?post=5532"},{"taxonomy":"product_tag","embeddable":true,"href":"https:\/\/vizomix.hu\/en\/wp-json\/wp\/v2\/product_tag?post=5532"}],"curies":[{"name":"wp","href":"https:\/\/api.w.org\/{rel}","templated":true}]}}