{"id":5528,"date":"2026-03-08T13:57:46","date_gmt":"2026-03-08T12:57:46","guid":{"rendered":"https:\/\/vizomix.hu\/termek\/zara-rozsaszin-polar-pizsama-2-reszes-vizidiszno-capyfun-mintaval\/"},"modified":"2026-03-18T13:18:41","modified_gmt":"2026-03-18T12:18:41","slug":"zara-rozsaszin-polar-pizsama-2-reszes-vizidiszno-capyfun-mintaval","status":"publish","type":"product","link":"https:\/\/vizomix.hu\/en\/product\/zara-rozsaszin-polar-pizsama-2-reszes-vizidiszno-capyfun-mintaval\/","title":{"rendered":"Zara r\u00f3zsasz\u00edn pol\u00e1r pizsama \u2013 2 r\u00e9szes, v\u00edzidiszn\u00f3 (Capyfun) mint\u00e1val"},"content":{"rendered":"<p>Zara r\u00f3zsasz\u00edn pol\u00e1r pizsama \u2013 2 r\u00e9szes, v\u00edzidiszn\u00f3 (Capyfun) mint\u00e1val<\/p>\n<p>Puha \u00e9s meleg Zara pol\u00e1r pizsama, amely t\u00f6k\u00e9letes v\u00e1laszt\u00e1s a h\u0171v\u00f6sebb \u00e9jszak\u00e1kra. A vid\u00e1m v\u00edzidiszn\u00f3 (capybara) mint\u00e1nak k\u00f6sz\u00f6nhet\u0151en a pizsama nemcsak k\u00e9nyelmes, hanem igaz\u00e1n aranyos is.<\/p>\n<p>A szett tartalma:<\/p>\n<p>Fels\u0151<br \/>\n&#8211; Hossz\u00fa ujj\u00fa pizsama fels\u0151<br \/>\n&#8211; Sz\u00edn: r\u00f3zsasz\u00edn<br \/>\n&#8211; Aranyos v\u00edzidiszn\u00f3 (capybara) mint\u00e1val<br \/>\n&#8211; Puha, meleg pol\u00e1r anyag<\/p>\n<p>Als\u00f3<br \/>\n&#8211; Hossz\u00fa sz\u00e1r\u00fa pizsama nadr\u00e1g<br \/>\n&#8211; Rugalmas der\u00e9kr\u00e9sszel a k\u00e9nyelmes viselet\u00e9rt<br \/>\n&#8211; Puha pol\u00e1r anyag<\/p>\n<p>Ez a Zara 2 r\u00e9szes pol\u00e1r pizsama t\u00f6k\u00e9letes otthoni viselethez \u00e9s alv\u00e1shoz a hidegebb napokon.<\/p>","protected":false},"excerpt":{"rendered":"<p>Zara r\u00f3zsasz\u00edn pol\u00e1r pizsama \u2013 2 r\u00e9szes, v\u00edzidiszn\u00f3 (Capyfun) mint\u00e1val Puha \u00e9s meleg Zara pol\u00e1r pizsama, amely t\u00f6k\u00e9letes v\u00e1laszt\u00e1s a<a class=\"read-more\" href=\"https:\/\/vizomix.hu\/en\/product\/zara-rozsaszin-polar-pizsama-2-reszes-vizidiszno-capyfun-mintaval\/\">Tov\u00e1bb<\/a><\/p>","protected":false},"featured_media":5515,"comment_status":"open","ping_status":"closed","template":"","meta":[],"product_brand":[76],"product_cat":[106],"product_tag":[],"class_list":{"0":"post-5528","1":"product","2":"type-product","3":"status-publish","4":"has-post-thumbnail","6":"product_brand-zara","7":"product_cat-gyerekruha","9":"first","10":"instock","11":"taxable","12":"shipping-taxable","13":"purchasable","14":"product-type-variable","15":"add-to-wishlist-before_add_to_cart"},"supplier_id":null,"supplier_sku":"","barcode":null,"atum_controlled":true,"out_stock_date":null,"out_stock_threshold":null,"inheritable":false,"inbound_stock":0,"stock_on_hold":0,"sold_today":0,"sales_last_days":0,"reserved_stock":0,"customer_returns":0,"warehouse_damage":0,"lost_in_post":0,"other_logs":0,"out_stock_days":0,"lost_sales":0,"has_location":false,"update_date":"2026-03-18T12:18:43","atum_locations":[],"atum_stock_status":"instock","restock_status":false,"low_stock_amount":"","sales_update_date":"2026-03-17T19:15:07","calc_backorders":null,"_links":{"self":[{"href":"https:\/\/vizomix.hu\/en\/wp-json\/wp\/v2\/product\/5528","targetHints":{"allow":["GET"]}}],"collection":[{"href":"https:\/\/vizomix.hu\/en\/wp-json\/wp\/v2\/product"}],"about":[{"href":"https:\/\/vizomix.hu\/en\/wp-json\/wp\/v2\/types\/product"}],"replies":[{"embeddable":true,"href":"https:\/\/vizomix.hu\/en\/wp-json\/wp\/v2\/comments?post=5528"}],"wp:featuredmedia":[{"embeddable":true,"href":"https:\/\/vizomix.hu\/en\/wp-json\/wp\/v2\/media\/5515"}],"wp:attachment":[{"href":"https:\/\/vizomix.hu\/en\/wp-json\/wp\/v2\/media?parent=5528"}],"wp:term":[{"taxonomy":"product_brand","embeddable":true,"href":"https:\/\/vizomix.hu\/en\/wp-json\/wp\/v2\/product_brand?post=5528"},{"taxonomy":"product_cat","embeddable":true,"href":"https:\/\/vizomix.hu\/en\/wp-json\/wp\/v2\/product_cat?post=5528"},{"taxonomy":"product_tag","embeddable":true,"href":"https:\/\/vizomix.hu\/en\/wp-json\/wp\/v2\/product_tag?post=5528"}],"curies":[{"name":"wp","href":"https:\/\/api.w.org\/{rel}","templated":true}]}}