{"id":5512,"date":"2026-03-08T13:51:08","date_gmt":"2026-03-08T12:51:08","guid":{"rendered":"https:\/\/vizomix.hu\/termek\/zara-ket-darab-hosszu-zokni-szett-mikulas-es-renszarvas-mintaval\/"},"modified":"2026-03-23T19:26:48","modified_gmt":"2026-03-23T18:26:48","slug":"zara-ket-darab-hosszu-zokni-szett-mikulas-es-renszarvas-mintaval","status":"publish","type":"product","link":"https:\/\/vizomix.hu\/en\/product\/zara-ket-darab-hosszu-zokni-szett-mikulas-es-renszarvas-mintaval\/","title":{"rendered":"Zara k\u00e9t darab hossz\u00fa zokni szett Mikul\u00e1s \u00e9s r\u00e9nszarvas mint\u00e1val"},"content":{"rendered":"<p>Zara 2 darabos hossz\u00fa zokni szett \u2013 Mikul\u00e1s \u00e9s r\u00e9nszarvas mint\u00e1val<\/p>\n<p>Vid\u00e1m \u00e9s \u00fcnnepi hangulat\u00fa Zara hossz\u00fa zokni szett, amely t\u00f6k\u00e9letes v\u00e1laszt\u00e1s a t\u00e9li id\u0151szakra. A csomag k\u00e9t p\u00e1r puha \u00e9s k\u00e9nyelmes zoknit tartalmaz, Mikul\u00e1s \u00e9s r\u00e9nszarvas mint\u00e1val, amelyek igaz\u00e1n hangulatoss\u00e1 teszik a kar\u00e1csonyi id\u0151szakot.<\/p>\n<p>Term\u00e9k jellemz\u0151i:<br \/>\n&#8211; 2 darabos zokni szett<br \/>\n&#8211; Hossz\u00fa sz\u00e1r\u00fa kivitel<br \/>\n&#8211; Mint\u00e1k: Mikul\u00e1s \u00e9s r\u00e9nszarvas<br \/>\n&#8211; Puha, rugalmas anyag a k\u00e9nyelmes viselet\u00e9rt<br \/>\n&#8211; J\u00f3l illeszked\u0151 passz\u00e9s sz\u00e1r<\/p>\n<p>A Zara kar\u00e1csonyi zokni szett ide\u00e1lis v\u00e1laszt\u00e1s a hidegebb napokra, \u00fcnnepi viselethez vagy ak\u00e1r aj\u00e1nd\u00e9knak is.<\/p>","protected":false},"excerpt":{"rendered":"<p>Zara 2 darabos hossz\u00fa zokni szett \u2013 Mikul\u00e1s \u00e9s r\u00e9nszarvas mint\u00e1val Vid\u00e1m \u00e9s \u00fcnnepi hangulat\u00fa Zara hossz\u00fa zokni szett, amely<a class=\"read-more\" href=\"https:\/\/vizomix.hu\/en\/product\/zara-ket-darab-hosszu-zokni-szett-mikulas-es-renszarvas-mintaval\/\">Tov\u00e1bb<\/a><\/p>","protected":false},"featured_media":5508,"comment_status":"open","ping_status":"closed","template":"","meta":[],"product_brand":[76],"product_cat":[106],"product_tag":[],"class_list":{"0":"post-5512","1":"product","2":"type-product","3":"status-publish","4":"has-post-thumbnail","6":"product_brand-zara","7":"product_cat-gyerekruha","9":"first","10":"instock","11":"taxable","12":"shipping-taxable","13":"purchasable","14":"product-type-variable","15":"add-to-wishlist-before_add_to_cart"},"supplier_id":null,"supplier_sku":"","barcode":null,"atum_controlled":true,"out_stock_date":null,"out_stock_threshold":null,"inheritable":true,"inbound_stock":null,"stock_on_hold":0,"sold_today":0,"sales_last_days":1,"reserved_stock":null,"customer_returns":null,"warehouse_damage":null,"lost_in_post":null,"other_logs":null,"out_stock_days":0,"lost_sales":0,"has_location":false,"update_date":"2026-03-30T22:14:27","atum_locations":[],"atum_stock_status":"instock","restock_status":false,"low_stock_amount":"","sales_update_date":"2026-03-16T14:40:07","calc_backorders":null,"_links":{"self":[{"href":"https:\/\/vizomix.hu\/en\/wp-json\/wp\/v2\/product\/5512","targetHints":{"allow":["GET"]}}],"collection":[{"href":"https:\/\/vizomix.hu\/en\/wp-json\/wp\/v2\/product"}],"about":[{"href":"https:\/\/vizomix.hu\/en\/wp-json\/wp\/v2\/types\/product"}],"replies":[{"embeddable":true,"href":"https:\/\/vizomix.hu\/en\/wp-json\/wp\/v2\/comments?post=5512"}],"wp:featuredmedia":[{"embeddable":true,"href":"https:\/\/vizomix.hu\/en\/wp-json\/wp\/v2\/media\/5508"}],"wp:attachment":[{"href":"https:\/\/vizomix.hu\/en\/wp-json\/wp\/v2\/media?parent=5512"}],"wp:term":[{"taxonomy":"product_brand","embeddable":true,"href":"https:\/\/vizomix.hu\/en\/wp-json\/wp\/v2\/product_brand?post=5512"},{"taxonomy":"product_cat","embeddable":true,"href":"https:\/\/vizomix.hu\/en\/wp-json\/wp\/v2\/product_cat?post=5512"},{"taxonomy":"product_tag","embeddable":true,"href":"https:\/\/vizomix.hu\/en\/wp-json\/wp\/v2\/product_tag?post=5512"}],"curies":[{"name":"wp","href":"https:\/\/api.w.org\/{rel}","templated":true}]}}