{"id":5503,"date":"2026-03-08T12:38:40","date_gmt":"2026-03-08T11:38:40","guid":{"rendered":"https:\/\/vizomix.hu\/termek\/tommy-hilfiger-baba-zokni-szett-vilagoskek-3-db-2\/"},"modified":"2026-03-18T13:18:41","modified_gmt":"2026-03-18T12:18:41","slug":"tommy-hilfiger-baba-zokni-szett-vilagoskek-3-db-2","status":"publish","type":"product","link":"https:\/\/vizomix.hu\/en\/product\/tommy-hilfiger-baba-zokni-szett-vilagoskek-3-db-2\/","title":{"rendered":"Tommy Hilfiger baba zokni szett \u2013 vil\u00e1gosk\u00e9k (3 db)"},"content":{"rendered":"<p>Tommy Hilfiger baba zokni szett \u2013 vil\u00e1gosk\u00e9k (3 db)<\/p>\n<p>Aranyos \u00e9s k\u00e9nyelmes Tommy Hilfiger baba zokni szett vil\u00e1gosk\u00e9k sz\u00ednben, unisex kivitelben. A 3 darabos csomag puha anyagb\u00f3l k\u00e9sz\u00fclt (73% pamut, 26% poliamid, 1% elaszt\u00e1n), amely kellemes viseletet biztos\u00edt a bab\u00e1k \u00e9rz\u00e9keny b\u0151r\u00e9nek. A Tommy Hilfiger log\u00f3 a talpr\u00e9szen \u00e9s a sarokn\u00e1l tal\u00e1lhat\u00f3, a zoknik pedig saj\u00e1t m\u00e1rk\u00e1s dobozukban \u00e9rkeznek, \u00edgy aj\u00e1nd\u00e9knak is t\u00f6k\u00e9letesek.<\/p>","protected":false},"excerpt":{"rendered":"<p>Tommy Hilfiger baba zokni szett \u2013 vil\u00e1gosk\u00e9k (3 db) Aranyos \u00e9s k\u00e9nyelmes Tommy Hilfiger baba zokni szett vil\u00e1gosk\u00e9k sz\u00ednben, unisex<a class=\"read-more\" href=\"https:\/\/vizomix.hu\/en\/product\/tommy-hilfiger-baba-zokni-szett-vilagoskek-3-db-2\/\">Tov\u00e1bb<\/a><\/p>","protected":false},"featured_media":5502,"comment_status":"open","ping_status":"closed","template":"","meta":[],"product_brand":[81],"product_cat":[106],"product_tag":[],"class_list":{"0":"post-5503","1":"product","2":"type-product","3":"status-publish","4":"has-post-thumbnail","6":"product_brand-tommy-hilfiger","7":"product_cat-gyerekruha","9":"first","10":"instock","11":"taxable","12":"shipping-taxable","13":"purchasable","14":"product-type-variable","15":"add-to-wishlist-before_add_to_cart"},"supplier_id":null,"supplier_sku":"","barcode":null,"atum_controlled":true,"out_stock_date":null,"out_stock_threshold":null,"inheritable":false,"inbound_stock":0,"stock_on_hold":0,"sold_today":0,"sales_last_days":0,"reserved_stock":0,"customer_returns":0,"warehouse_damage":0,"lost_in_post":0,"other_logs":0,"out_stock_days":0,"lost_sales":0,"has_location":false,"update_date":"2026-03-18T12:18:43","atum_locations":[],"atum_stock_status":"instock","restock_status":false,"low_stock_amount":"","sales_update_date":"2026-03-17T19:15:08","calc_backorders":null,"_links":{"self":[{"href":"https:\/\/vizomix.hu\/en\/wp-json\/wp\/v2\/product\/5503","targetHints":{"allow":["GET"]}}],"collection":[{"href":"https:\/\/vizomix.hu\/en\/wp-json\/wp\/v2\/product"}],"about":[{"href":"https:\/\/vizomix.hu\/en\/wp-json\/wp\/v2\/types\/product"}],"replies":[{"embeddable":true,"href":"https:\/\/vizomix.hu\/en\/wp-json\/wp\/v2\/comments?post=5503"}],"wp:featuredmedia":[{"embeddable":true,"href":"https:\/\/vizomix.hu\/en\/wp-json\/wp\/v2\/media\/5502"}],"wp:attachment":[{"href":"https:\/\/vizomix.hu\/en\/wp-json\/wp\/v2\/media?parent=5503"}],"wp:term":[{"taxonomy":"product_brand","embeddable":true,"href":"https:\/\/vizomix.hu\/en\/wp-json\/wp\/v2\/product_brand?post=5503"},{"taxonomy":"product_cat","embeddable":true,"href":"https:\/\/vizomix.hu\/en\/wp-json\/wp\/v2\/product_cat?post=5503"},{"taxonomy":"product_tag","embeddable":true,"href":"https:\/\/vizomix.hu\/en\/wp-json\/wp\/v2\/product_tag?post=5503"}],"curies":[{"name":"wp","href":"https:\/\/api.w.org\/{rel}","templated":true}]}}