{"id":5500,"date":"2026-03-08T12:30:25","date_gmt":"2026-03-08T11:30:25","guid":{"rendered":"https:\/\/vizomix.hu\/termek\/guess-kotott-baba-szett-bezs\/"},"modified":"2026-03-18T13:18:41","modified_gmt":"2026-03-18T12:18:41","slug":"guess-kotott-baba-szett-bezs","status":"publish","type":"product","link":"https:\/\/vizomix.hu\/en\/product\/guess-kotott-baba-szett-bezs\/","title":{"rendered":"Guess k\u00f6t\u00f6tt baba szett \u2013 b\u00e9zs"},"content":{"rendered":"<p>Guess k\u00f6t\u00f6tt baba szett \u2013 b\u00e9zs <\/p>\n<p>Eleg\u00e1ns \u00e9s k\u00e9nyelmes Guess baba szett, amely t\u00f6k\u00e9letes v\u00e1laszt\u00e1s k\u00fcl\u00f6nleges alkalmakra vagy a mindennapokra. A puha, gyapj\u00fakever\u00e9k k\u00f6t\u00f6tt anyag melegen tartja a bab\u00e1t, mik\u00f6zben a klasszikus Guess monogramos minta st\u00edlusos megjelen\u00e9st biztos\u00edt.<br \/>\nA szett tartalma:<br \/>\nPul\u00f3ver<br \/>\n\u2022\tHossz\u00fa ujj\u00fa k\u00f6t\u00f6tt pul\u00f3ver<br \/>\n\u2022\tSz\u00edn: kr\u00e9m \/ b\u00e9zs<br \/>\n\u2022\tGuess monogramos mint\u00e1val<br \/>\n\u2022\tH\u00e1tul h\u00e1rom gombos z\u00e1r\u00f3d\u00e1s, a k\u00f6nnyebb \u00f6lt\u00f6ztet\u00e9s\u00e9rt<br \/>\n\u2022\tAz ujjak \u00e9s az als\u00f3 r\u00e9sz finom passz\u00e9val v\u00e9gz\u0151dnek<br \/>\n\u2022\tDekorat\u00edv Guess log\u00f3 charm az ujj\u00e1n<br \/>\nNadr\u00e1g<br \/>\n\u2022\tK\u00e9nyelmes, rugalmas derek\u00fa kialak\u00edt\u00e1s<br \/>\n\u2022\tSz\u00edn: kr\u00e9m \/ b\u00e9zs<br \/>\n\u2022\tA nadr\u00e1gsz\u00e1rak passz\u00e9val v\u00e9gz\u0151dnek<br \/>\n\u2022\tDekorat\u00edv Guess log\u00f3 charm a bal l\u00e1bsz\u00e1ron<br \/>\nAnyag\u00f6sszet\u00e9tel:<br \/>\n\u2022\t55% poliamid<br \/>\n\u2022\t21% poli\u00e9szter<br \/>\n\u2022\t15% akril<br \/>\n\u2022\t7% gyapj\u00fa<br \/>\n\u2022\t1% elaszt\u00e1n<\/p>\n<p>A puha k\u00f6t\u00f6tt Guess baba szett st\u00edlusos \u00e9s k\u00e9nyelmes viselet a hidegebb napokon, amely t\u00f6k\u00e9letes aj\u00e1nd\u00e9k is lehet.<\/p>","protected":false},"excerpt":{"rendered":"<p>Guess k\u00f6t\u00f6tt baba szett \u2013 b\u00e9zs Eleg\u00e1ns \u00e9s k\u00e9nyelmes Guess baba szett, amely t\u00f6k\u00e9letes v\u00e1laszt\u00e1s k\u00fcl\u00f6nleges alkalmakra vagy a mindennapokra.<a class=\"read-more\" href=\"https:\/\/vizomix.hu\/en\/product\/guess-kotott-baba-szett-bezs\/\">Tov\u00e1bb<\/a><\/p>","protected":false},"featured_media":5496,"comment_status":"open","ping_status":"closed","template":"","meta":[],"product_brand":[86],"product_cat":[106],"product_tag":[],"class_list":{"0":"post-5500","1":"product","2":"type-product","3":"status-publish","4":"has-post-thumbnail","6":"product_brand-guess","7":"product_cat-gyerekruha","9":"first","10":"instock","11":"taxable","12":"shipping-taxable","13":"purchasable","14":"product-type-variable","15":"add-to-wishlist-before_add_to_cart"},"supplier_id":null,"supplier_sku":"","barcode":null,"atum_controlled":true,"out_stock_date":null,"out_stock_threshold":null,"inheritable":false,"inbound_stock":0,"stock_on_hold":0,"sold_today":0,"sales_last_days":0,"reserved_stock":0,"customer_returns":0,"warehouse_damage":0,"lost_in_post":0,"other_logs":0,"out_stock_days":0,"lost_sales":0,"has_location":false,"update_date":"2026-03-18T12:18:43","atum_locations":[],"atum_stock_status":"instock","restock_status":false,"low_stock_amount":"","sales_update_date":"2026-03-17T19:15:08","calc_backorders":null,"_links":{"self":[{"href":"https:\/\/vizomix.hu\/en\/wp-json\/wp\/v2\/product\/5500","targetHints":{"allow":["GET"]}}],"collection":[{"href":"https:\/\/vizomix.hu\/en\/wp-json\/wp\/v2\/product"}],"about":[{"href":"https:\/\/vizomix.hu\/en\/wp-json\/wp\/v2\/types\/product"}],"replies":[{"embeddable":true,"href":"https:\/\/vizomix.hu\/en\/wp-json\/wp\/v2\/comments?post=5500"}],"wp:featuredmedia":[{"embeddable":true,"href":"https:\/\/vizomix.hu\/en\/wp-json\/wp\/v2\/media\/5496"}],"wp:attachment":[{"href":"https:\/\/vizomix.hu\/en\/wp-json\/wp\/v2\/media?parent=5500"}],"wp:term":[{"taxonomy":"product_brand","embeddable":true,"href":"https:\/\/vizomix.hu\/en\/wp-json\/wp\/v2\/product_brand?post=5500"},{"taxonomy":"product_cat","embeddable":true,"href":"https:\/\/vizomix.hu\/en\/wp-json\/wp\/v2\/product_cat?post=5500"},{"taxonomy":"product_tag","embeddable":true,"href":"https:\/\/vizomix.hu\/en\/wp-json\/wp\/v2\/product_tag?post=5500"}],"curies":[{"name":"wp","href":"https:\/\/api.w.org\/{rel}","templated":true}]}}