{"id":5492,"date":"2026-03-08T12:26:52","date_gmt":"2026-03-08T11:26:52","guid":{"rendered":"https:\/\/vizomix.hu\/termek\/guess-macis-baba-overal-bezs\/"},"modified":"2026-03-18T13:18:42","modified_gmt":"2026-03-18T12:18:42","slug":"guess-macis-baba-overal-bezs","status":"publish","type":"product","link":"https:\/\/vizomix.hu\/en\/product\/guess-macis-baba-overal-bezs\/","title":{"rendered":"Guess macis baba over\u00e1l \u2013 b\u00e9zs"},"content":{"rendered":"<p>Guess macis baba over\u00e1l \u2013 b\u00e9zs<\/p>\n<p>Aranyos \u00e9s rendk\u00edv\u00fcl k\u00e9nyelmes Guess baba over\u00e1l, amely t\u00f6k\u00e9letes v\u00e1laszt\u00e1s a legkisebbek sz\u00e1m\u00e1ra a h\u0171v\u00f6sebb napokra. A puha, pl\u00fcss b\u00e9l\u00e9s kellemes meleget biztos\u00edt, m\u00edg a kapucnin tal\u00e1lhat\u00f3 dekorat\u00edv macif\u00fclek m\u00e9g cukibb\u00e1 teszik a baba megjelen\u00e9s\u00e9t.<\/p>\n<p>Term\u00e9k jellemz\u0151i:<br \/>\nM\u00e1rka: Guess<br \/>\nUnisex baba over\u00e1l<br \/>\nSz\u00edn: b\u00e9zs (Skin Shadow)<br \/>\nKapucnis kialak\u00edt\u00e1s macif\u00fclekkel.<br \/>\nTeljes hossz\u00e1ban cipz\u00e1ras z\u00e1r\u00f3d\u00e1s, amely megk\u00f6nny\u00edti az \u00f6lt\u00f6ztet\u00e9st.<br \/>\nPuha, pl\u00fcss b\u00e9l\u00e9ssel a maxim\u00e1lis k\u00e9nyelem\u00e9rt.<br \/>\nGuess log\u00f3 az elej\u00e9n \u00e9s a cipz\u00e1r h\u00faz\u00f3k\u00e1j\u00e1n.<br \/>\nK\u00e9nyelmes szab\u00e1s a szabad mozg\u00e1s\u00e9rt.<\/p>\n<p>Anyag\u00f6sszet\u00e9tel:<br \/>\nK\u00fcls\u0151 anyag: 80% pamut, 20% poli\u00e9szter<br \/>\nB\u00e9l\u00e9s: 100% poli\u00e9sztet<\/p>\n<p>Ez a Guess macis baba over\u00e1l t\u00f6k\u00e9letes v\u00e1laszt\u00e1s s\u00e9t\u00e1khoz, utaz\u00e1shoz vagy mindennapi viselethez, mik\u00f6zben a baba melegen \u00e9s k\u00e9nyelmesen \u00e9rzi mag\u00e1t.<\/p>","protected":false},"excerpt":{"rendered":"<p>Guess macis baba over\u00e1l \u2013 b\u00e9zs Aranyos \u00e9s rendk\u00edv\u00fcl k\u00e9nyelmes Guess baba over\u00e1l, amely t\u00f6k\u00e9letes v\u00e1laszt\u00e1s a legkisebbek sz\u00e1m\u00e1ra a<a class=\"read-more\" href=\"https:\/\/vizomix.hu\/en\/product\/guess-macis-baba-overal-bezs\/\">Tov\u00e1bb<\/a><\/p>","protected":false},"featured_media":5489,"comment_status":"open","ping_status":"closed","template":"","meta":[],"product_brand":[86],"product_cat":[106],"product_tag":[],"class_list":{"0":"post-5492","1":"product","2":"type-product","3":"status-publish","4":"has-post-thumbnail","6":"product_brand-guess","7":"product_cat-gyerekruha","9":"first","10":"instock","11":"taxable","12":"shipping-taxable","13":"purchasable","14":"product-type-variable","15":"add-to-wishlist-before_add_to_cart"},"supplier_id":null,"supplier_sku":"","barcode":null,"atum_controlled":true,"out_stock_date":null,"out_stock_threshold":null,"inheritable":false,"inbound_stock":0,"stock_on_hold":0,"sold_today":0,"sales_last_days":0,"reserved_stock":0,"customer_returns":0,"warehouse_damage":0,"lost_in_post":0,"other_logs":0,"out_stock_days":0,"lost_sales":0,"has_location":false,"update_date":"2026-03-18T12:18:43","atum_locations":[],"atum_stock_status":"instock","restock_status":false,"low_stock_amount":"","sales_update_date":"2026-03-17T19:15:08","calc_backorders":null,"_links":{"self":[{"href":"https:\/\/vizomix.hu\/en\/wp-json\/wp\/v2\/product\/5492","targetHints":{"allow":["GET"]}}],"collection":[{"href":"https:\/\/vizomix.hu\/en\/wp-json\/wp\/v2\/product"}],"about":[{"href":"https:\/\/vizomix.hu\/en\/wp-json\/wp\/v2\/types\/product"}],"replies":[{"embeddable":true,"href":"https:\/\/vizomix.hu\/en\/wp-json\/wp\/v2\/comments?post=5492"}],"wp:featuredmedia":[{"embeddable":true,"href":"https:\/\/vizomix.hu\/en\/wp-json\/wp\/v2\/media\/5489"}],"wp:attachment":[{"href":"https:\/\/vizomix.hu\/en\/wp-json\/wp\/v2\/media?parent=5492"}],"wp:term":[{"taxonomy":"product_brand","embeddable":true,"href":"https:\/\/vizomix.hu\/en\/wp-json\/wp\/v2\/product_brand?post=5492"},{"taxonomy":"product_cat","embeddable":true,"href":"https:\/\/vizomix.hu\/en\/wp-json\/wp\/v2\/product_cat?post=5492"},{"taxonomy":"product_tag","embeddable":true,"href":"https:\/\/vizomix.hu\/en\/wp-json\/wp\/v2\/product_tag?post=5492"}],"curies":[{"name":"wp","href":"https:\/\/api.w.org\/{rel}","templated":true}]}}