{"id":5440,"date":"2026-03-08T00:42:40","date_gmt":"2026-03-07T23:42:40","guid":{"rendered":"https:\/\/vizomix.hu\/termek\/jack-jones-szurke-alacsony-zokni-2\/"},"modified":"2026-03-18T13:18:42","modified_gmt":"2026-03-18T12:18:42","slug":"jack-jones-szurke-alacsony-zokni-2","status":"publish","type":"product","link":"https:\/\/vizomix.hu\/en\/product\/jack-jones-szurke-alacsony-zokni-2\/","title":{"rendered":"Jack &#038; Jones sz\u00fcrke alacsony zokni"},"content":{"rendered":"<p>Jack &amp; Jones sz\u00fcrke alacsony zokni \u2013 12 p\u00e1r<\/p>\n<p>K\u00e9nyelmes \u00e9s praktikus alapdarab a mindennapokra. A Jack &amp; Jones sz\u00fcrke alacsony zokni puha tapint\u00e1s\u00fa anyagb\u00f3l k\u00e9sz\u00fclt, amely eg\u00e9sz napos komfortot biztos\u00edt.<\/p>\n<p>Anyag\u00f6sszet\u00e9tel: 72% pamut, 26% poli\u00e9szter, 2% elaszt\u00e1n \u2013 a pamut kellemes viseletet ad, az elaszt\u00e1n pedig rugalmas, j\u00f3l illeszked\u0151 fazont biztos\u00edt.<\/p>\n<p>Csomag tartalma: 12 p\u00e1r zokni<br \/>\nKarbantart\u00e1s: G\u00e9pben moshat\u00f3.<\/p>\n<p>Ide\u00e1lis v\u00e1laszt\u00e1s sportos \u00e9s h\u00e9tk\u00f6znapi viselethez.<\/p>","protected":false},"excerpt":{"rendered":"<p>Jack &amp; Jones sz\u00fcrke alacsony zokni \u2013 12 p\u00e1r K\u00e9nyelmes \u00e9s praktikus alapdarab a mindennapokra. A Jack &amp; Jones sz\u00fcrke<a class=\"read-more\" href=\"https:\/\/vizomix.hu\/en\/product\/jack-jones-szurke-alacsony-zokni-2\/\">Tov\u00e1bb<\/a><\/p>","protected":false},"featured_media":5437,"comment_status":"open","ping_status":"closed","template":"","meta":[],"product_brand":[87],"product_cat":[119],"product_tag":[],"class_list":{"0":"post-5440","1":"product","2":"type-product","3":"status-publish","4":"has-post-thumbnail","6":"product_brand-jackjones","7":"product_cat-zoknik","9":"first","10":"instock","11":"taxable","12":"shipping-taxable","13":"purchasable","14":"product-type-variable","15":"add-to-wishlist-before_add_to_cart"},"supplier_id":null,"supplier_sku":"","barcode":null,"atum_controlled":true,"out_stock_date":null,"out_stock_threshold":null,"inheritable":false,"inbound_stock":0,"stock_on_hold":0,"sold_today":0,"sales_last_days":0,"reserved_stock":0,"customer_returns":0,"warehouse_damage":0,"lost_in_post":0,"other_logs":0,"out_stock_days":0,"lost_sales":0,"has_location":false,"update_date":"2026-03-18T12:18:43","atum_locations":[],"atum_stock_status":"instock","restock_status":false,"low_stock_amount":"","sales_update_date":"2026-03-17T19:15:07","calc_backorders":null,"_links":{"self":[{"href":"https:\/\/vizomix.hu\/en\/wp-json\/wp\/v2\/product\/5440","targetHints":{"allow":["GET"]}}],"collection":[{"href":"https:\/\/vizomix.hu\/en\/wp-json\/wp\/v2\/product"}],"about":[{"href":"https:\/\/vizomix.hu\/en\/wp-json\/wp\/v2\/types\/product"}],"replies":[{"embeddable":true,"href":"https:\/\/vizomix.hu\/en\/wp-json\/wp\/v2\/comments?post=5440"}],"wp:featuredmedia":[{"embeddable":true,"href":"https:\/\/vizomix.hu\/en\/wp-json\/wp\/v2\/media\/5437"}],"wp:attachment":[{"href":"https:\/\/vizomix.hu\/en\/wp-json\/wp\/v2\/media?parent=5440"}],"wp:term":[{"taxonomy":"product_brand","embeddable":true,"href":"https:\/\/vizomix.hu\/en\/wp-json\/wp\/v2\/product_brand?post=5440"},{"taxonomy":"product_cat","embeddable":true,"href":"https:\/\/vizomix.hu\/en\/wp-json\/wp\/v2\/product_cat?post=5440"},{"taxonomy":"product_tag","embeddable":true,"href":"https:\/\/vizomix.hu\/en\/wp-json\/wp\/v2\/product_tag?post=5440"}],"curies":[{"name":"wp","href":"https:\/\/api.w.org\/{rel}","templated":true}]}}