{"id":5383,"date":"2026-03-08T00:13:31","date_gmt":"2026-03-07T23:13:31","guid":{"rendered":"https:\/\/vizomix.hu\/termek\/nike-zoom-pegasus-turbo-2-kiralykek-sportcipo\/"},"modified":"2026-03-18T13:18:42","modified_gmt":"2026-03-18T12:18:42","slug":"nike-zoom-pegasus-turbo-2-kiralykek-sportcipo","status":"publish","type":"product","link":"https:\/\/vizomix.hu\/en\/product\/nike-zoom-pegasus-turbo-2-kiralykek-sportcipo\/","title":{"rendered":"Nike Zoom Pegasus Turbo 2 kir\u00e1lyk\u00e9k sportcip\u0151"},"content":{"rendered":"<p>Nike Zoom Pegasus Turbo 2 kir\u00e1lyk\u00e9k sportcip\u0151<\/p>\n<p>Sportos \u00e9s modern Nike Zoom Pegasus Turbo 2 sportcip\u0151 kir\u00e1lyk\u00e9k sz\u00ednben. K\u00f6nny\u0171, l\u00e9g\u00e1tereszt\u0151 fels\u0151r\u00e9sze \u00e9s rugalmas talpa kiv\u00e1l\u00f3 p\u00e1rn\u00e1z\u00e1st biztos\u00edt, \u00edgy ide\u00e1lis v\u00e1laszt\u00e1s fut\u00e1shoz vagy mindennapi viselethez. Dinamikus kialak\u00edt\u00e1sa k\u00e9nyelmet \u00e9s st\u00edlusos megjelen\u00e9st ny\u00fajt.<br \/>\nM\u00e9retez\u00e9s:<br \/>\n39 ; Bth: 24,5 cm<\/p>","protected":false},"excerpt":{"rendered":"<p>Nike Zoom Pegasus Turbo 2 kir\u00e1lyk\u00e9k sportcip\u0151 Sportos \u00e9s modern Nike Zoom Pegasus Turbo 2 sportcip\u0151 kir\u00e1lyk\u00e9k sz\u00ednben. K\u00f6nny\u0171, l\u00e9g\u00e1tereszt\u0151<a class=\"read-more\" href=\"https:\/\/vizomix.hu\/en\/product\/nike-zoom-pegasus-turbo-2-kiralykek-sportcipo\/\">Tov\u00e1bb<\/a><\/p>","protected":false},"featured_media":5765,"comment_status":"open","ping_status":"closed","template":"","meta":[],"product_brand":[82],"product_cat":[48],"product_tag":[],"class_list":{"0":"post-5383","1":"product","2":"type-product","3":"status-publish","4":"has-post-thumbnail","6":"product_brand-nike","7":"product_cat-cipok-sport-cipok-egyeb-cipok","9":"first","10":"instock","11":"taxable","12":"shipping-taxable","13":"purchasable","14":"product-type-variable","15":"add-to-wishlist-before_add_to_cart"},"supplier_id":null,"supplier_sku":"","barcode":null,"atum_controlled":true,"out_stock_date":null,"out_stock_threshold":null,"inheritable":false,"inbound_stock":0,"stock_on_hold":0,"sold_today":0,"sales_last_days":0,"reserved_stock":0,"customer_returns":0,"warehouse_damage":0,"lost_in_post":0,"other_logs":0,"out_stock_days":0,"lost_sales":0,"has_location":false,"update_date":"2026-03-18T12:18:43","atum_locations":[],"atum_stock_status":"instock","restock_status":false,"low_stock_amount":"","sales_update_date":"2026-03-17T19:15:08","calc_backorders":null,"_links":{"self":[{"href":"https:\/\/vizomix.hu\/en\/wp-json\/wp\/v2\/product\/5383","targetHints":{"allow":["GET"]}}],"collection":[{"href":"https:\/\/vizomix.hu\/en\/wp-json\/wp\/v2\/product"}],"about":[{"href":"https:\/\/vizomix.hu\/en\/wp-json\/wp\/v2\/types\/product"}],"replies":[{"embeddable":true,"href":"https:\/\/vizomix.hu\/en\/wp-json\/wp\/v2\/comments?post=5383"}],"wp:featuredmedia":[{"embeddable":true,"href":"https:\/\/vizomix.hu\/en\/wp-json\/wp\/v2\/media\/5765"}],"wp:attachment":[{"href":"https:\/\/vizomix.hu\/en\/wp-json\/wp\/v2\/media?parent=5383"}],"wp:term":[{"taxonomy":"product_brand","embeddable":true,"href":"https:\/\/vizomix.hu\/en\/wp-json\/wp\/v2\/product_brand?post=5383"},{"taxonomy":"product_cat","embeddable":true,"href":"https:\/\/vizomix.hu\/en\/wp-json\/wp\/v2\/product_cat?post=5383"},{"taxonomy":"product_tag","embeddable":true,"href":"https:\/\/vizomix.hu\/en\/wp-json\/wp\/v2\/product_tag?post=5383"}],"curies":[{"name":"wp","href":"https:\/\/api.w.org\/{rel}","templated":true}]}}