{"id":5369,"date":"2026-03-07T23:59:18","date_gmt":"2026-03-07T22:59:18","guid":{"rendered":"https:\/\/vizomix.hu\/termek\/zara-fekete-gumis-orru-vizallo-valodi-bor-bundas-hosszuszaru-meleg-csizma\/"},"modified":"2026-03-18T13:18:42","modified_gmt":"2026-03-18T12:18:42","slug":"zara-fekete-gumis-orru-vizallo-valodi-bor-bundas-hosszuszaru-meleg-csizma","status":"publish","type":"product","link":"https:\/\/vizomix.hu\/en\/product\/zara-fekete-gumis-orru-vizallo-valodi-bor-bundas-hosszuszaru-meleg-csizma\/","title":{"rendered":"Zara fekete gumis orr\u00fa v\u00edz\u00e1ll\u00f3 val\u00f3di b\u0151r bund\u00e1s hossz\u00fasz\u00e1ru meleg csizma"},"content":{"rendered":"<p>Zara fekete v\u00edz\u00e1ll\u00f3 val\u00f3di b\u0151r bund\u00e1s hossz\u00fasz\u00e1r\u00fa csizma<\/p>\n<p>Massz\u00edv \u00e9s st\u00edlusos Zara csizma fekete, v\u00edz\u00e1ll\u00f3 val\u00f3di b\u0151rb\u0151l. Gumis er\u0151s\u00edt\u00e9s\u0171 orra extra v\u00e9delmet ad, m\u00edg a meleg bund\u00e1s b\u00e9l\u00e9s k\u00e9nyelmet \u00e9s meleget biztos\u00edt a hideg napokon. Hossz\u00fasz\u00e1r\u00fa kialak\u00edt\u00e1sa praktikus \u00e9s divatos v\u00e1laszt\u00e1s a t\u00e9li id\u0151szakra.<br \/>\nM\u00e9retez\u00e9s: m\u00e9reth\u0171<\/p>","protected":false},"excerpt":{"rendered":"<p>Zara fekete v\u00edz\u00e1ll\u00f3 val\u00f3di b\u0151r bund\u00e1s hossz\u00fasz\u00e1r\u00fa csizma Massz\u00edv \u00e9s st\u00edlusos Zara csizma fekete, v\u00edz\u00e1ll\u00f3 val\u00f3di b\u0151rb\u0151l. Gumis er\u0151s\u00edt\u00e9s\u0171 orra<a class=\"read-more\" href=\"https:\/\/vizomix.hu\/en\/product\/zara-fekete-gumis-orru-vizallo-valodi-bor-bundas-hosszuszaru-meleg-csizma\/\">Tov\u00e1bb<\/a><\/p>","protected":false},"featured_media":5701,"comment_status":"open","ping_status":"closed","template":"","meta":[],"product_brand":[76],"product_cat":[44],"product_tag":[],"class_list":{"0":"post-5369","1":"product","2":"type-product","3":"status-publish","4":"has-post-thumbnail","6":"product_brand-zara","7":"product_cat-csizmak","9":"first","10":"instock","11":"taxable","12":"shipping-taxable","13":"purchasable","14":"product-type-variable","15":"add-to-wishlist-before_add_to_cart"},"supplier_id":null,"supplier_sku":"","barcode":null,"atum_controlled":true,"out_stock_date":null,"out_stock_threshold":null,"inheritable":false,"inbound_stock":0,"stock_on_hold":0,"sold_today":0,"sales_last_days":0,"reserved_stock":0,"customer_returns":0,"warehouse_damage":0,"lost_in_post":0,"other_logs":0,"out_stock_days":0,"lost_sales":0,"has_location":false,"update_date":"2026-03-18T12:18:43","atum_locations":[],"atum_stock_status":"instock","restock_status":false,"low_stock_amount":"","sales_update_date":"2026-03-17T19:15:08","calc_backorders":null,"_links":{"self":[{"href":"https:\/\/vizomix.hu\/en\/wp-json\/wp\/v2\/product\/5369","targetHints":{"allow":["GET"]}}],"collection":[{"href":"https:\/\/vizomix.hu\/en\/wp-json\/wp\/v2\/product"}],"about":[{"href":"https:\/\/vizomix.hu\/en\/wp-json\/wp\/v2\/types\/product"}],"replies":[{"embeddable":true,"href":"https:\/\/vizomix.hu\/en\/wp-json\/wp\/v2\/comments?post=5369"}],"wp:featuredmedia":[{"embeddable":true,"href":"https:\/\/vizomix.hu\/en\/wp-json\/wp\/v2\/media\/5701"}],"wp:attachment":[{"href":"https:\/\/vizomix.hu\/en\/wp-json\/wp\/v2\/media?parent=5369"}],"wp:term":[{"taxonomy":"product_brand","embeddable":true,"href":"https:\/\/vizomix.hu\/en\/wp-json\/wp\/v2\/product_brand?post=5369"},{"taxonomy":"product_cat","embeddable":true,"href":"https:\/\/vizomix.hu\/en\/wp-json\/wp\/v2\/product_cat?post=5369"},{"taxonomy":"product_tag","embeddable":true,"href":"https:\/\/vizomix.hu\/en\/wp-json\/wp\/v2\/product_tag?post=5369"}],"curies":[{"name":"wp","href":"https:\/\/api.w.org\/{rel}","templated":true}]}}