{"id":5365,"date":"2026-03-07T23:54:33","date_gmt":"2026-03-07T22:54:33","guid":{"rendered":"https:\/\/vizomix.hu\/termek\/zara-bezs-csodaszep-nagyon-meleg-belelt-bokacsizma-bakancs\/"},"modified":"2026-03-18T13:18:42","modified_gmt":"2026-03-18T12:18:42","slug":"zara-bezs-csodaszep-nagyon-meleg-belelt-bokacsizma-bakancs","status":"publish","type":"product","link":"https:\/\/vizomix.hu\/en\/product\/zara-bezs-csodaszep-nagyon-meleg-belelt-bokacsizma-bakancs\/","title":{"rendered":"Zara b\u00e9zs csodasz\u00e9p nagyon meleg b\u00e9lelt bokacsizma\/bakancs"},"content":{"rendered":"<p>Zara b\u00e9zs b\u00e9lelt bokacsizma \/ bakancs<\/p>\n<p>Csodasz\u00e9p Zara bokacsizma b\u00e9zs sz\u00ednben, meleg b\u00e9l\u00e9ssel a hidegebb napokra. K\u00e9nyelmes \u00e9s praktikus kialak\u00edt\u00e1sa mellett st\u00edlusos megjelen\u00e9st biztos\u00edt, \u00edgy t\u00f6k\u00e9letes v\u00e1laszt\u00e1s a t\u00e9li h\u00e9tk\u00f6znapokra. A puha bels\u0151 r\u00e9sz extra komfortot \u00e9s meleget ny\u00fajt.<br \/>\nM\u00e9retez\u00e9s: m\u00e9reth\u0171<\/p>","protected":false},"excerpt":{"rendered":"<p>Zara b\u00e9zs b\u00e9lelt bokacsizma \/ bakancs Csodasz\u00e9p Zara bokacsizma b\u00e9zs sz\u00ednben, meleg b\u00e9l\u00e9ssel a hidegebb napokra. K\u00e9nyelmes \u00e9s praktikus kialak\u00edt\u00e1sa<a class=\"read-more\" href=\"https:\/\/vizomix.hu\/en\/product\/zara-bezs-csodaszep-nagyon-meleg-belelt-bokacsizma-bakancs\/\">Tov\u00e1bb<\/a><\/p>","protected":false},"featured_media":5364,"comment_status":"open","ping_status":"closed","template":"","meta":[],"product_brand":[76],"product_cat":[48],"product_tag":[],"class_list":{"0":"post-5365","1":"product","2":"type-product","3":"status-publish","4":"has-post-thumbnail","6":"product_brand-zara","7":"product_cat-cipok-sport-cipok-egyeb-cipok","9":"first","10":"instock","11":"taxable","12":"shipping-taxable","13":"purchasable","14":"product-type-variable","15":"add-to-wishlist-before_add_to_cart"},"supplier_id":null,"supplier_sku":"","barcode":null,"atum_controlled":true,"out_stock_date":null,"out_stock_threshold":null,"inheritable":false,"inbound_stock":0,"stock_on_hold":0,"sold_today":0,"sales_last_days":0,"reserved_stock":0,"customer_returns":0,"warehouse_damage":0,"lost_in_post":0,"other_logs":0,"out_stock_days":0,"lost_sales":0,"has_location":false,"update_date":"2026-03-18T12:18:43","atum_locations":[],"atum_stock_status":"instock","restock_status":false,"low_stock_amount":"","sales_update_date":"2026-03-17T19:15:08","calc_backorders":null,"_links":{"self":[{"href":"https:\/\/vizomix.hu\/en\/wp-json\/wp\/v2\/product\/5365","targetHints":{"allow":["GET"]}}],"collection":[{"href":"https:\/\/vizomix.hu\/en\/wp-json\/wp\/v2\/product"}],"about":[{"href":"https:\/\/vizomix.hu\/en\/wp-json\/wp\/v2\/types\/product"}],"replies":[{"embeddable":true,"href":"https:\/\/vizomix.hu\/en\/wp-json\/wp\/v2\/comments?post=5365"}],"wp:featuredmedia":[{"embeddable":true,"href":"https:\/\/vizomix.hu\/en\/wp-json\/wp\/v2\/media\/5364"}],"wp:attachment":[{"href":"https:\/\/vizomix.hu\/en\/wp-json\/wp\/v2\/media?parent=5365"}],"wp:term":[{"taxonomy":"product_brand","embeddable":true,"href":"https:\/\/vizomix.hu\/en\/wp-json\/wp\/v2\/product_brand?post=5365"},{"taxonomy":"product_cat","embeddable":true,"href":"https:\/\/vizomix.hu\/en\/wp-json\/wp\/v2\/product_cat?post=5365"},{"taxonomy":"product_tag","embeddable":true,"href":"https:\/\/vizomix.hu\/en\/wp-json\/wp\/v2\/product_tag?post=5365"}],"curies":[{"name":"wp","href":"https:\/\/api.w.org\/{rel}","templated":true}]}}