{"id":5348,"date":"2026-03-07T23:39:52","date_gmt":"2026-03-07T22:39:52","guid":{"rendered":"https:\/\/vizomix.hu\/termek\/calvin-klein-magas-szaru-zokni-szurke-kek\/"},"modified":"2026-03-18T13:18:42","modified_gmt":"2026-03-18T12:18:42","slug":"calvin-klein-magas-szaru-zokni-szurke-kek","status":"publish","type":"product","link":"https:\/\/vizomix.hu\/en\/product\/calvin-klein-magas-szaru-zokni-szurke-kek\/","title":{"rendered":"Calvin Klein magas sz\u00e1r\u00fa zokni \u2013 sz\u00fcrke\/k\u00e9k (2 db)"},"content":{"rendered":"<p>Calvin Klein magas sz\u00e1r\u00fa zokni \u2013 sz\u00fcrke\/k\u00e9k (2 db)<\/p>\n<p>St\u00edlusos Calvin Klein magas sz\u00e1r\u00fa zokni sz\u00fcrke \u00e9s k\u00e9k sz\u00ednkombin\u00e1ci\u00f3ban. A csomag 2 darabot tartalmaz. Puha, k\u00e9nyelmes anyag\u00f6sszet\u00e9tele (80% pamut, 19% poliamid, 1% elaszt\u00e1n) eg\u00e9sz napos komfortot biztos\u00edt. A CK log\u00f3 a zokni oldal\u00e1n \u00e9s a talpr\u00e9sz alatt is megjelenik, modern \u00e9s pr\u00e9mium megjelen\u00e9st adva.<\/p>","protected":false},"excerpt":{"rendered":"<p>Calvin Klein magas sz\u00e1r\u00fa zokni \u2013 sz\u00fcrke\/k\u00e9k (2 db) St\u00edlusos Calvin Klein magas sz\u00e1r\u00fa zokni sz\u00fcrke \u00e9s k\u00e9k sz\u00ednkombin\u00e1ci\u00f3ban. A<a class=\"read-more\" href=\"https:\/\/vizomix.hu\/en\/product\/calvin-klein-magas-szaru-zokni-szurke-kek\/\">Tov\u00e1bb<\/a><\/p>","protected":false},"featured_media":5345,"comment_status":"open","ping_status":"closed","template":"","meta":[],"product_brand":[79],"product_cat":[119],"product_tag":[],"class_list":{"0":"post-5348","1":"product","2":"type-product","3":"status-publish","4":"has-post-thumbnail","6":"product_brand-calvin-klein","7":"product_cat-zoknik","9":"first","10":"instock","11":"taxable","12":"shipping-taxable","13":"purchasable","14":"product-type-variable","15":"add-to-wishlist-before_add_to_cart"},"supplier_id":null,"supplier_sku":"","barcode":null,"atum_controlled":true,"out_stock_date":null,"out_stock_threshold":null,"inheritable":false,"inbound_stock":0,"stock_on_hold":0,"sold_today":0,"sales_last_days":0,"reserved_stock":0,"customer_returns":0,"warehouse_damage":0,"lost_in_post":0,"other_logs":0,"out_stock_days":0,"lost_sales":0,"has_location":false,"update_date":"2026-03-18T12:18:43","atum_locations":[],"atum_stock_status":"instock","restock_status":false,"low_stock_amount":"","sales_update_date":"2026-03-17T19:15:08","calc_backorders":null,"_links":{"self":[{"href":"https:\/\/vizomix.hu\/en\/wp-json\/wp\/v2\/product\/5348","targetHints":{"allow":["GET"]}}],"collection":[{"href":"https:\/\/vizomix.hu\/en\/wp-json\/wp\/v2\/product"}],"about":[{"href":"https:\/\/vizomix.hu\/en\/wp-json\/wp\/v2\/types\/product"}],"replies":[{"embeddable":true,"href":"https:\/\/vizomix.hu\/en\/wp-json\/wp\/v2\/comments?post=5348"}],"wp:featuredmedia":[{"embeddable":true,"href":"https:\/\/vizomix.hu\/en\/wp-json\/wp\/v2\/media\/5345"}],"wp:attachment":[{"href":"https:\/\/vizomix.hu\/en\/wp-json\/wp\/v2\/media?parent=5348"}],"wp:term":[{"taxonomy":"product_brand","embeddable":true,"href":"https:\/\/vizomix.hu\/en\/wp-json\/wp\/v2\/product_brand?post=5348"},{"taxonomy":"product_cat","embeddable":true,"href":"https:\/\/vizomix.hu\/en\/wp-json\/wp\/v2\/product_cat?post=5348"},{"taxonomy":"product_tag","embeddable":true,"href":"https:\/\/vizomix.hu\/en\/wp-json\/wp\/v2\/product_tag?post=5348"}],"curies":[{"name":"wp","href":"https:\/\/api.w.org\/{rel}","templated":true}]}}