{"id":5343,"date":"2026-03-07T23:27:03","date_gmt":"2026-03-07T22:27:03","guid":{"rendered":"https:\/\/vizomix.hu\/termek\/nike-szines-superrep-go-sportcipo\/"},"modified":"2026-03-18T13:18:42","modified_gmt":"2026-03-18T12:18:42","slug":"nike-szines-superrep-go-sportcipo","status":"publish","type":"product","link":"https:\/\/vizomix.hu\/en\/product\/nike-szines-superrep-go-sportcipo\/","title":{"rendered":"Nike sz\u00ednes SuperRep Go sportcip\u0151"},"content":{"rendered":"<p>Nike SuperRep Go sz\u00ednes sportcip\u0151<\/p>\n<p>Modern \u00e9s felt\u0171n\u0151 Nike SuperRep Go sportcip\u0151 sz\u00ednes kivitelben. K\u00f6nny\u0171, l\u00e9g\u00e1tereszt\u0151 fels\u0151r\u00e9sze \u00e9s puha hab talpa k\u00e9nyelmes p\u00e1rn\u00e1z\u00e1st biztos\u00edt, \u00edgy ide\u00e1lis v\u00e1laszt\u00e1s edz\u00e9shez vagy mindennapi viselethez. Sportos kialak\u00edt\u00e1sa stabil tart\u00e1st \u00e9s rugalmas mozg\u00e1st ny\u00fajt akt\u00edv napokon. \ud83d\udc5f<\/p>\n<p>A modell kifejezetten edz\u00e9shez k\u00e9sz\u00fclt, k\u00f6nny\u0171 \u00e9s rugalmas szerkezettel, amely t\u00e1mogatja a gyors, oldalir\u00e1ny\u00fa mozg\u00e1sokat \u00e9s a k\u00fcl\u00f6nb\u00f6z\u0151 fitness gyakorlatokat.<br \/>\nM\u00e9retez\u00e9s: 37,5  kisebb m\u00e9ret<\/p>","protected":false},"excerpt":{"rendered":"<p>Nike SuperRep Go sz\u00ednes sportcip\u0151 Modern \u00e9s felt\u0171n\u0151 Nike SuperRep Go sportcip\u0151 sz\u00ednes kivitelben. K\u00f6nny\u0171, l\u00e9g\u00e1tereszt\u0151 fels\u0151r\u00e9sze \u00e9s puha hab<a class=\"read-more\" href=\"https:\/\/vizomix.hu\/en\/product\/nike-szines-superrep-go-sportcipo\/\">Tov\u00e1bb<\/a><\/p>","protected":false},"featured_media":5341,"comment_status":"open","ping_status":"closed","template":"","meta":[],"product_brand":[82],"product_cat":[48],"product_tag":[],"class_list":{"0":"post-5343","1":"product","2":"type-product","3":"status-publish","4":"has-post-thumbnail","6":"product_brand-nike","7":"product_cat-cipok-sport-cipok-egyeb-cipok","9":"first","10":"instock","11":"taxable","12":"shipping-taxable","13":"purchasable","14":"product-type-variable","15":"add-to-wishlist-before_add_to_cart"},"supplier_id":null,"supplier_sku":"","barcode":null,"atum_controlled":true,"out_stock_date":null,"out_stock_threshold":null,"inheritable":false,"inbound_stock":0,"stock_on_hold":0,"sold_today":0,"sales_last_days":0,"reserved_stock":0,"customer_returns":0,"warehouse_damage":0,"lost_in_post":0,"other_logs":0,"out_stock_days":0,"lost_sales":0,"has_location":false,"update_date":"2026-03-18T12:18:43","atum_locations":[],"atum_stock_status":"instock","restock_status":false,"low_stock_amount":"","sales_update_date":"2026-03-17T19:15:08","calc_backorders":null,"_links":{"self":[{"href":"https:\/\/vizomix.hu\/en\/wp-json\/wp\/v2\/product\/5343","targetHints":{"allow":["GET"]}}],"collection":[{"href":"https:\/\/vizomix.hu\/en\/wp-json\/wp\/v2\/product"}],"about":[{"href":"https:\/\/vizomix.hu\/en\/wp-json\/wp\/v2\/types\/product"}],"replies":[{"embeddable":true,"href":"https:\/\/vizomix.hu\/en\/wp-json\/wp\/v2\/comments?post=5343"}],"wp:featuredmedia":[{"embeddable":true,"href":"https:\/\/vizomix.hu\/en\/wp-json\/wp\/v2\/media\/5341"}],"wp:attachment":[{"href":"https:\/\/vizomix.hu\/en\/wp-json\/wp\/v2\/media?parent=5343"}],"wp:term":[{"taxonomy":"product_brand","embeddable":true,"href":"https:\/\/vizomix.hu\/en\/wp-json\/wp\/v2\/product_brand?post=5343"},{"taxonomy":"product_cat","embeddable":true,"href":"https:\/\/vizomix.hu\/en\/wp-json\/wp\/v2\/product_cat?post=5343"},{"taxonomy":"product_tag","embeddable":true,"href":"https:\/\/vizomix.hu\/en\/wp-json\/wp\/v2\/product_tag?post=5343"}],"curies":[{"name":"wp","href":"https:\/\/api.w.org\/{rel}","templated":true}]}}