{"id":5339,"date":"2026-03-07T23:23:43","date_gmt":"2026-03-07T22:23:43","guid":{"rendered":"https:\/\/vizomix.hu\/termek\/nike-papucs\/"},"modified":"2026-03-18T13:18:42","modified_gmt":"2026-03-18T12:18:42","slug":"nike-papucs","status":"publish","type":"product","link":"https:\/\/vizomix.hu\/en\/product\/nike-papucs\/","title":{"rendered":"Nike papucs"},"content":{"rendered":"<p>Nike papucs<\/p>\n<p>K\u00e9nyelmes \u00e9s sportos Nike papucs, amely t\u00f6k\u00e9letes v\u00e1laszt\u00e1s a mindennapokra vagy ny\u00e1ri viselethez. K\u00f6nny\u0171 kialak\u00edt\u00e1sa \u00e9s puha hab talpa komfortos l\u00e9p\u00e9st biztos\u00edt, m\u00edg az egyszer\u0171 felh\u00faz\u00f3s fazon gyors \u00e9s praktikus haszn\u00e1latot tesz lehet\u0151v\u00e9. A bord\u00e1zott talp \u00e9s a p\u00e1rn\u00e1zott p\u00e1nt stabil tart\u00e1st ad a l\u00e1bnak.<br \/>\nM\u00e9retez\u00e9s: 36,5 m\u00e9reth\u0171<\/p>","protected":false},"excerpt":{"rendered":"<p>Nike papucs K\u00e9nyelmes \u00e9s sportos Nike papucs, amely t\u00f6k\u00e9letes v\u00e1laszt\u00e1s a mindennapokra vagy ny\u00e1ri viselethez. K\u00f6nny\u0171 kialak\u00edt\u00e1sa \u00e9s puha hab<a class=\"read-more\" href=\"https:\/\/vizomix.hu\/en\/product\/nike-papucs\/\">Tov\u00e1bb<\/a><\/p>","protected":false},"featured_media":5338,"comment_status":"open","ping_status":"closed","template":"","meta":[],"product_brand":[82],"product_cat":[45],"product_tag":[],"class_list":{"0":"post-5339","1":"product","2":"type-product","3":"status-publish","4":"has-post-thumbnail","6":"product_brand-nike","7":"product_cat-papucsok","9":"first","10":"instock","11":"taxable","12":"shipping-taxable","13":"purchasable","14":"product-type-variable","15":"add-to-wishlist-before_add_to_cart"},"supplier_id":null,"supplier_sku":"","barcode":null,"atum_controlled":true,"out_stock_date":null,"out_stock_threshold":null,"inheritable":false,"inbound_stock":0,"stock_on_hold":0,"sold_today":0,"sales_last_days":0,"reserved_stock":0,"customer_returns":0,"warehouse_damage":0,"lost_in_post":0,"other_logs":0,"out_stock_days":0,"lost_sales":0,"has_location":false,"update_date":"2026-03-18T12:18:43","atum_locations":[],"atum_stock_status":"instock","restock_status":false,"low_stock_amount":"","sales_update_date":"2026-03-17T19:15:08","calc_backorders":null,"_links":{"self":[{"href":"https:\/\/vizomix.hu\/en\/wp-json\/wp\/v2\/product\/5339","targetHints":{"allow":["GET"]}}],"collection":[{"href":"https:\/\/vizomix.hu\/en\/wp-json\/wp\/v2\/product"}],"about":[{"href":"https:\/\/vizomix.hu\/en\/wp-json\/wp\/v2\/types\/product"}],"replies":[{"embeddable":true,"href":"https:\/\/vizomix.hu\/en\/wp-json\/wp\/v2\/comments?post=5339"}],"wp:featuredmedia":[{"embeddable":true,"href":"https:\/\/vizomix.hu\/en\/wp-json\/wp\/v2\/media\/5338"}],"wp:attachment":[{"href":"https:\/\/vizomix.hu\/en\/wp-json\/wp\/v2\/media?parent=5339"}],"wp:term":[{"taxonomy":"product_brand","embeddable":true,"href":"https:\/\/vizomix.hu\/en\/wp-json\/wp\/v2\/product_brand?post=5339"},{"taxonomy":"product_cat","embeddable":true,"href":"https:\/\/vizomix.hu\/en\/wp-json\/wp\/v2\/product_cat?post=5339"},{"taxonomy":"product_tag","embeddable":true,"href":"https:\/\/vizomix.hu\/en\/wp-json\/wp\/v2\/product_tag?post=5339"}],"curies":[{"name":"wp","href":"https:\/\/api.w.org\/{rel}","templated":true}]}}