{"id":5330,"date":"2026-03-07T23:15:57","date_gmt":"2026-03-07T22:15:57","guid":{"rendered":"https:\/\/vizomix.hu\/termek\/nike-react-vision-barack-szinu-sportcipo\/"},"modified":"2026-03-18T13:18:42","modified_gmt":"2026-03-18T12:18:42","slug":"nike-react-vision-barack-szinu-sportcipo","status":"publish","type":"product","link":"https:\/\/vizomix.hu\/en\/product\/nike-react-vision-barack-szinu-sportcipo\/","title":{"rendered":"Nike React Vision barack sz\u00edn\u0171 sportcip\u0151"},"content":{"rendered":"<p>Nike React Vision barack sz\u00edn\u0171 sportcip\u0151<\/p>\n<p>Divatos Nike React Vision sportcip\u0151 barack \u00e1rnyalatban, modern \u00e9s k\u00fcl\u00f6nleges diz\u00e1jnnal. A k\u00f6nny\u0171, l\u00e9g\u00e1tereszt\u0151 fels\u0151r\u00e9sz \u00e9s a Nike React hab talp kiv\u00e1l\u00f3 p\u00e1rn\u00e1z\u00e1st biztos\u00edt, \u00edgy eg\u00e9sz nap k\u00e9nyelmes viseletet ny\u00fajt. Sportos \u00e9s trendi v\u00e1laszt\u00e1s a mindennapi outfitekhez. \ud83d\udc5f<\/p>\n<p>A modell t\u00f6bbr\u00e9teg\u0171 text\u00far\u00e1kkal \u00e9s React hab k\u00f6z\u00e9ptalppal k\u00e9sz\u00fcl, amely puha, rugalmas l\u00e9p\u00e9s\u00e9rzetet ad \u00e9s hosszabb visel\u00e9sn\u00e9l is komfortos marad.<br \/>\nM\u00e9retez\u00e9s:<br \/>\nM\u00e9ret: 38; <\/p>","protected":false},"excerpt":{"rendered":"<p>Nike React Vision barack sz\u00edn\u0171 sportcip\u0151 Divatos Nike React Vision sportcip\u0151 barack \u00e1rnyalatban, modern \u00e9s k\u00fcl\u00f6nleges diz\u00e1jnnal. A k\u00f6nny\u0171, l\u00e9g\u00e1tereszt\u0151<a class=\"read-more\" href=\"https:\/\/vizomix.hu\/en\/product\/nike-react-vision-barack-szinu-sportcipo\/\">Tov\u00e1bb<\/a><\/p>","protected":false},"featured_media":5691,"comment_status":"open","ping_status":"closed","template":"","meta":[],"product_brand":[82],"product_cat":[48],"product_tag":[],"class_list":{"0":"post-5330","1":"product","2":"type-product","3":"status-publish","4":"has-post-thumbnail","6":"product_brand-nike","7":"product_cat-cipok-sport-cipok-egyeb-cipok","9":"first","10":"instock","11":"taxable","12":"shipping-taxable","13":"purchasable","14":"product-type-variable","15":"add-to-wishlist-before_add_to_cart"},"supplier_id":null,"supplier_sku":"","barcode":null,"atum_controlled":true,"out_stock_date":null,"out_stock_threshold":null,"inheritable":false,"inbound_stock":null,"stock_on_hold":0,"sold_today":0,"sales_last_days":0,"reserved_stock":null,"customer_returns":null,"warehouse_damage":null,"lost_in_post":null,"other_logs":null,"out_stock_days":0,"lost_sales":0,"has_location":null,"update_date":"2026-03-18T12:18:43","atum_locations":[],"atum_stock_status":"instock","restock_status":false,"low_stock_amount":"","sales_update_date":"2026-03-17T19:15:08","calc_backorders":null,"_links":{"self":[{"href":"https:\/\/vizomix.hu\/en\/wp-json\/wp\/v2\/product\/5330","targetHints":{"allow":["GET"]}}],"collection":[{"href":"https:\/\/vizomix.hu\/en\/wp-json\/wp\/v2\/product"}],"about":[{"href":"https:\/\/vizomix.hu\/en\/wp-json\/wp\/v2\/types\/product"}],"replies":[{"embeddable":true,"href":"https:\/\/vizomix.hu\/en\/wp-json\/wp\/v2\/comments?post=5330"}],"wp:featuredmedia":[{"embeddable":true,"href":"https:\/\/vizomix.hu\/en\/wp-json\/wp\/v2\/media\/5691"}],"wp:attachment":[{"href":"https:\/\/vizomix.hu\/en\/wp-json\/wp\/v2\/media?parent=5330"}],"wp:term":[{"taxonomy":"product_brand","embeddable":true,"href":"https:\/\/vizomix.hu\/en\/wp-json\/wp\/v2\/product_brand?post=5330"},{"taxonomy":"product_cat","embeddable":true,"href":"https:\/\/vizomix.hu\/en\/wp-json\/wp\/v2\/product_cat?post=5330"},{"taxonomy":"product_tag","embeddable":true,"href":"https:\/\/vizomix.hu\/en\/wp-json\/wp\/v2\/product_tag?post=5330"}],"curies":[{"name":"wp","href":"https:\/\/api.w.org\/{rel}","templated":true}]}}