{"id":532,"date":"2026-02-10T16:49:56","date_gmt":"2026-02-10T15:49:56","guid":{"rendered":"https:\/\/vizomix.hu\/termek\/zara-hosszu-ruha\/"},"modified":"2026-03-18T13:22:06","modified_gmt":"2026-03-18T12:22:06","slug":"zara-hosszu-ruha","status":"publish","type":"product","link":"https:\/\/vizomix.hu\/en\/product\/zara-hosszu-ruha\/","title":{"rendered":"Zara fekete anyag\u00e1ban bord\u00e1zott rugalmas hossz\u00fa kiv\u00e1gott ruha"},"content":{"rendered":"<p>Zara fekete anyag\u00e1ban bord\u00e1zott, rugalmas, hossz\u00fa kiv\u00e1gott ruha<\/p>\n<p>St\u00edlusos \u00e9s n\u0151ies v\u00e1laszt\u00e1s alkalmi \u00e9s eleg\u00e1ns megjelen\u00e9shez. Ez a fekete, anyag\u00e1ban bord\u00e1zott ruha rugalmas kialak\u00edt\u00e1s\u00e1nak k\u00f6sz\u00f6nhet\u0151en sz\u00e9pen k\u00f6veti az alakot, mik\u00f6zben k\u00e9nyelmes viseletet biztos\u00edt.<\/p>\n<p>A hossz\u00fa fazon eleg\u00e1ns hat\u00e1st kelt, m\u00edg a kiv\u00e1gott r\u00e9sz modern \u00e9s figyelemfelkelt\u0151 megjelen\u00e9st ad a darabnak. T\u00f6k\u00e9letes v\u00e1laszt\u00e1s k\u00fcl\u00f6nleges alkalmakra, esti programokra vagy eleg\u00e1ns h\u00e9tk\u00f6znapi szettekhez.<br \/>\nM\u00e9retez\u00e9s: m\u00e9reth\u0171<\/p>","protected":false},"excerpt":{"rendered":"<p>Zara fekete anyag\u00e1ban bord\u00e1zott, rugalmas, hossz\u00fa kiv\u00e1gott ruha St\u00edlusos \u00e9s n\u0151ies v\u00e1laszt\u00e1s alkalmi \u00e9s eleg\u00e1ns megjelen\u00e9shez. Ez a fekete, anyag\u00e1ban<a class=\"read-more\" href=\"https:\/\/vizomix.hu\/en\/product\/zara-hosszu-ruha\/\">Tov\u00e1bb<\/a><\/p>","protected":false},"featured_media":6654,"comment_status":"open","ping_status":"closed","template":"","meta":[],"product_brand":[76],"product_cat":[33],"product_tag":[],"class_list":{"0":"post-532","1":"product","2":"type-product","3":"status-publish","4":"has-post-thumbnail","6":"product_brand-zara","7":"product_cat-hosszu-ruhak-midi-ruhak-overalok","9":"first","10":"instock","11":"taxable","12":"shipping-taxable","13":"purchasable","14":"product-type-variable","15":"add-to-wishlist-before_add_to_cart"},"supplier_id":null,"supplier_sku":"","barcode":null,"atum_controlled":true,"out_stock_date":null,"out_stock_threshold":null,"inheritable":false,"inbound_stock":null,"stock_on_hold":0,"sold_today":0,"sales_last_days":0,"reserved_stock":null,"customer_returns":null,"warehouse_damage":null,"lost_in_post":null,"other_logs":null,"out_stock_days":0,"lost_sales":0,"has_location":null,"update_date":"2026-03-18T12:22:07","atum_locations":[],"atum_stock_status":"instock","restock_status":false,"low_stock_amount":"","sales_update_date":"2026-03-17T19:15:20","calc_backorders":null,"_links":{"self":[{"href":"https:\/\/vizomix.hu\/en\/wp-json\/wp\/v2\/product\/532","targetHints":{"allow":["GET"]}}],"collection":[{"href":"https:\/\/vizomix.hu\/en\/wp-json\/wp\/v2\/product"}],"about":[{"href":"https:\/\/vizomix.hu\/en\/wp-json\/wp\/v2\/types\/product"}],"replies":[{"embeddable":true,"href":"https:\/\/vizomix.hu\/en\/wp-json\/wp\/v2\/comments?post=532"}],"wp:featuredmedia":[{"embeddable":true,"href":"https:\/\/vizomix.hu\/en\/wp-json\/wp\/v2\/media\/6654"}],"wp:attachment":[{"href":"https:\/\/vizomix.hu\/en\/wp-json\/wp\/v2\/media?parent=532"}],"wp:term":[{"taxonomy":"product_brand","embeddable":true,"href":"https:\/\/vizomix.hu\/en\/wp-json\/wp\/v2\/product_brand?post=532"},{"taxonomy":"product_cat","embeddable":true,"href":"https:\/\/vizomix.hu\/en\/wp-json\/wp\/v2\/product_cat?post=532"},{"taxonomy":"product_tag","embeddable":true,"href":"https:\/\/vizomix.hu\/en\/wp-json\/wp\/v2\/product_tag?post=532"}],"curies":[{"name":"wp","href":"https:\/\/api.w.org\/{rel}","templated":true}]}}