{"id":5308,"date":"2026-03-06T17:24:34","date_gmt":"2026-03-06T16:24:34","guid":{"rendered":"https:\/\/vizomix.hu\/termek\/zara-barna-valodi-bor-mokaszin\/"},"modified":"2026-03-18T13:18:42","modified_gmt":"2026-03-18T12:18:42","slug":"zara-barna-valodi-bor-mokaszin","status":"publish","type":"product","link":"https:\/\/vizomix.hu\/en\/product\/zara-barna-valodi-bor-mokaszin\/","title":{"rendered":"Zara barna val\u00f3di b\u0151r mokaszin"},"content":{"rendered":"<p>Zara barna val\u00f3di b\u0151r mokaszin<\/p>\n<p>K\u00e9nyelmes \u00e9s id\u0151t\u00e1ll\u00f3 Zara mokaszin barna, val\u00f3di b\u0151r kivitelben. Letisztult form\u00e1ja \u00e9s lapos talpa eg\u00e9sz napos komfortot biztos\u00edt, \u00edgy t\u00f6k\u00e9letes v\u00e1laszt\u00e1s h\u00e9tk\u00f6znapi \u00e9s eleg\u00e1nsabb szettekhez is. A b\u0151r mokaszinok klasszikus, k\u00f6nnyen kombin\u00e1lhat\u00f3 darabjai a ruhat\u00e1rnak.<br \/>\nAnyag\u00f6sszet\u00e9tel: val\u00f3di b\u0151r<br \/>\nM\u00e9retez\u00e9s: m\u00e9reth\u0171<\/p>","protected":false},"excerpt":{"rendered":"<p>Zara barna val\u00f3di b\u0151r mokaszin K\u00e9nyelmes \u00e9s id\u0151t\u00e1ll\u00f3 Zara mokaszin barna, val\u00f3di b\u0151r kivitelben. Letisztult form\u00e1ja \u00e9s lapos talpa eg\u00e9sz<a class=\"read-more\" href=\"https:\/\/vizomix.hu\/en\/product\/zara-barna-valodi-bor-mokaszin\/\">Tov\u00e1bb<\/a><\/p>","protected":false},"featured_media":5306,"comment_status":"open","ping_status":"closed","template":"","meta":[],"product_brand":[76],"product_cat":[48],"product_tag":[],"class_list":{"0":"post-5308","1":"product","2":"type-product","3":"status-publish","4":"has-post-thumbnail","6":"product_brand-zara","7":"product_cat-cipok-sport-cipok-egyeb-cipok","9":"first","10":"instock","11":"taxable","12":"shipping-taxable","13":"purchasable","14":"product-type-variable","15":"add-to-wishlist-before_add_to_cart"},"supplier_id":null,"supplier_sku":"","barcode":null,"atum_controlled":true,"out_stock_date":null,"out_stock_threshold":null,"inheritable":false,"inbound_stock":null,"stock_on_hold":0,"sold_today":0,"sales_last_days":0,"reserved_stock":null,"customer_returns":null,"warehouse_damage":null,"lost_in_post":null,"other_logs":null,"out_stock_days":0,"lost_sales":0,"has_location":null,"update_date":"2026-03-18T12:18:43","atum_locations":[],"atum_stock_status":"instock","restock_status":false,"low_stock_amount":"","sales_update_date":"2026-03-17T19:15:08","calc_backorders":null,"_links":{"self":[{"href":"https:\/\/vizomix.hu\/en\/wp-json\/wp\/v2\/product\/5308","targetHints":{"allow":["GET"]}}],"collection":[{"href":"https:\/\/vizomix.hu\/en\/wp-json\/wp\/v2\/product"}],"about":[{"href":"https:\/\/vizomix.hu\/en\/wp-json\/wp\/v2\/types\/product"}],"replies":[{"embeddable":true,"href":"https:\/\/vizomix.hu\/en\/wp-json\/wp\/v2\/comments?post=5308"}],"wp:featuredmedia":[{"embeddable":true,"href":"https:\/\/vizomix.hu\/en\/wp-json\/wp\/v2\/media\/5306"}],"wp:attachment":[{"href":"https:\/\/vizomix.hu\/en\/wp-json\/wp\/v2\/media?parent=5308"}],"wp:term":[{"taxonomy":"product_brand","embeddable":true,"href":"https:\/\/vizomix.hu\/en\/wp-json\/wp\/v2\/product_brand?post=5308"},{"taxonomy":"product_cat","embeddable":true,"href":"https:\/\/vizomix.hu\/en\/wp-json\/wp\/v2\/product_cat?post=5308"},{"taxonomy":"product_tag","embeddable":true,"href":"https:\/\/vizomix.hu\/en\/wp-json\/wp\/v2\/product_tag?post=5308"}],"curies":[{"name":"wp","href":"https:\/\/api.w.org\/{rel}","templated":true}]}}