{"id":5238,"date":"2026-03-06T11:22:35","date_gmt":"2026-03-06T10:22:35","guid":{"rendered":"https:\/\/vizomix.hu\/termek\/zara-fekete-hosszu-magassarku-combcsizma\/"},"modified":"2026-03-18T13:18:42","modified_gmt":"2026-03-18T12:18:42","slug":"zara-fekete-hosszu-magassarku-combcsizma","status":"publish","type":"product","link":"https:\/\/vizomix.hu\/en\/product\/zara-fekete-hosszu-magassarku-combcsizma\/","title":{"rendered":"Zara fekete hossz\u00fa magassark\u00fa combcsizma"},"content":{"rendered":"<p>Zara fekete hossz\u00fa magassark\u00fa combcsizma<\/p>\n<p>St\u00edlusos Zara combcsizma fekete sz\u00ednben, n\u0151ies magassark\u00fa kialak\u00edt\u00e1ssal. Hossz\u00fa sz\u00e1ra \u00e9s eleg\u00e1ns form\u00e1ja kiemeli az alakot, \u00edgy t\u00f6k\u00e9letes v\u00e1laszt\u00e1s alkalmi vagy divatos h\u00e9tk\u00f6znapi szettekhez. A hegyes orr \u00e9s a magas sarok k\u00fcl\u00f6n\u00f6sen eleg\u00e1ns megjelen\u00e9st ad a csizm\u00e1nak.<br \/>\nM\u00e9retez\u00e9s: m\u00e9reth\u0171<\/p>","protected":false},"excerpt":{"rendered":"<p>Zara fekete hossz\u00fa magassark\u00fa combcsizma St\u00edlusos Zara combcsizma fekete sz\u00ednben, n\u0151ies magassark\u00fa kialak\u00edt\u00e1ssal. Hossz\u00fa sz\u00e1ra \u00e9s eleg\u00e1ns form\u00e1ja kiemeli az<a class=\"read-more\" href=\"https:\/\/vizomix.hu\/en\/product\/zara-fekete-hosszu-magassarku-combcsizma\/\">Tov\u00e1bb<\/a><\/p>","protected":false},"featured_media":5642,"comment_status":"open","ping_status":"closed","template":"","meta":[],"product_brand":[76],"product_cat":[44],"product_tag":[],"class_list":{"0":"post-5238","1":"product","2":"type-product","3":"status-publish","4":"has-post-thumbnail","6":"product_brand-zara","7":"product_cat-csizmak","9":"first","10":"instock","11":"taxable","12":"shipping-taxable","13":"purchasable","14":"product-type-variable","15":"add-to-wishlist-before_add_to_cart"},"supplier_id":null,"supplier_sku":"","barcode":null,"atum_controlled":true,"out_stock_date":null,"out_stock_threshold":null,"inheritable":false,"inbound_stock":null,"stock_on_hold":0,"sold_today":0,"sales_last_days":0,"reserved_stock":null,"customer_returns":null,"warehouse_damage":null,"lost_in_post":null,"other_logs":null,"out_stock_days":0,"lost_sales":0,"has_location":null,"update_date":"2026-03-18T12:18:43","atum_locations":[],"atum_stock_status":"instock","restock_status":false,"low_stock_amount":"","sales_update_date":"2026-03-17T19:15:08","calc_backorders":null,"_links":{"self":[{"href":"https:\/\/vizomix.hu\/en\/wp-json\/wp\/v2\/product\/5238","targetHints":{"allow":["GET"]}}],"collection":[{"href":"https:\/\/vizomix.hu\/en\/wp-json\/wp\/v2\/product"}],"about":[{"href":"https:\/\/vizomix.hu\/en\/wp-json\/wp\/v2\/types\/product"}],"replies":[{"embeddable":true,"href":"https:\/\/vizomix.hu\/en\/wp-json\/wp\/v2\/comments?post=5238"}],"wp:featuredmedia":[{"embeddable":true,"href":"https:\/\/vizomix.hu\/en\/wp-json\/wp\/v2\/media\/5642"}],"wp:attachment":[{"href":"https:\/\/vizomix.hu\/en\/wp-json\/wp\/v2\/media?parent=5238"}],"wp:term":[{"taxonomy":"product_brand","embeddable":true,"href":"https:\/\/vizomix.hu\/en\/wp-json\/wp\/v2\/product_brand?post=5238"},{"taxonomy":"product_cat","embeddable":true,"href":"https:\/\/vizomix.hu\/en\/wp-json\/wp\/v2\/product_cat?post=5238"},{"taxonomy":"product_tag","embeddable":true,"href":"https:\/\/vizomix.hu\/en\/wp-json\/wp\/v2\/product_tag?post=5238"}],"curies":[{"name":"wp","href":"https:\/\/api.w.org\/{rel}","templated":true}]}}