{"id":5217,"date":"2026-03-06T11:09:12","date_gmt":"2026-03-06T10:09:12","guid":{"rendered":"https:\/\/vizomix.hu\/termek\/zara-feher-fekete-valodi-bor-csizma\/"},"modified":"2026-03-18T13:18:42","modified_gmt":"2026-03-18T12:18:42","slug":"zara-feher-fekete-valodi-bor-csizma","status":"publish","type":"product","link":"https:\/\/vizomix.hu\/en\/product\/zara-feher-fekete-valodi-bor-csizma\/","title":{"rendered":"Zara feh\u00e9r\/fekete val\u00f3di b\u0151r csizma"},"content":{"rendered":"<p>Zara feh\u00e9r \/ fekete val\u00f3di b\u0151r csizma<\/p>\n<p>St\u00edlusos Zara csizma feh\u00e9r \u00e9s fekete sz\u00ednkombin\u00e1ci\u00f3ban, val\u00f3di b\u0151r kivitelben. Id\u0151t\u00e1ll\u00f3 kialak\u00edt\u00e1sa eleg\u00e1ns \u00e9s modern megjelen\u00e9st biztos\u00edt, \u00edgy t\u00f6k\u00e9letes v\u00e1laszt\u00e1s mindennapi \u00e9s alkalmi szettekhez is. A b\u0151r cip\u0151k tart\u00f3ss\u00e1guk \u00e9s pr\u00e9mium hat\u00e1suk miatt a divat alapdarabjai k\u00f6z\u00e9 tartoznak.<br \/>\nM\u00e9retez\u00e9s: m\u00e9reth\u0171<\/p>","protected":false},"excerpt":{"rendered":"<p>Zara feh\u00e9r \/ fekete val\u00f3di b\u0151r csizma St\u00edlusos Zara csizma feh\u00e9r \u00e9s fekete sz\u00ednkombin\u00e1ci\u00f3ban, val\u00f3di b\u0151r kivitelben. Id\u0151t\u00e1ll\u00f3 kialak\u00edt\u00e1sa eleg\u00e1ns<a class=\"read-more\" href=\"https:\/\/vizomix.hu\/en\/product\/zara-feher-fekete-valodi-bor-csizma\/\">Tov\u00e1bb<\/a><\/p>","protected":false},"featured_media":5636,"comment_status":"open","ping_status":"closed","template":"","meta":[],"product_brand":[76],"product_cat":[44],"product_tag":[],"class_list":{"0":"post-5217","1":"product","2":"type-product","3":"status-publish","4":"has-post-thumbnail","6":"product_brand-zara","7":"product_cat-csizmak","9":"first","10":"instock","11":"taxable","12":"shipping-taxable","13":"purchasable","14":"product-type-variable","15":"add-to-wishlist-before_add_to_cart"},"supplier_id":null,"supplier_sku":"","barcode":null,"atum_controlled":true,"out_stock_date":null,"out_stock_threshold":null,"inheritable":false,"inbound_stock":null,"stock_on_hold":0,"sold_today":0,"sales_last_days":0,"reserved_stock":null,"customer_returns":null,"warehouse_damage":null,"lost_in_post":null,"other_logs":null,"out_stock_days":0,"lost_sales":0,"has_location":null,"update_date":"2026-03-18T12:18:43","atum_locations":[],"atum_stock_status":"instock","restock_status":false,"low_stock_amount":"","sales_update_date":"2026-03-17T19:15:08","calc_backorders":null,"_links":{"self":[{"href":"https:\/\/vizomix.hu\/en\/wp-json\/wp\/v2\/product\/5217","targetHints":{"allow":["GET"]}}],"collection":[{"href":"https:\/\/vizomix.hu\/en\/wp-json\/wp\/v2\/product"}],"about":[{"href":"https:\/\/vizomix.hu\/en\/wp-json\/wp\/v2\/types\/product"}],"replies":[{"embeddable":true,"href":"https:\/\/vizomix.hu\/en\/wp-json\/wp\/v2\/comments?post=5217"}],"wp:featuredmedia":[{"embeddable":true,"href":"https:\/\/vizomix.hu\/en\/wp-json\/wp\/v2\/media\/5636"}],"wp:attachment":[{"href":"https:\/\/vizomix.hu\/en\/wp-json\/wp\/v2\/media?parent=5217"}],"wp:term":[{"taxonomy":"product_brand","embeddable":true,"href":"https:\/\/vizomix.hu\/en\/wp-json\/wp\/v2\/product_brand?post=5217"},{"taxonomy":"product_cat","embeddable":true,"href":"https:\/\/vizomix.hu\/en\/wp-json\/wp\/v2\/product_cat?post=5217"},{"taxonomy":"product_tag","embeddable":true,"href":"https:\/\/vizomix.hu\/en\/wp-json\/wp\/v2\/product_tag?post=5217"}],"curies":[{"name":"wp","href":"https:\/\/api.w.org\/{rel}","templated":true}]}}