{"id":5209,"date":"2026-03-06T10:56:30","date_gmt":"2026-03-06T09:56:30","guid":{"rendered":"https:\/\/vizomix.hu\/termek\/michael-kors-fekete-vizlepergetos-szegecses-cipo\/"},"modified":"2026-03-18T13:18:42","modified_gmt":"2026-03-18T12:18:42","slug":"michael-kors-fekete-vizlepergetos-szegecses-cipo","status":"publish","type":"product","link":"https:\/\/vizomix.hu\/en\/product\/michael-kors-fekete-vizlepergetos-szegecses-cipo\/","title":{"rendered":"Michael Kors fekete v\u00edzleperget\u0151s szegecses cip\u0151"},"content":{"rendered":"<p>Michael Kors fekete v\u00edzleperget\u0151s szegecses cip\u0151<\/p>\n<p>St\u00edlusos Michael Kors cip\u0151 fekete kivitelben, v\u00edzleperget\u0151 anyaggal \u00e9s karakteres szegecses d\u00edsz\u00edt\u00e9ssel. Praktikus \u00e9s divatos v\u00e1laszt\u00e1s, amely k\u00e9nyelmet \u00e9s modern megjelen\u00e9st biztos\u00edt a mindennapokra.<br \/>\nM\u00e9retez\u00e9s: 36,5 nagyobb m\u00e9ret<\/p>","protected":false},"excerpt":{"rendered":"<p>Michael Kors fekete v\u00edzleperget\u0151s szegecses cip\u0151 St\u00edlusos Michael Kors cip\u0151 fekete kivitelben, v\u00edzleperget\u0151 anyaggal \u00e9s karakteres szegecses d\u00edsz\u00edt\u00e9ssel. Praktikus \u00e9s<a class=\"read-more\" href=\"https:\/\/vizomix.hu\/en\/product\/michael-kors-fekete-vizlepergetos-szegecses-cipo\/\">Tov\u00e1bb<\/a><\/p>","protected":false},"featured_media":5627,"comment_status":"open","ping_status":"closed","template":"","meta":[],"product_brand":[91],"product_cat":[48],"product_tag":[],"class_list":{"0":"post-5209","1":"product","2":"type-product","3":"status-publish","4":"has-post-thumbnail","6":"product_brand-michael-kors","7":"product_cat-cipok-sport-cipok-egyeb-cipok","9":"first","10":"instock","11":"taxable","12":"shipping-taxable","13":"purchasable","14":"product-type-variable","15":"add-to-wishlist-before_add_to_cart"},"supplier_id":null,"supplier_sku":"","barcode":null,"atum_controlled":true,"out_stock_date":null,"out_stock_threshold":null,"inheritable":false,"inbound_stock":null,"stock_on_hold":0,"sold_today":0,"sales_last_days":0,"reserved_stock":null,"customer_returns":null,"warehouse_damage":null,"lost_in_post":null,"other_logs":null,"out_stock_days":0,"lost_sales":0,"has_location":null,"update_date":"2026-03-18T12:18:43","atum_locations":[],"atum_stock_status":"instock","restock_status":false,"low_stock_amount":"","sales_update_date":"2026-03-17T19:15:20","calc_backorders":null,"_links":{"self":[{"href":"https:\/\/vizomix.hu\/en\/wp-json\/wp\/v2\/product\/5209","targetHints":{"allow":["GET"]}}],"collection":[{"href":"https:\/\/vizomix.hu\/en\/wp-json\/wp\/v2\/product"}],"about":[{"href":"https:\/\/vizomix.hu\/en\/wp-json\/wp\/v2\/types\/product"}],"replies":[{"embeddable":true,"href":"https:\/\/vizomix.hu\/en\/wp-json\/wp\/v2\/comments?post=5209"}],"wp:featuredmedia":[{"embeddable":true,"href":"https:\/\/vizomix.hu\/en\/wp-json\/wp\/v2\/media\/5627"}],"wp:attachment":[{"href":"https:\/\/vizomix.hu\/en\/wp-json\/wp\/v2\/media?parent=5209"}],"wp:term":[{"taxonomy":"product_brand","embeddable":true,"href":"https:\/\/vizomix.hu\/en\/wp-json\/wp\/v2\/product_brand?post=5209"},{"taxonomy":"product_cat","embeddable":true,"href":"https:\/\/vizomix.hu\/en\/wp-json\/wp\/v2\/product_cat?post=5209"},{"taxonomy":"product_tag","embeddable":true,"href":"https:\/\/vizomix.hu\/en\/wp-json\/wp\/v2\/product_tag?post=5209"}],"curies":[{"name":"wp","href":"https:\/\/api.w.org\/{rel}","templated":true}]}}