{"id":5201,"date":"2026-03-06T10:46:12","date_gmt":"2026-03-06T09:46:12","guid":{"rendered":"https:\/\/vizomix.hu\/termek\/zara-fekete-picit-csillamos-zoknicipo\/"},"modified":"2026-03-18T13:18:42","modified_gmt":"2026-03-18T12:18:42","slug":"zara-fekete-picit-csillamos-zoknicipo","status":"publish","type":"product","link":"https:\/\/vizomix.hu\/en\/product\/zara-fekete-picit-csillamos-zoknicipo\/","title":{"rendered":"Zara fekete picit csill\u00e1mos zoknicip\u0151"},"content":{"rendered":"<p>Zara fekete zoknicip\u0151<\/p>\n<p>Trendi Zara zoknicip\u0151 fekete sz\u00ednben, rugalmas \u00e9s k\u00e9nyelmes kialak\u00edt\u00e1ssal. Letisztult, sportos st\u00edlusa t\u00f6k\u00e9letes v\u00e1laszt\u00e1s a mindennapi viselethez.<br \/>\nAnyag\u00e1ban picit csillog\u00f3s \u00edgy t\u00f6k\u00e9letesen feldobja a szetted.<br \/>\nM\u00e9retez\u00e9s: m\u00e9reth\u0171<\/p>","protected":false},"excerpt":{"rendered":"<p>Zara fekete zoknicip\u0151 Trendi Zara zoknicip\u0151 fekete sz\u00ednben, rugalmas \u00e9s k\u00e9nyelmes kialak\u00edt\u00e1ssal. Letisztult, sportos st\u00edlusa t\u00f6k\u00e9letes v\u00e1laszt\u00e1s a mindennapi viselethez.<a class=\"read-more\" href=\"https:\/\/vizomix.hu\/en\/product\/zara-fekete-picit-csillamos-zoknicipo\/\">Tov\u00e1bb<\/a><\/p>","protected":false},"featured_media":5614,"comment_status":"open","ping_status":"closed","template":"","meta":[],"product_brand":[76],"product_cat":[48],"product_tag":[],"class_list":{"0":"post-5201","1":"product","2":"type-product","3":"status-publish","4":"has-post-thumbnail","6":"product_brand-zara","7":"product_cat-cipok-sport-cipok-egyeb-cipok","9":"first","10":"instock","11":"taxable","12":"shipping-taxable","13":"purchasable","14":"product-type-variable","15":"add-to-wishlist-before_add_to_cart"},"supplier_id":null,"supplier_sku":"","barcode":null,"atum_controlled":true,"out_stock_date":null,"out_stock_threshold":null,"inheritable":false,"inbound_stock":0,"stock_on_hold":0,"sold_today":0,"sales_last_days":0,"reserved_stock":0,"customer_returns":0,"warehouse_damage":0,"lost_in_post":0,"other_logs":0,"out_stock_days":0,"lost_sales":0,"has_location":false,"update_date":"2026-03-18T12:18:43","atum_locations":[],"atum_stock_status":"instock","restock_status":false,"low_stock_amount":"","sales_update_date":"2026-03-17T19:15:07","calc_backorders":null,"_links":{"self":[{"href":"https:\/\/vizomix.hu\/en\/wp-json\/wp\/v2\/product\/5201","targetHints":{"allow":["GET"]}}],"collection":[{"href":"https:\/\/vizomix.hu\/en\/wp-json\/wp\/v2\/product"}],"about":[{"href":"https:\/\/vizomix.hu\/en\/wp-json\/wp\/v2\/types\/product"}],"replies":[{"embeddable":true,"href":"https:\/\/vizomix.hu\/en\/wp-json\/wp\/v2\/comments?post=5201"}],"wp:featuredmedia":[{"embeddable":true,"href":"https:\/\/vizomix.hu\/en\/wp-json\/wp\/v2\/media\/5614"}],"wp:attachment":[{"href":"https:\/\/vizomix.hu\/en\/wp-json\/wp\/v2\/media?parent=5201"}],"wp:term":[{"taxonomy":"product_brand","embeddable":true,"href":"https:\/\/vizomix.hu\/en\/wp-json\/wp\/v2\/product_brand?post=5201"},{"taxonomy":"product_cat","embeddable":true,"href":"https:\/\/vizomix.hu\/en\/wp-json\/wp\/v2\/product_cat?post=5201"},{"taxonomy":"product_tag","embeddable":true,"href":"https:\/\/vizomix.hu\/en\/wp-json\/wp\/v2\/product_tag?post=5201"}],"curies":[{"name":"wp","href":"https:\/\/api.w.org\/{rel}","templated":true}]}}