{"id":5194,"date":"2026-03-06T10:31:02","date_gmt":"2026-03-06T09:31:02","guid":{"rendered":"https:\/\/vizomix.hu\/termek\/zara-szurke-magasitott-zoknicipo\/"},"modified":"2026-03-18T13:18:42","modified_gmt":"2026-03-18T12:18:42","slug":"zara-szurke-magasitott-zoknicipo","status":"publish","type":"product","link":"https:\/\/vizomix.hu\/en\/product\/zara-szurke-magasitott-zoknicipo\/","title":{"rendered":"Zara sz\u00fcrke magas\u00edtott zoknicip\u0151"},"content":{"rendered":"<p>Zara sz\u00fcrke magas\u00edtott zoknicip\u0151<\/p>\n<p>Modern kialak\u00edt\u00e1s\u00fa Zara zoknicip\u0151 sz\u00fcrke sz\u00ednben, magas\u00edtott talppal. Rugalmas fels\u0151r\u00e9sze k\u00e9nyelmes illeszked\u00e9st biztos\u00edt, sportos \u00e9s trendi v\u00e1laszt\u00e1s a mindennapi viselethez.<br \/>\nM\u00e9retez\u00e9s: m\u00e9reth\u0171<\/p>","protected":false},"excerpt":{"rendered":"<p>Zara sz\u00fcrke magas\u00edtott zoknicip\u0151 Modern kialak\u00edt\u00e1s\u00fa Zara zoknicip\u0151 sz\u00fcrke sz\u00ednben, magas\u00edtott talppal. Rugalmas fels\u0151r\u00e9sze k\u00e9nyelmes illeszked\u00e9st biztos\u00edt, sportos \u00e9s trendi<a class=\"read-more\" href=\"https:\/\/vizomix.hu\/en\/product\/zara-szurke-magasitott-zoknicipo\/\">Tov\u00e1bb<\/a><\/p>","protected":false},"featured_media":5605,"comment_status":"open","ping_status":"closed","template":"","meta":[],"product_brand":[76],"product_cat":[48],"product_tag":[],"class_list":{"0":"post-5194","1":"product","2":"type-product","3":"status-publish","4":"has-post-thumbnail","6":"product_brand-zara","7":"product_cat-cipok-sport-cipok-egyeb-cipok","9":"first","10":"instock","11":"taxable","12":"shipping-taxable","13":"purchasable","14":"product-type-variable","15":"add-to-wishlist-before_add_to_cart"},"supplier_id":null,"supplier_sku":"","barcode":null,"atum_controlled":true,"out_stock_date":null,"out_stock_threshold":null,"inheritable":false,"inbound_stock":0,"stock_on_hold":0,"sold_today":0,"sales_last_days":0,"reserved_stock":0,"customer_returns":0,"warehouse_damage":0,"lost_in_post":0,"other_logs":0,"out_stock_days":0,"lost_sales":0,"has_location":false,"update_date":"2026-03-18T12:18:43","atum_locations":[],"atum_stock_status":"instock","restock_status":false,"low_stock_amount":"","sales_update_date":"2026-03-17T19:15:07","calc_backorders":null,"_links":{"self":[{"href":"https:\/\/vizomix.hu\/en\/wp-json\/wp\/v2\/product\/5194","targetHints":{"allow":["GET"]}}],"collection":[{"href":"https:\/\/vizomix.hu\/en\/wp-json\/wp\/v2\/product"}],"about":[{"href":"https:\/\/vizomix.hu\/en\/wp-json\/wp\/v2\/types\/product"}],"replies":[{"embeddable":true,"href":"https:\/\/vizomix.hu\/en\/wp-json\/wp\/v2\/comments?post=5194"}],"wp:featuredmedia":[{"embeddable":true,"href":"https:\/\/vizomix.hu\/en\/wp-json\/wp\/v2\/media\/5605"}],"wp:attachment":[{"href":"https:\/\/vizomix.hu\/en\/wp-json\/wp\/v2\/media?parent=5194"}],"wp:term":[{"taxonomy":"product_brand","embeddable":true,"href":"https:\/\/vizomix.hu\/en\/wp-json\/wp\/v2\/product_brand?post=5194"},{"taxonomy":"product_cat","embeddable":true,"href":"https:\/\/vizomix.hu\/en\/wp-json\/wp\/v2\/product_cat?post=5194"},{"taxonomy":"product_tag","embeddable":true,"href":"https:\/\/vizomix.hu\/en\/wp-json\/wp\/v2\/product_tag?post=5194"}],"curies":[{"name":"wp","href":"https:\/\/api.w.org\/{rel}","templated":true}]}}