{"id":5157,"date":"2026-03-06T10:06:06","date_gmt":"2026-03-06T09:06:06","guid":{"rendered":"https:\/\/vizomix.hu\/termek\/zara-lila-barna-kiralykek-masnis-diszu-magassarku-szandal\/"},"modified":"2026-03-18T13:18:42","modified_gmt":"2026-03-18T12:18:42","slug":"zara-lila-barna-kiralykek-masnis-diszu-magassarku-szandal","status":"publish","type":"product","link":"https:\/\/vizomix.hu\/en\/product\/zara-lila-barna-kiralykek-masnis-diszu-magassarku-szandal\/","title":{"rendered":"Zara lila, barna, kir\u00e1lyk\u00e9k masnis d\u00edsz\u0171 magassark\u00fa szand\u00e1l"},"content":{"rendered":"<p>Zara lila, barna \u00e9s kir\u00e1lyk\u00e9k masnis d\u00edsz\u0171 magassark\u00fa szand\u00e1l<\/p>\n<p>K\u00fcl\u00f6nleges sz\u00ednkombin\u00e1ci\u00f3j\u00fa Zara magassark\u00fa szand\u00e1l lila, barna \u00e9s kir\u00e1lyk\u00e9k \u00e1rnyalatokkal. A n\u0151ies masnis d\u00edsz eleg\u00e1ns megjelen\u00e9st ad, \u00edgy t\u00f6k\u00e9letes v\u00e1laszt\u00e1s alkalmi vagy st\u00edlusos ny\u00e1ri szettekhez.<br \/>\nM\u00e9retez\u00e9s: m\u00e9reth\u0171<\/p>","protected":false},"excerpt":{"rendered":"<p>Zara lila, barna \u00e9s kir\u00e1lyk\u00e9k masnis d\u00edsz\u0171 magassark\u00fa szand\u00e1l K\u00fcl\u00f6nleges sz\u00ednkombin\u00e1ci\u00f3j\u00fa Zara magassark\u00fa szand\u00e1l lila, barna \u00e9s kir\u00e1lyk\u00e9k \u00e1rnyalatokkal. A<a class=\"read-more\" href=\"https:\/\/vizomix.hu\/en\/product\/zara-lila-barna-kiralykek-masnis-diszu-magassarku-szandal\/\">Tov\u00e1bb<\/a><\/p>","protected":false},"featured_media":5151,"comment_status":"open","ping_status":"closed","template":"","meta":[],"product_brand":[76],"product_cat":[46],"product_tag":[],"class_list":{"0":"post-5157","1":"product","2":"type-product","3":"status-publish","4":"has-post-thumbnail","6":"product_brand-zara","7":"product_cat-szandalok","9":"first","10":"instock","11":"taxable","12":"shipping-taxable","13":"purchasable","14":"product-type-variable","15":"add-to-wishlist-before_add_to_cart"},"supplier_id":null,"supplier_sku":"","barcode":null,"atum_controlled":true,"out_stock_date":null,"out_stock_threshold":null,"inheritable":false,"inbound_stock":0,"stock_on_hold":0,"sold_today":0,"sales_last_days":0,"reserved_stock":0,"customer_returns":0,"warehouse_damage":0,"lost_in_post":0,"other_logs":0,"out_stock_days":0,"lost_sales":0,"has_location":false,"update_date":"2026-03-18T12:18:43","atum_locations":[],"atum_stock_status":"instock","restock_status":false,"low_stock_amount":"","sales_update_date":"2026-03-17T19:15:07","calc_backorders":null,"_links":{"self":[{"href":"https:\/\/vizomix.hu\/en\/wp-json\/wp\/v2\/product\/5157","targetHints":{"allow":["GET"]}}],"collection":[{"href":"https:\/\/vizomix.hu\/en\/wp-json\/wp\/v2\/product"}],"about":[{"href":"https:\/\/vizomix.hu\/en\/wp-json\/wp\/v2\/types\/product"}],"replies":[{"embeddable":true,"href":"https:\/\/vizomix.hu\/en\/wp-json\/wp\/v2\/comments?post=5157"}],"wp:featuredmedia":[{"embeddable":true,"href":"https:\/\/vizomix.hu\/en\/wp-json\/wp\/v2\/media\/5151"}],"wp:attachment":[{"href":"https:\/\/vizomix.hu\/en\/wp-json\/wp\/v2\/media?parent=5157"}],"wp:term":[{"taxonomy":"product_brand","embeddable":true,"href":"https:\/\/vizomix.hu\/en\/wp-json\/wp\/v2\/product_brand?post=5157"},{"taxonomy":"product_cat","embeddable":true,"href":"https:\/\/vizomix.hu\/en\/wp-json\/wp\/v2\/product_cat?post=5157"},{"taxonomy":"product_tag","embeddable":true,"href":"https:\/\/vizomix.hu\/en\/wp-json\/wp\/v2\/product_tag?post=5157"}],"curies":[{"name":"wp","href":"https:\/\/api.w.org\/{rel}","templated":true}]}}