{"id":5131,"date":"2026-03-06T09:35:59","date_gmt":"2026-03-06T08:35:59","guid":{"rendered":"https:\/\/vizomix.hu\/termek\/calvin-klein-fekete-magas-talpu-valodi-bor-sportcipo\/"},"modified":"2026-04-04T13:45:49","modified_gmt":"2026-04-04T11:45:49","slug":"calvin-klein-fekete-magas-talpu-valodi-bor-sportcipo","status":"publish","type":"product","link":"https:\/\/vizomix.hu\/en\/product\/calvin-klein-fekete-magas-talpu-valodi-bor-sportcipo\/","title":{"rendered":"Calvin Klein Jeans fekete magas talp\u00fa val\u00f3di b\u0151r sportcip\u0151"},"content":{"rendered":"<p>Calvin Klein Jeans fekete magas talp\u00fa val\u00f3di b\u0151r sportcip\u0151<\/p>\n<p>St\u00edlus \u00e9s k\u00e9nyelem egy cip\u0151ben. Ez a fekete, magas talp\u00fa Calvin Klein Jeans sportcip\u0151 val\u00f3di b\u0151rb\u0151l k\u00e9sz\u00fclt, \u00edgy tart\u00f3s viseletet \u00e9s pr\u00e9mium megjelen\u00e9st biztos\u00edt a mindennapokra. Modern kialak\u00edt\u00e1sa k\u00f6nnyen kombin\u00e1lhat\u00f3 sportos \u00e9s casual outfitekkel is.<br \/>\nM\u00e9retez\u00e9s: m\u00e9reth\u0171<\/p>","protected":false},"excerpt":{"rendered":"<p>Calvin Klein Jeans fekete magas talp\u00fa val\u00f3di b\u0151r sportcip\u0151 St\u00edlus \u00e9s k\u00e9nyelem egy cip\u0151ben. Ez a fekete, magas talp\u00fa Calvin<a class=\"read-more\" href=\"https:\/\/vizomix.hu\/en\/product\/calvin-klein-fekete-magas-talpu-valodi-bor-sportcipo\/\">Tov\u00e1bb<\/a><\/p>","protected":false},"featured_media":5557,"comment_status":"open","ping_status":"closed","template":"","meta":[],"product_brand":[78],"product_cat":[48],"product_tag":[],"class_list":{"0":"post-5131","1":"product","2":"type-product","3":"status-publish","4":"has-post-thumbnail","6":"product_brand-calvin-klein-jeans","7":"product_cat-cipok-sport-cipok-egyeb-cipok","9":"first","10":"instock","11":"taxable","12":"shipping-taxable","13":"purchasable","14":"product-type-variable","15":"add-to-wishlist-before_add_to_cart"},"supplier_id":null,"supplier_sku":"","barcode":null,"atum_controlled":true,"out_stock_date":null,"out_stock_threshold":null,"inheritable":false,"inbound_stock":0,"stock_on_hold":0,"sold_today":0,"sales_last_days":0,"reserved_stock":0,"customer_returns":0,"warehouse_damage":0,"lost_in_post":0,"other_logs":0,"out_stock_days":0,"lost_sales":0,"has_location":false,"update_date":"2026-04-04T11:45:50","atum_locations":[],"atum_stock_status":"instock","restock_status":false,"low_stock_amount":"","sales_update_date":"2026-03-17T19:15:08","calc_backorders":null,"_links":{"self":[{"href":"https:\/\/vizomix.hu\/en\/wp-json\/wp\/v2\/product\/5131","targetHints":{"allow":["GET"]}}],"collection":[{"href":"https:\/\/vizomix.hu\/en\/wp-json\/wp\/v2\/product"}],"about":[{"href":"https:\/\/vizomix.hu\/en\/wp-json\/wp\/v2\/types\/product"}],"replies":[{"embeddable":true,"href":"https:\/\/vizomix.hu\/en\/wp-json\/wp\/v2\/comments?post=5131"}],"wp:featuredmedia":[{"embeddable":true,"href":"https:\/\/vizomix.hu\/en\/wp-json\/wp\/v2\/media\/5557"}],"wp:attachment":[{"href":"https:\/\/vizomix.hu\/en\/wp-json\/wp\/v2\/media?parent=5131"}],"wp:term":[{"taxonomy":"product_brand","embeddable":true,"href":"https:\/\/vizomix.hu\/en\/wp-json\/wp\/v2\/product_brand?post=5131"},{"taxonomy":"product_cat","embeddable":true,"href":"https:\/\/vizomix.hu\/en\/wp-json\/wp\/v2\/product_cat?post=5131"},{"taxonomy":"product_tag","embeddable":true,"href":"https:\/\/vizomix.hu\/en\/wp-json\/wp\/v2\/product_tag?post=5131"}],"curies":[{"name":"wp","href":"https:\/\/api.w.org\/{rel}","templated":true}]}}