{"id":512,"date":"2026-02-10T15:47:20","date_gmt":"2026-02-10T14:47:20","guid":{"rendered":"https:\/\/vizomix.hu\/termek\/calvin-klein-noi-leggings\/"},"modified":"2026-03-18T13:22:06","modified_gmt":"2026-03-18T12:22:06","slug":"calvin-klein-noi-leggings","status":"publish","type":"product","link":"https:\/\/vizomix.hu\/en\/product\/calvin-klein-noi-leggings\/","title":{"rendered":"Calvin Klein black leggings"},"content":{"rendered":"<p>Calvin Klein n\u0151i leggings \u2013 slim fit, r\u00f3zsasz\u00edn log\u00f3val<\/p>\n<p>St\u00edlusos \u00e9s k\u00e9nyelmes leggings minden napra. Ez a slim fit kialak\u00edt\u00e1s\u00fa Calvin Klein leggings r\u00f3zsasz\u00edn sz\u00edn\u0171, testhez simul\u00f3 szab\u00e1s\u00fa, \u00edgy sportos \u00e9s n\u0151ies megjelen\u00e9st biztos\u00edt.<\/p>\n<p>A CK log\u00f3 a rugalmas der\u00e9kr\u00e9szen \u00e9s a sz\u00e1ron diszkr\u00e9ten, m\u00e9gis l\u00e1tv\u00e1nyosan jelzi a m\u00e1rk\u00e1t.<\/p>\n<p>Anyaga 90% poliamid, 9% elaszt\u00e1n \u00e9s 1% poli\u00e9szter, amely rugalmas, puha \u00e9s k\u00e9nyelmes viseletet biztos\u00edt mozg\u00e1s k\u00f6zben is. Ide\u00e1lis v\u00e1laszt\u00e1s sportol\u00e1shoz vagy h\u00e9tk\u00f6znapi szettekhez.<br \/>\nM\u00e9retez\u00e9s: m\u00e9reth\u0171<\/p>","protected":false},"excerpt":{"rendered":"<p>Calvin Klein n\u0151i leggings \u2013 slim fit, r\u00f3zsasz\u00edn log\u00f3val St\u00edlusos \u00e9s k\u00e9nyelmes leggings minden napra. Ez a slim fit kialak\u00edt\u00e1s\u00fa<a class=\"read-more\" href=\"https:\/\/vizomix.hu\/en\/product\/calvin-klein-noi-leggings\/\">Tov\u00e1bb<\/a><\/p>","protected":false},"featured_media":510,"comment_status":"open","ping_status":"closed","template":"","meta":[],"product_brand":[79],"product_cat":[41],"product_tag":[],"class_list":{"0":"post-512","1":"product","2":"type-product","3":"status-publish","4":"has-post-thumbnail","6":"product_brand-calvin-klein","7":"product_cat-hosszu-nadragok","9":"first","10":"instock","11":"taxable","12":"shipping-taxable","13":"purchasable","14":"product-type-variable","15":"add-to-wishlist-before_add_to_cart"},"supplier_id":null,"supplier_sku":"","barcode":null,"atum_controlled":true,"out_stock_date":null,"out_stock_threshold":null,"inheritable":false,"inbound_stock":0,"stock_on_hold":0,"sold_today":0,"sales_last_days":0,"reserved_stock":0,"customer_returns":0,"warehouse_damage":0,"lost_in_post":0,"other_logs":0,"out_stock_days":0,"lost_sales":0,"has_location":false,"update_date":"2026-03-18T12:22:07","atum_locations":[],"atum_stock_status":"instock","restock_status":false,"low_stock_amount":"","sales_update_date":"2026-03-17T19:15:19","calc_backorders":null,"_links":{"self":[{"href":"https:\/\/vizomix.hu\/en\/wp-json\/wp\/v2\/product\/512","targetHints":{"allow":["GET"]}}],"collection":[{"href":"https:\/\/vizomix.hu\/en\/wp-json\/wp\/v2\/product"}],"about":[{"href":"https:\/\/vizomix.hu\/en\/wp-json\/wp\/v2\/types\/product"}],"replies":[{"embeddable":true,"href":"https:\/\/vizomix.hu\/en\/wp-json\/wp\/v2\/comments?post=512"}],"wp:featuredmedia":[{"embeddable":true,"href":"https:\/\/vizomix.hu\/en\/wp-json\/wp\/v2\/media\/510"}],"wp:attachment":[{"href":"https:\/\/vizomix.hu\/en\/wp-json\/wp\/v2\/media?parent=512"}],"wp:term":[{"taxonomy":"product_brand","embeddable":true,"href":"https:\/\/vizomix.hu\/en\/wp-json\/wp\/v2\/product_brand?post=512"},{"taxonomy":"product_cat","embeddable":true,"href":"https:\/\/vizomix.hu\/en\/wp-json\/wp\/v2\/product_cat?post=512"},{"taxonomy":"product_tag","embeddable":true,"href":"https:\/\/vizomix.hu\/en\/wp-json\/wp\/v2\/product_tag?post=512"}],"curies":[{"name":"wp","href":"https:\/\/api.w.org\/{rel}","templated":true}]}}