{"id":504,"date":"2026-02-10T15:31:37","date_gmt":"2026-02-10T14:31:37","guid":{"rendered":"https:\/\/vizomix.hu\/termek\/tommy-hilfiger-ferfi-pulover\/"},"modified":"2026-03-18T13:22:06","modified_gmt":"2026-03-18T12:22:06","slug":"tommy-hilfiger-ferfi-pulover","status":"publish","type":"product","link":"https:\/\/vizomix.hu\/en\/product\/tommy-hilfiger-ferfi-pulover\/","title":{"rendered":"Tommy Hilfiger lime z\u00f6ld pul\u00f3ver"},"content":{"rendered":"<p>Tommy Hilfiger lime z\u00f6ld f\u00e9rfi pul\u00f3ver \u2013 norm\u00e1l fazon, kerek nyakkal, lime sz\u00ednben<\/p>\n<p>Friss \u00e9s st\u00edlusos alapdarab a mindennapokra. Ez a Tommy Hilfiger pul\u00f3ver norm\u00e1l szab\u00e1s\u00fa, lime sz\u00edn\u0171, kerek nyak\u00fa, \u00edgy k\u00e9nyelmes \u00e9s \u00e1polt megjelen\u00e9st biztos\u00edt.<\/p>\n<p>A mellkason \u00e9s a gall\u00e9r h\u00e1tulj\u00e1n tal\u00e1lhat\u00f3 log\u00f3k diszkr\u00e9ten, m\u00e9gis l\u00e1tv\u00e1nyosan hangs\u00falyozz\u00e1k a m\u00e1rk\u00e1t.<\/p>\n<p>Anyaga 100% pamut, puha, j\u00f3l szell\u0151z\u0151 \u00e9s eg\u00e9sz nap k\u00e9nyelmes viseletet biztos\u00edt. Farmerrel, chino nadr\u00e1ggal vagy h\u00e9tk\u00f6znapi szettek r\u00e9szek\u00e9nt egyar\u00e1nt hordhat\u00f3.<br \/>\nM\u00e9retez\u00e9s: m\u00e9reth\u0171<\/p>","protected":false},"excerpt":{"rendered":"<p>Tommy Hilfiger lime z\u00f6ld f\u00e9rfi pul\u00f3ver \u2013 norm\u00e1l fazon, kerek nyakkal, lime sz\u00ednben Friss \u00e9s st\u00edlusos alapdarab a mindennapokra. Ez<a class=\"read-more\" href=\"https:\/\/vizomix.hu\/en\/product\/tommy-hilfiger-ferfi-pulover\/\">Tov\u00e1bb<\/a><\/p>","protected":false},"featured_media":501,"comment_status":"open","ping_status":"closed","template":"","meta":[],"product_brand":[81],"product_cat":[24],"product_tag":[],"class_list":{"0":"post-504","1":"product","2":"type-product","3":"status-publish","4":"has-post-thumbnail","6":"product_brand-tommy-hilfiger","7":"product_cat-puloverek","9":"first","10":"instock","11":"taxable","12":"shipping-taxable","13":"purchasable","14":"product-type-variable","15":"add-to-wishlist-before_add_to_cart"},"supplier_id":null,"supplier_sku":"","barcode":null,"atum_controlled":true,"out_stock_date":null,"out_stock_threshold":null,"inheritable":false,"inbound_stock":0,"stock_on_hold":0,"sold_today":0,"sales_last_days":0,"reserved_stock":0,"customer_returns":0,"warehouse_damage":0,"lost_in_post":0,"other_logs":0,"out_stock_days":0,"lost_sales":0,"has_location":false,"update_date":"2026-03-18T12:22:07","atum_locations":[],"atum_stock_status":"instock","restock_status":false,"low_stock_amount":"","sales_update_date":"2026-03-17T19:15:19","calc_backorders":null,"_links":{"self":[{"href":"https:\/\/vizomix.hu\/en\/wp-json\/wp\/v2\/product\/504","targetHints":{"allow":["GET"]}}],"collection":[{"href":"https:\/\/vizomix.hu\/en\/wp-json\/wp\/v2\/product"}],"about":[{"href":"https:\/\/vizomix.hu\/en\/wp-json\/wp\/v2\/types\/product"}],"replies":[{"embeddable":true,"href":"https:\/\/vizomix.hu\/en\/wp-json\/wp\/v2\/comments?post=504"}],"wp:featuredmedia":[{"embeddable":true,"href":"https:\/\/vizomix.hu\/en\/wp-json\/wp\/v2\/media\/501"}],"wp:attachment":[{"href":"https:\/\/vizomix.hu\/en\/wp-json\/wp\/v2\/media?parent=504"}],"wp:term":[{"taxonomy":"product_brand","embeddable":true,"href":"https:\/\/vizomix.hu\/en\/wp-json\/wp\/v2\/product_brand?post=504"},{"taxonomy":"product_cat","embeddable":true,"href":"https:\/\/vizomix.hu\/en\/wp-json\/wp\/v2\/product_cat?post=504"},{"taxonomy":"product_tag","embeddable":true,"href":"https:\/\/vizomix.hu\/en\/wp-json\/wp\/v2\/product_tag?post=504"}],"curies":[{"name":"wp","href":"https:\/\/api.w.org\/{rel}","templated":true}]}}