{"id":4794,"date":"2026-02-27T00:53:18","date_gmt":"2026-02-26T23:53:18","guid":{"rendered":"https:\/\/vizomix.hu\/termek\/zara-fekete-hosszitott-75gyapju-tartalmu-szegecses-szovetkabat\/"},"modified":"2026-03-18T13:19:03","modified_gmt":"2026-03-18T12:19:03","slug":"zara-fekete-hosszitott-75gyapju-tartalmu-szegecses-szovetkabat","status":"publish","type":"product","link":"https:\/\/vizomix.hu\/en\/product\/zara-fekete-hosszitott-75gyapju-tartalmu-szegecses-szovetkabat\/","title":{"rendered":"Zara fekete hossz\u00edtott 75%gyapj\u00fa tartalm\u00fa szegecses sz\u00f6vetkab\u00e1t"},"content":{"rendered":"<p>Zara fekete hossz\u00edtott sz\u00f6vetkab\u00e1t \u2013 75% gyapj\u00fa tartalom, szegecses r\u00e9szletekkel<\/p>\n<p>St\u00edlusos \u00e9s min\u0151s\u00e9gi darab a h\u0171v\u00f6sebb id\u0151re. A 75% gyapj\u00fa tartalm\u00fa sz\u00f6vet meleg, k\u00e9nyelmes viseletet biztos\u00edt, a hossz\u00edtott fazon pedig eleg\u00e1ns, letisztult sziluettet ad.<\/p>\n<p>A szegecses r\u00e9szletek modern, karakteres hangs\u00falyt visznek az \u00f6sszhat\u00e1sba \u2013 t\u00f6k\u00e9letes v\u00e1laszt\u00e1s eleg\u00e1ns vagy vag\u00e1nyabb outfitekhez egyar\u00e1nt.<br \/>\nM\u00e9retez\u00e9s: m\u00e9reth\u0171<\/p>","protected":false},"excerpt":{"rendered":"<p>Zara fekete hossz\u00edtott sz\u00f6vetkab\u00e1t \u2013 75% gyapj\u00fa tartalom, szegecses r\u00e9szletekkel St\u00edlusos \u00e9s min\u0151s\u00e9gi darab a h\u0171v\u00f6sebb id\u0151re. A 75% gyapj\u00fa<a class=\"read-more\" href=\"https:\/\/vizomix.hu\/en\/product\/zara-fekete-hosszitott-75gyapju-tartalmu-szegecses-szovetkabat\/\">Tov\u00e1bb<\/a><\/p>","protected":false},"featured_media":4793,"comment_status":"open","ping_status":"closed","template":"","meta":[],"product_brand":[76],"product_cat":[23],"product_tag":[],"class_list":{"0":"post-4794","1":"product","2":"type-product","3":"status-publish","4":"has-post-thumbnail","6":"product_brand-zara","7":"product_cat-kabatok","9":"first","10":"instock","11":"taxable","12":"shipping-taxable","13":"purchasable","14":"product-type-variable","15":"add-to-wishlist-before_add_to_cart"},"supplier_id":null,"supplier_sku":"","barcode":null,"atum_controlled":true,"out_stock_date":null,"out_stock_threshold":null,"inheritable":false,"inbound_stock":0,"stock_on_hold":0,"sold_today":0,"sales_last_days":0,"reserved_stock":0,"customer_returns":0,"warehouse_damage":0,"lost_in_post":0,"other_logs":0,"out_stock_days":0,"lost_sales":0,"has_location":false,"update_date":"2026-03-18T12:19:05","atum_locations":[],"atum_stock_status":"instock","restock_status":false,"low_stock_amount":"","sales_update_date":"2026-03-17T19:15:08","calc_backorders":null,"_links":{"self":[{"href":"https:\/\/vizomix.hu\/en\/wp-json\/wp\/v2\/product\/4794","targetHints":{"allow":["GET"]}}],"collection":[{"href":"https:\/\/vizomix.hu\/en\/wp-json\/wp\/v2\/product"}],"about":[{"href":"https:\/\/vizomix.hu\/en\/wp-json\/wp\/v2\/types\/product"}],"replies":[{"embeddable":true,"href":"https:\/\/vizomix.hu\/en\/wp-json\/wp\/v2\/comments?post=4794"}],"wp:featuredmedia":[{"embeddable":true,"href":"https:\/\/vizomix.hu\/en\/wp-json\/wp\/v2\/media\/4793"}],"wp:attachment":[{"href":"https:\/\/vizomix.hu\/en\/wp-json\/wp\/v2\/media?parent=4794"}],"wp:term":[{"taxonomy":"product_brand","embeddable":true,"href":"https:\/\/vizomix.hu\/en\/wp-json\/wp\/v2\/product_brand?post=4794"},{"taxonomy":"product_cat","embeddable":true,"href":"https:\/\/vizomix.hu\/en\/wp-json\/wp\/v2\/product_cat?post=4794"},{"taxonomy":"product_tag","embeddable":true,"href":"https:\/\/vizomix.hu\/en\/wp-json\/wp\/v2\/product_tag?post=4794"}],"curies":[{"name":"wp","href":"https:\/\/api.w.org\/{rel}","templated":true}]}}