{"id":4788,"date":"2026-02-27T00:48:44","date_gmt":"2026-02-26T23:48:44","guid":{"rendered":"https:\/\/vizomix.hu\/termek\/zara-fekete-mubor-kantaros-ruha-arany-gombokkal\/"},"modified":"2026-03-18T13:19:03","modified_gmt":"2026-03-18T12:19:03","slug":"zara-fekete-mubor-kantaros-ruha-arany-gombokkal","status":"publish","type":"product","link":"https:\/\/vizomix.hu\/en\/product\/zara-fekete-mubor-kantaros-ruha-arany-gombokkal\/","title":{"rendered":"Zara fekete m\u0171b\u0151r kant\u00e1ros ruha arany gombokkal"},"content":{"rendered":"<p>Zara fekete m\u0171b\u0151r kant\u00e1ros ruha arany gombokkal<\/p>\n<p>Trendies \u00e9s n\u0151ies darab a felt\u0171n\u0151 megjelen\u00e9shez. A m\u0171b\u0151r anyag modern, karakteres hat\u00e1st ad, a kant\u00e1ros fazon pedig \u00e9rdekes, divatos sziluettet biztos\u00edt.<\/p>\n<p>Az arany gombok eleg\u00e1ns r\u00e9szletk\u00e9nt emelik ki \u2013 t\u00f6k\u00e9letes v\u00e1laszt\u00e1s esti outfitekhez vagy trendi alkalmakra.<br \/>\nM\u00e9retez\u00e9s: m\u00e9reth\u0171<\/p>","protected":false},"excerpt":{"rendered":"<p>Zara fekete m\u0171b\u0151r kant\u00e1ros ruha arany gombokkal Trendies \u00e9s n\u0151ies darab a felt\u0171n\u0151 megjelen\u00e9shez. A m\u0171b\u0151r anyag modern, karakteres hat\u00e1st<a class=\"read-more\" href=\"https:\/\/vizomix.hu\/en\/product\/zara-fekete-mubor-kantaros-ruha-arany-gombokkal\/\">Tov\u00e1bb<\/a><\/p>","protected":false},"featured_media":4785,"comment_status":"open","ping_status":"closed","template":"","meta":[],"product_brand":[76],"product_cat":[34],"product_tag":[],"class_list":{"0":"post-4788","1":"product","2":"type-product","3":"status-publish","4":"has-post-thumbnail","6":"product_brand-zara","7":"product_cat-rovid-ruhak-overalok","9":"first","10":"instock","11":"taxable","12":"shipping-taxable","13":"purchasable","14":"product-type-variable","15":"add-to-wishlist-before_add_to_cart"},"supplier_id":null,"supplier_sku":"","barcode":null,"atum_controlled":true,"out_stock_date":null,"out_stock_threshold":null,"inheritable":false,"inbound_stock":0,"stock_on_hold":0,"sold_today":0,"sales_last_days":0,"reserved_stock":0,"customer_returns":0,"warehouse_damage":0,"lost_in_post":0,"other_logs":0,"out_stock_days":0,"lost_sales":0,"has_location":false,"update_date":"2026-03-18T12:19:05","atum_locations":[],"atum_stock_status":"instock","restock_status":false,"low_stock_amount":"","sales_update_date":"2026-03-17T19:15:08","calc_backorders":null,"_links":{"self":[{"href":"https:\/\/vizomix.hu\/en\/wp-json\/wp\/v2\/product\/4788","targetHints":{"allow":["GET"]}}],"collection":[{"href":"https:\/\/vizomix.hu\/en\/wp-json\/wp\/v2\/product"}],"about":[{"href":"https:\/\/vizomix.hu\/en\/wp-json\/wp\/v2\/types\/product"}],"replies":[{"embeddable":true,"href":"https:\/\/vizomix.hu\/en\/wp-json\/wp\/v2\/comments?post=4788"}],"wp:featuredmedia":[{"embeddable":true,"href":"https:\/\/vizomix.hu\/en\/wp-json\/wp\/v2\/media\/4785"}],"wp:attachment":[{"href":"https:\/\/vizomix.hu\/en\/wp-json\/wp\/v2\/media?parent=4788"}],"wp:term":[{"taxonomy":"product_brand","embeddable":true,"href":"https:\/\/vizomix.hu\/en\/wp-json\/wp\/v2\/product_brand?post=4788"},{"taxonomy":"product_cat","embeddable":true,"href":"https:\/\/vizomix.hu\/en\/wp-json\/wp\/v2\/product_cat?post=4788"},{"taxonomy":"product_tag","embeddable":true,"href":"https:\/\/vizomix.hu\/en\/wp-json\/wp\/v2\/product_tag?post=4788"}],"curies":[{"name":"wp","href":"https:\/\/api.w.org\/{rel}","templated":true}]}}